{"id":176,"date":"2019-03-12T20:57:15","date_gmt":"2019-03-12T20:57:15","guid":{"rendered":"http:\/\/new.asalsports.org\/?page_id=176"},"modified":"2024-06-20T09:40:04","modified_gmt":"2024-06-20T09:40:04","slug":"giving-back-partners","status":"publish","type":"page","link":"https:\/\/asalsports.org\/es\/about\/giving-back-partners\/","title":{"rendered":"Servicios y socios"},"content":{"rendered":"<h2>FORMULARIO DE SOLICITUD<\/h2>\n<p>ASAL se compromete a apoyar los Objetivos de Desarrollo Sostenible, que son 17 objetivos mundiales dirigidos a reducir la pobreza, la desigualdad, el cambio clim\u00e1tico y la degradaci\u00f3n medioambiental, y a promover la prosperidad, la paz y la justicia. Nuestra organizaci\u00f3n pretende mejorar la calidad de la educaci\u00f3n y promover la igualdad de g\u00e9nero a trav\u00e9s del deporte y la educaci\u00f3n. Para 2025, esperamos ofrecer m\u00e1s de 10.000.000 de d\u00f3lares en becas a nuestros clientes, permiti\u00e9ndoles cursar estudios superiores en universidades de todo Estados Unidos.<\/p>\n<h3>BECA AMADOU DOUMBIA<br \/>\n<\/h3>\n<p>La beca Amadou Doumbia es una beca conmemorativa destinada a ayudar a estudiantes y deportistas desfavorecidos de pa\u00edses del Tercer Mundo y en desarrollo a proseguir sus estudios universitarios y sus actividades deportivas.<\/p>\n<p><b>Requisitos para los candidatos<\/b><\/p>\n<ul>\n<li style=\"font-weight: 400;\" aria-level=\"1\">Tener una necesidad econ\u00f3mica real (programa nacional de comedores escolares, asistencia social o prueba fiscal).<\/li>\n<li style=\"font-weight: 400;\" aria-level=\"1\">Env\u00ede su curr\u00edculum vitae<\/li>\n<li style=\"font-weight: 400;\" aria-level=\"1\">Presentaci\u00f3n del expediente acad\u00e9mico\/prueba de nivel\u00a0<\/li>\n<li style=\"font-weight: 400;\" aria-level=\"1\">Tres cartas de recomendaci\u00f3n<\/li>\n<\/ul>\n<p>\t\t\t<a href=\"https:\/\/form.jotform.com\/233028797075161\" target=\"_blank\" rel=\"noopener\"><br \/>\n\t\t\t\t\t\tSOLICITAR AHORA<br \/>\n\t\t\t\t\t<\/a><\/p>\n<h3>CAMPA\u00d1A DE MANTENIMIENTO DE LA PAZ<br \/>\n<\/h3>\n<p>La campa\u00f1a Keep the Peace se centra en donar equipamiento, servicios, entrenamiento, educaci\u00f3n y becas a ni\u00f1os desfavorecidos de todo el mundo. Nuestra estrategia global pretende abordar las tasas de abandono escolar, la falta de equipamiento y recursos deportivos y la igualdad de g\u00e9nero. <\/p>\n<h3>C\u00d3MO AYUDAR<br \/>\n<\/h3>\n<p><strong>DONACIONES<\/strong><br \/>Recursos : Patrocinio, asociaciones, becas, voluntariado, material deportivo, libros y dinero.<\/p>\n<p><strong>ASOCIACI\u00d3N, RECAUDACI\u00d3N DE FONDOS Y DONACIONES<\/strong><br \/>Tanto si es usted un particular como una empresa, puede apoyar nuestra misi\u00f3n y visi\u00f3n ayud\u00e1ndonos a recaudar fondos y organizando campa\u00f1as de donaci\u00f3n.<\/p>\n<p><strong>VOLUNTARIO\/FORMADOR<\/strong><br \/>Puedes hacer voluntariado o pr\u00e1cticas en uno de nuestros centros de Brasil, Sud\u00e1frica o Ghana. Es una forma estupenda de adquirir experiencia de primera mano y dejar huella en personas, organizaciones y, simplemente, ayudar a los dem\u00e1s.<\/p>\n<p>\t\t\t<a href=\"https:\/\/form.jotform.com\/233028797075161\" target=\"_blank\" rel=\"noopener\"><br \/>\n\t\t\t\t\t\tSOLICITAR AHORA<br \/>\n\t\t\t\t\t<\/a><\/p>\n<h3>Comp\u00e1rtenos en:<\/h3>\n<p>\t\t\t\t\t\t\t\t\t\tFacebook<br \/>\n\t\t\t\t\t\t\t\t\t\tTwitter<br \/>\n\t\t\t\t\t\t\t\t\t\tLinkedIn<br \/>\n\t\t\t\t\t\t\t\t\t\tWhatsApp<\/p>","protected":false},"excerpt":{"rendered":"<p>APPLICATION FORM ASAL is dedicated to supporting the Sustainable Development Goals, which are 17 global goals aimed at reducing poverty, inequality, climate change, and environmental degradation, and promoting prosperity, peace, and justice. Our organization aims to improve quality education and foster gender equality through sports and education. By 2025, we hope to provide scholarships worth [&hellip;]<\/p>","protected":false},"author":1,"featured_media":0,"parent":10,"menu_order":0,"comment_status":"closed","ping_status":"closed","template":"","meta":{"_acf_changed":false,"_monsterinsights_skip_tracking":false,"_monsterinsights_sitenote_active":false,"_monsterinsights_sitenote_note":"","_monsterinsights_sitenote_category":0,"pgc_sgb_lightbox_settings":"","footnotes":""},"class_list":["post-176","page","type-page","status-publish","hentry"],"acf":[],"yoast_head":"<!-- This site is optimized with the Yoast SEO Premium plugin v22.0 (Yoast SEO v27.4) - https:\/\/yoast.com\/product\/yoast-seo-premium-wordpress\/ -->\n<title>The ASAL Sports Focuses on Quality Education &amp; Scholarships<\/title>\n<meta name=\"description\" content=\"ASAL organization focuses on quality education (#4) &amp; gender equality (#5) through sports, education &amp; scholarships from Universities.\" \/>\n<meta name=\"robots\" content=\"index, follow, max-snippet:-1, max-image-preview:large, max-video-preview:-1\" \/>\n<link rel=\"canonical\" href=\"https:\/\/asalsports.org\/es\/about\/giving-back-partners\/\" \/>\n<meta property=\"og:locale\" content=\"es_ES\" \/>\n<meta property=\"og:type\" content=\"article\" \/>\n<meta property=\"og:title\" content=\"The ASAL Sports Focuses on Quality Education &amp; Scholarships\" \/>\n<meta property=\"og:description\" content=\"ASAL organization focuses on quality education (#4) &amp; gender equality (#5) through sports, education &amp; scholarships from Universities.\" \/>\n<meta property=\"og:url\" content=\"https:\/\/asalsports.org\/es\/about\/giving-back-partners\/\" \/>\n<meta property=\"og:site_name\" content=\"USA University placement, Pro soccer tryouts &amp; International Tournaments\" \/>\n<meta property=\"article:publisher\" content=\"https:\/\/www.facebook.com\/Asalsports\/\" \/>\n<meta property=\"article:modified_time\" content=\"2024-06-20T09:40:04+00:00\" \/>\n<meta property=\"og:image\" content=\"https:\/\/asalsports.org\/wp-content\/uploads\/2019\/03\/title-image-1.jpg\" \/>\n\t<meta property=\"og:image:width\" content=\"463\" \/>\n\t<meta property=\"og:image:height\" content=\"330\" \/>\n\t<meta property=\"og:image:type\" content=\"image\/jpeg\" \/>\n<meta name=\"twitter:card\" content=\"summary_large_image\" \/>\n<meta name=\"twitter:title\" content=\"The ASAL Sports Focuses on Quality Education &amp; Scholarships\" \/>\n<meta name=\"twitter:description\" content=\"ASAL organization focuses on quality education (#4) &amp; gender equality (#5) through sports, education &amp; scholarships from Universities.\" \/>\n<meta name=\"twitter:site\" content=\"@ASAL_USA_\" \/>\n<meta name=\"twitter:label1\" content=\"Tiempo de lectura\" \/>\n\t<meta name=\"twitter:data1\" content=\"2 minutos\" \/>\n<script type=\"application\/ld+json\" class=\"yoast-schema-graph\">{\"@context\":\"https:\\\/\\\/schema.org\",\"@graph\":[{\"@type\":\"WebPage\",\"@id\":\"https:\\\/\\\/asalsports.org\\\/about\\\/giving-back-partners\\\/\",\"url\":\"https:\\\/\\\/asalsports.org\\\/about\\\/giving-back-partners\\\/\",\"name\":\"The ASAL Sports Focuses on Quality Education & Scholarships\",\"isPartOf\":{\"@id\":\"https:\\\/\\\/asalsports.org\\\/#website\"},\"datePublished\":\"2019-03-12T20:57:15+00:00\",\"dateModified\":\"2024-06-20T09:40:04+00:00\",\"description\":\"ASAL organization focuses on quality education (#4) & gender equality (#5) through sports, education & scholarships from Universities.\",\"breadcrumb\":{\"@id\":\"https:\\\/\\\/asalsports.org\\\/about\\\/giving-back-partners\\\/#breadcrumb\"},\"inLanguage\":\"es\",\"potentialAction\":[{\"@type\":\"ReadAction\",\"target\":[\"https:\\\/\\\/asalsports.org\\\/about\\\/giving-back-partners\\\/\"]}]},{\"@type\":\"BreadcrumbList\",\"@id\":\"https:\\\/\\\/asalsports.org\\\/about\\\/giving-back-partners\\\/#breadcrumb\",\"itemListElement\":[{\"@type\":\"ListItem\",\"position\":1,\"name\":\"Home\",\"item\":\"https:\\\/\\\/asalsports.org\\\/\"},{\"@type\":\"ListItem\",\"position\":2,\"name\":\"About\",\"item\":\"https:\\\/\\\/asalsports.org\\\/?page_id=10\"},{\"@type\":\"ListItem\",\"position\":3,\"name\":\"Giving Back &#038; Partners\"}]},{\"@type\":\"WebSite\",\"@id\":\"https:\\\/\\\/asalsports.org\\\/#website\",\"url\":\"https:\\\/\\\/asalsports.org\\\/\",\"name\":\"University Scholarships, International Tournaments & Pro soccer tryouts\",\"description\":\"NCAA, NAIA, NJCAA University placement service, pro soccer tryouts, International soccer tournaments and video services.\",\"publisher\":{\"@id\":\"https:\\\/\\\/asalsports.org\\\/#organization\"},\"alternateName\":\"ASAL Sports - Get Scholarships\",\"potentialAction\":[{\"@type\":\"SearchAction\",\"target\":{\"@type\":\"EntryPoint\",\"urlTemplate\":\"https:\\\/\\\/asalsports.org\\\/?s={search_term_string}\"},\"query-input\":{\"@type\":\"PropertyValueSpecification\",\"valueRequired\":true,\"valueName\":\"search_term_string\"}}],\"inLanguage\":\"es\"},{\"@type\":\"Organization\",\"@id\":\"https:\\\/\\\/asalsports.org\\\/#organization\",\"name\":\"Asal Sports\",\"url\":\"https:\\\/\\\/asalsports.org\\\/\",\"logo\":{\"@type\":\"ImageObject\",\"inLanguage\":\"es\",\"@id\":\"https:\\\/\\\/asalsports.org\\\/#\\\/schema\\\/logo\\\/image\\\/\",\"url\":\"https:\\\/\\\/asalsports.org\\\/wp-content\\\/uploads\\\/2024\\\/01\\\/ASAL-Logo.png\",\"contentUrl\":\"https:\\\/\\\/asalsports.org\\\/wp-content\\\/uploads\\\/2024\\\/01\\\/ASAL-Logo.png\",\"width\":2831,\"height\":1452,\"caption\":\"Asal Sports\"},\"image\":{\"@id\":\"https:\\\/\\\/asalsports.org\\\/#\\\/schema\\\/logo\\\/image\\\/\"},\"sameAs\":[\"https:\\\/\\\/www.facebook.com\\\/Asalsports\\\/\",\"https:\\\/\\\/x.com\\\/ASAL_USA_\",\"https:\\\/\\\/www.youtube.com\\\/channel\\\/UCd9xaVNDj2LlVHeTpBeBeOQ\",\"https:\\\/\\\/www.linkedin.com\\\/company\\\/american-student-athlete-logistics\",\"https:\\\/\\\/www.instagram.com\\\/asalsports\\\/\"]}]}<\/script>\n<!-- \/ Yoast SEO Premium plugin. -->","yoast_head_json":{"title":"The ASAL Sports Focuses on Quality Education & Scholarships","description":"ASAL organization focuses on quality education (#4) & gender equality (#5) through sports, education & scholarships from Universities.","robots":{"index":"index","follow":"follow","max-snippet":"max-snippet:-1","max-image-preview":"max-image-preview:large","max-video-preview":"max-video-preview:-1"},"canonical":"https:\/\/asalsports.org\/es\/about\/giving-back-partners\/","og_locale":"es_ES","og_type":"article","og_title":"The ASAL Sports Focuses on Quality Education & Scholarships","og_description":"ASAL organization focuses on quality education (#4) & gender equality (#5) through sports, education & scholarships from Universities.","og_url":"https:\/\/asalsports.org\/es\/about\/giving-back-partners\/","og_site_name":"USA University placement, Pro soccer tryouts &amp; International Tournaments","article_publisher":"https:\/\/www.facebook.com\/Asalsports\/","article_modified_time":"2024-06-20T09:40:04+00:00","og_image":[{"width":463,"height":330,"url":"https:\/\/asalsports.org\/wp-content\/uploads\/2019\/03\/title-image-1.jpg","type":"image\/jpeg"}],"twitter_card":"summary_large_image","twitter_title":"The ASAL Sports Focuses on Quality Education & Scholarships","twitter_description":"ASAL organization focuses on quality education (#4) & gender equality (#5) through sports, education & scholarships from Universities.","twitter_site":"@ASAL_USA_","twitter_misc":{"Tiempo de lectura":"2 minutos"},"schema":{"@context":"https:\/\/schema.org","@graph":[{"@type":"WebPage","@id":"https:\/\/asalsports.org\/about\/giving-back-partners\/","url":"https:\/\/asalsports.org\/about\/giving-back-partners\/","name":"The ASAL Sports Focuses on Quality Education & Scholarships","isPartOf":{"@id":"https:\/\/asalsports.org\/#website"},"datePublished":"2019-03-12T20:57:15+00:00","dateModified":"2024-06-20T09:40:04+00:00","description":"ASAL organization focuses on quality education (#4) & gender equality (#5) through sports, education & scholarships from Universities.","breadcrumb":{"@id":"https:\/\/asalsports.org\/about\/giving-back-partners\/#breadcrumb"},"inLanguage":"es","potentialAction":[{"@type":"ReadAction","target":["https:\/\/asalsports.org\/about\/giving-back-partners\/"]}]},{"@type":"BreadcrumbList","@id":"https:\/\/asalsports.org\/about\/giving-back-partners\/#breadcrumb","itemListElement":[{"@type":"ListItem","position":1,"name":"Home","item":"https:\/\/asalsports.org\/"},{"@type":"ListItem","position":2,"name":"About","item":"https:\/\/asalsports.org\/?page_id=10"},{"@type":"ListItem","position":3,"name":"Giving Back &#038; Partners"}]},{"@type":"WebSite","@id":"https:\/\/asalsports.org\/#website","url":"https:\/\/asalsports.org\/","name":"University Scholarships, International Tournaments & Pro soccer tryouts","description":"NCAA, NAIA, NJCAA University placement service, pro soccer tryouts, International soccer tournaments and video services.","publisher":{"@id":"https:\/\/asalsports.org\/#organization"},"alternateName":"ASAL Sports - Get Scholarships","potentialAction":[{"@type":"SearchAction","target":{"@type":"EntryPoint","urlTemplate":"https:\/\/asalsports.org\/?s={search_term_string}"},"query-input":{"@type":"PropertyValueSpecification","valueRequired":true,"valueName":"search_term_string"}}],"inLanguage":"es"},{"@type":"Organization","@id":"https:\/\/asalsports.org\/#organization","name":"Asal Sports","url":"https:\/\/asalsports.org\/","logo":{"@type":"ImageObject","inLanguage":"es","@id":"https:\/\/asalsports.org\/#\/schema\/logo\/image\/","url":"https:\/\/asalsports.org\/wp-content\/uploads\/2024\/01\/ASAL-Logo.png","contentUrl":"https:\/\/asalsports.org\/wp-content\/uploads\/2024\/01\/ASAL-Logo.png","width":2831,"height":1452,"caption":"Asal Sports"},"image":{"@id":"https:\/\/asalsports.org\/#\/schema\/logo\/image\/"},"sameAs":["https:\/\/www.facebook.com\/Asalsports\/","https:\/\/x.com\/ASAL_USA_","https:\/\/www.youtube.com\/channel\/UCd9xaVNDj2LlVHeTpBeBeOQ","https:\/\/www.linkedin.com\/company\/american-student-athlete-logistics","https:\/\/www.instagram.com\/asalsports\/"]}]}},"_links":{"self":[{"href":"https:\/\/asalsports.org\/es\/wp-json\/wp\/v2\/pages\/176","targetHints":{"allow":["GET"]}}],"collection":[{"href":"https:\/\/asalsports.org\/es\/wp-json\/wp\/v2\/pages"}],"about":[{"href":"https:\/\/asalsports.org\/es\/wp-json\/wp\/v2\/types\/page"}],"author":[{"embeddable":true,"href":"https:\/\/asalsports.org\/es\/wp-json\/wp\/v2\/users\/1"}],"replies":[{"embeddable":true,"href":"https:\/\/asalsports.org\/es\/wp-json\/wp\/v2\/comments?post=176"}],"version-history":[{"count":0,"href":"https:\/\/asalsports.org\/es\/wp-json\/wp\/v2\/pages\/176\/revisions"}],"up":[{"embeddable":true,"href":"https:\/\/asalsports.org\/es\/wp-json\/wp\/v2\/pages\/10"}],"wp:attachment":[{"href":"https:\/\/asalsports.org\/es\/wp-json\/wp\/v2\/media?parent=176"}],"curies":[{"name":"wp","href":"https:\/\/api.w.org\/{rel}","templated":true}]}}