{"id":3338,"date":"2021-04-08T20:53:23","date_gmt":"2021-04-08T20:53:23","guid":{"rendered":"https:\/\/asalsports.org\/?post_type=product&#038;p=3338"},"modified":"2024-03-04T04:01:51","modified_gmt":"2024-03-04T04:01:51","slug":"full-game-full-record","status":"publish","type":"product","link":"https:\/\/asalsports.org\/es\/producto\/full-game-full-record\/","title":{"rendered":"Grabaci\u00f3n de v\u00eddeo durante el juego"},"content":{"rendered":"<p>Nuestros servicios de v\u00eddeo de partidos completos son esenciales para reclutar jugadores, crear perfiles de jugadores y mejorar el rendimiento. Ofrecemos v\u00eddeos de partidos completos, an\u00e1lisis de partidos, v\u00eddeos de entrevistas y v\u00eddeos de momentos destacados.<\/p>","protected":false},"excerpt":{"rendered":"<p>Nuestros servicios de v\u00eddeo de partidos completos son esenciales para la contrataci\u00f3n de jugadores, la creaci\u00f3n de perfiles y la mejora del rendimiento. Ofrecemos v\u00eddeos de partidos completos, an\u00e1lisis de partidos, entrevistas y v\u00eddeos de momentos destacados.<\/p>","protected":false},"featured_media":3640,"comment_status":"open","ping_status":"closed","template":"","meta":{"_acf_changed":false,"_monsterinsights_skip_tracking":false,"_monsterinsights_sitenote_active":false,"_monsterinsights_sitenote_note":"","_monsterinsights_sitenote_category":0,"pgc_sgb_lightbox_settings":""},"product_brand":[],"product_cat":[23],"product_tag":[318,320,319,317],"class_list":{"0":"post-3338","1":"product","2":"type-product","3":"status-publish","4":"has-post-thumbnail","6":"product_cat-video","7":"product_tag-camera","8":"product_tag-capture-video","9":"product_tag-rent-camera","10":"product_tag-video","12":"first","13":"instock","14":"taxable","15":"shipping-taxable","16":"purchasable","17":"product-type-variable","18":"has-default-attributes"},"acf":[],"yoast_head":"<!-- This site is optimized with the Yoast SEO Premium plugin v22.0 (Yoast SEO v27.3) - https:\/\/yoast.com\/product\/yoast-seo-premium-wordpress\/ -->\n<title>Rent Camera for Panoramic Video with AI Detects Goals<\/title>\n<meta name=\"description\" content=\"Rent Camera with + 4 hours battery, lenses 2 x 4K, panoramic video, AI + 180 degrees camera, draw on screen, &amp; tag players in highlights\" \/>\n<meta name=\"robots\" content=\"index, follow, max-snippet:-1, max-image-preview:large, max-video-preview:-1\" \/>\n<link rel=\"canonical\" href=\"https:\/\/asalsports.org\/es\/producto\/full-game-full-record\/\" \/>\n<meta property=\"og:locale\" content=\"es_ES\" \/>\n<meta property=\"og:type\" content=\"article\" \/>\n<meta property=\"og:title\" content=\"Rent Camera for Panoramic Video with AI Detects Goals\" \/>\n<meta property=\"og:description\" content=\"Rent Camera with + 4 hours battery, lenses 2 x 4K, panoramic video, AI + 180 degrees camera, draw on screen, &amp; tag players in highlights\" \/>\n<meta property=\"og:url\" content=\"https:\/\/asalsports.org\/es\/producto\/full-game-full-record\/\" \/>\n<meta property=\"og:site_name\" content=\"USA University placement, Pro soccer tryouts &amp; International Tournaments\" \/>\n<meta property=\"article:publisher\" content=\"https:\/\/www.facebook.com\/Asalsports\/\" \/>\n<meta property=\"article:modified_time\" content=\"2024-03-04T04:01:51+00:00\" \/>\n<meta property=\"og:image\" content=\"https:\/\/asalsports.org\/wp-content\/uploads\/2021\/04\/product-image-1-500x300-3.png\" \/>\n\t<meta property=\"og:image:width\" content=\"580\" \/>\n\t<meta property=\"og:image:height\" content=\"460\" \/>\n\t<meta property=\"og:image:type\" content=\"image\/png\" \/>\n<meta name=\"twitter:card\" content=\"summary_large_image\" \/>\n<meta name=\"twitter:title\" content=\"Rent Camera for Panoramic Video with AI Detects Goals\" \/>\n<meta name=\"twitter:description\" content=\"Rent Camera with + 4 hours battery, lenses 2 x 4K, panoramic video, AI + 180 degrees camera, draw on screen, &amp; tag players in highlights\" \/>\n<meta name=\"twitter:site\" content=\"@ASAL_USA_\" \/>\n<meta name=\"twitter:label1\" content=\"Disponibilidad\" \/>\n\t<meta name=\"twitter:data1\" content=\"Disponible\" \/>\n<script type=\"application\/ld+json\" class=\"yoast-schema-graph\">{\"@context\":\"https:\\\/\\\/schema.org\",\"@graph\":[{\"@type\":\"WebPage\",\"@id\":\"https:\\\/\\\/asalsports.org\\\/product\\\/full-game-full-record\\\/\",\"url\":\"https:\\\/\\\/asalsports.org\\\/product\\\/full-game-full-record\\\/\",\"name\":\"Rent Camera for Panoramic Video with AI Detects Goals\",\"isPartOf\":{\"@id\":\"https:\\\/\\\/asalsports.org\\\/#website\"},\"primaryImageOfPage\":{\"@id\":\"https:\\\/\\\/asalsports.org\\\/product\\\/full-game-full-record\\\/#primaryimage\"},\"image\":{\"@id\":\"https:\\\/\\\/asalsports.org\\\/product\\\/full-game-full-record\\\/#primaryimage\"},\"thumbnailUrl\":\"https:\\\/\\\/asalsports.org\\\/wp-content\\\/uploads\\\/2021\\\/04\\\/product-image-1-500x300-3.png\",\"datePublished\":\"2021-04-08T20:53:23+00:00\",\"dateModified\":\"2024-03-04T04:01:51+00:00\",\"description\":\"Rent Camera with + 4 hours battery, lenses 2 x 4K, panoramic video, AI + 180 degrees camera, draw on screen, & tag players in highlights\",\"breadcrumb\":{\"@id\":\"https:\\\/\\\/asalsports.org\\\/product\\\/full-game-full-record\\\/#breadcrumb\"},\"inLanguage\":\"es\",\"potentialAction\":[{\"@type\":\"ReadAction\",\"target\":[\"https:\\\/\\\/asalsports.org\\\/product\\\/full-game-full-record\\\/\"]}]},{\"@type\":\"ImageObject\",\"inLanguage\":\"es\",\"@id\":\"https:\\\/\\\/asalsports.org\\\/product\\\/full-game-full-record\\\/#primaryimage\",\"url\":\"https:\\\/\\\/asalsports.org\\\/wp-content\\\/uploads\\\/2021\\\/04\\\/product-image-1-500x300-3.png\",\"contentUrl\":\"https:\\\/\\\/asalsports.org\\\/wp-content\\\/uploads\\\/2021\\\/04\\\/product-image-1-500x300-3.png\",\"width\":580,\"height\":460,\"caption\":\"Rent Camera for Panoramic Video with AI Detects Goals\"},{\"@type\":\"BreadcrumbList\",\"@id\":\"https:\\\/\\\/asalsports.org\\\/product\\\/full-game-full-record\\\/#breadcrumb\",\"itemListElement\":[{\"@type\":\"ListItem\",\"position\":1,\"name\":\"Home\",\"item\":\"https:\\\/\\\/asalsports.org\\\/\"},{\"@type\":\"ListItem\",\"position\":2,\"name\":\"Shop\",\"item\":\"https:\\\/\\\/asalsports.org\\\/about\\\/shop\\\/\"},{\"@type\":\"ListItem\",\"position\":3,\"name\":\"Full Game video recording\"}]},{\"@type\":\"WebSite\",\"@id\":\"https:\\\/\\\/asalsports.org\\\/#website\",\"url\":\"https:\\\/\\\/asalsports.org\\\/\",\"name\":\"University Scholarships, International Tournaments & Pro soccer tryouts\",\"description\":\"NCAA, NAIA, NJCAA University placement service, pro soccer tryouts, International soccer tournaments and video services.\",\"publisher\":{\"@id\":\"https:\\\/\\\/asalsports.org\\\/#organization\"},\"alternateName\":\"ASAL Sports - Get Scholarships\",\"potentialAction\":[{\"@type\":\"SearchAction\",\"target\":{\"@type\":\"EntryPoint\",\"urlTemplate\":\"https:\\\/\\\/asalsports.org\\\/?s={search_term_string}\"},\"query-input\":{\"@type\":\"PropertyValueSpecification\",\"valueRequired\":true,\"valueName\":\"search_term_string\"}}],\"inLanguage\":\"es\"},{\"@type\":\"Organization\",\"@id\":\"https:\\\/\\\/asalsports.org\\\/#organization\",\"name\":\"Asal Sports\",\"url\":\"https:\\\/\\\/asalsports.org\\\/\",\"logo\":{\"@type\":\"ImageObject\",\"inLanguage\":\"es\",\"@id\":\"https:\\\/\\\/asalsports.org\\\/#\\\/schema\\\/logo\\\/image\\\/\",\"url\":\"https:\\\/\\\/asalsports.org\\\/wp-content\\\/uploads\\\/2024\\\/01\\\/ASAL-Logo.png\",\"contentUrl\":\"https:\\\/\\\/asalsports.org\\\/wp-content\\\/uploads\\\/2024\\\/01\\\/ASAL-Logo.png\",\"width\":2831,\"height\":1452,\"caption\":\"Asal Sports\"},\"image\":{\"@id\":\"https:\\\/\\\/asalsports.org\\\/#\\\/schema\\\/logo\\\/image\\\/\"},\"sameAs\":[\"https:\\\/\\\/www.facebook.com\\\/Asalsports\\\/\",\"https:\\\/\\\/x.com\\\/ASAL_USA_\",\"https:\\\/\\\/www.youtube.com\\\/channel\\\/UCd9xaVNDj2LlVHeTpBeBeOQ\",\"https:\\\/\\\/www.linkedin.com\\\/company\\\/american-student-athlete-logistics\",\"https:\\\/\\\/www.instagram.com\\\/asalsports\\\/\"]}]}<\/script>\n<meta property=\"og:availability\" content=\"instock\" \/>\n<meta property=\"product:availability\" content=\"instock\" \/>\n<meta property=\"product:retailer_item_id\" content=\"RecordVideo\" \/>\n<meta property=\"product:condition\" content=\"new\" \/>\n<!-- \/ Yoast SEO Premium plugin. -->","yoast_head_json":{"title":"Rent Camera for Panoramic Video with AI Detects Goals","description":"Rent Camera with + 4 hours battery, lenses 2 x 4K, panoramic video, AI + 180 degrees camera, draw on screen, & tag players in highlights","robots":{"index":"index","follow":"follow","max-snippet":"max-snippet:-1","max-image-preview":"max-image-preview:large","max-video-preview":"max-video-preview:-1"},"canonical":"https:\/\/asalsports.org\/es\/producto\/full-game-full-record\/","og_locale":"es_ES","og_type":"article","og_title":"Rent Camera for Panoramic Video with AI Detects Goals","og_description":"Rent Camera with + 4 hours battery, lenses 2 x 4K, panoramic video, AI + 180 degrees camera, draw on screen, & tag players in highlights","og_url":"https:\/\/asalsports.org\/es\/producto\/full-game-full-record\/","og_site_name":"USA University placement, Pro soccer tryouts &amp; International Tournaments","article_publisher":"https:\/\/www.facebook.com\/Asalsports\/","article_modified_time":"2024-03-04T04:01:51+00:00","og_image":[{"width":580,"height":460,"url":"https:\/\/asalsports.org\/wp-content\/uploads\/2021\/04\/product-image-1-500x300-3.png","type":"image\/png"}],"twitter_card":"summary_large_image","twitter_title":"Rent Camera for Panoramic Video with AI Detects Goals","twitter_description":"Rent Camera with + 4 hours battery, lenses 2 x 4K, panoramic video, AI + 180 degrees camera, draw on screen, & tag players in highlights","twitter_site":"@ASAL_USA_","twitter_misc":{"Disponibilidad":"Disponible"},"schema":{"@context":"https:\/\/schema.org","@graph":[{"@type":"WebPage","@id":"https:\/\/asalsports.org\/product\/full-game-full-record\/","url":"https:\/\/asalsports.org\/product\/full-game-full-record\/","name":"Rent Camera for Panoramic Video with AI Detects Goals","isPartOf":{"@id":"https:\/\/asalsports.org\/#website"},"primaryImageOfPage":{"@id":"https:\/\/asalsports.org\/product\/full-game-full-record\/#primaryimage"},"image":{"@id":"https:\/\/asalsports.org\/product\/full-game-full-record\/#primaryimage"},"thumbnailUrl":"https:\/\/asalsports.org\/wp-content\/uploads\/2021\/04\/product-image-1-500x300-3.png","datePublished":"2021-04-08T20:53:23+00:00","dateModified":"2024-03-04T04:01:51+00:00","description":"Rent Camera with + 4 hours battery, lenses 2 x 4K, panoramic video, AI + 180 degrees camera, draw on screen, & tag players in highlights","breadcrumb":{"@id":"https:\/\/asalsports.org\/product\/full-game-full-record\/#breadcrumb"},"inLanguage":"es","potentialAction":[{"@type":"ReadAction","target":["https:\/\/asalsports.org\/product\/full-game-full-record\/"]}]},{"@type":"ImageObject","inLanguage":"es","@id":"https:\/\/asalsports.org\/product\/full-game-full-record\/#primaryimage","url":"https:\/\/asalsports.org\/wp-content\/uploads\/2021\/04\/product-image-1-500x300-3.png","contentUrl":"https:\/\/asalsports.org\/wp-content\/uploads\/2021\/04\/product-image-1-500x300-3.png","width":580,"height":460,"caption":"Rent Camera for Panoramic Video with AI Detects Goals"},{"@type":"BreadcrumbList","@id":"https:\/\/asalsports.org\/product\/full-game-full-record\/#breadcrumb","itemListElement":[{"@type":"ListItem","position":1,"name":"Home","item":"https:\/\/asalsports.org\/"},{"@type":"ListItem","position":2,"name":"Shop","item":"https:\/\/asalsports.org\/about\/shop\/"},{"@type":"ListItem","position":3,"name":"Full Game video recording"}]},{"@type":"WebSite","@id":"https:\/\/asalsports.org\/#website","url":"https:\/\/asalsports.org\/","name":"University Scholarships, International Tournaments & Pro soccer tryouts","description":"NCAA, NAIA, NJCAA University placement service, pro soccer tryouts, International soccer tournaments and video services.","publisher":{"@id":"https:\/\/asalsports.org\/#organization"},"alternateName":"ASAL Sports - Get Scholarships","potentialAction":[{"@type":"SearchAction","target":{"@type":"EntryPoint","urlTemplate":"https:\/\/asalsports.org\/?s={search_term_string}"},"query-input":{"@type":"PropertyValueSpecification","valueRequired":true,"valueName":"search_term_string"}}],"inLanguage":"es"},{"@type":"Organization","@id":"https:\/\/asalsports.org\/#organization","name":"Asal Sports","url":"https:\/\/asalsports.org\/","logo":{"@type":"ImageObject","inLanguage":"es","@id":"https:\/\/asalsports.org\/#\/schema\/logo\/image\/","url":"https:\/\/asalsports.org\/wp-content\/uploads\/2024\/01\/ASAL-Logo.png","contentUrl":"https:\/\/asalsports.org\/wp-content\/uploads\/2024\/01\/ASAL-Logo.png","width":2831,"height":1452,"caption":"Asal Sports"},"image":{"@id":"https:\/\/asalsports.org\/#\/schema\/logo\/image\/"},"sameAs":["https:\/\/www.facebook.com\/Asalsports\/","https:\/\/x.com\/ASAL_USA_","https:\/\/www.youtube.com\/channel\/UCd9xaVNDj2LlVHeTpBeBeOQ","https:\/\/www.linkedin.com\/company\/american-student-athlete-logistics","https:\/\/www.instagram.com\/asalsports\/"]}]},"og_availability":"instock","product_availability":"instock","product_retailer_item_id":"RecordVideo","product_condition":"new"},"_links":{"self":[{"href":"https:\/\/asalsports.org\/es\/wp-json\/wp\/v2\/product\/3338","targetHints":{"allow":["GET"]}}],"collection":[{"href":"https:\/\/asalsports.org\/es\/wp-json\/wp\/v2\/product"}],"about":[{"href":"https:\/\/asalsports.org\/es\/wp-json\/wp\/v2\/types\/product"}],"replies":[{"embeddable":true,"href":"https:\/\/asalsports.org\/es\/wp-json\/wp\/v2\/comments?post=3338"}],"wp:featuredmedia":[{"embeddable":true,"href":"https:\/\/asalsports.org\/es\/wp-json\/wp\/v2\/media\/3640"}],"wp:attachment":[{"href":"https:\/\/asalsports.org\/es\/wp-json\/wp\/v2\/media?parent=3338"}],"wp:term":[{"taxonomy":"product_brand","embeddable":true,"href":"https:\/\/asalsports.org\/es\/wp-json\/wp\/v2\/product_brand?post=3338"},{"taxonomy":"product_cat","embeddable":true,"href":"https:\/\/asalsports.org\/es\/wp-json\/wp\/v2\/product_cat?post=3338"},{"taxonomy":"product_tag","embeddable":true,"href":"https:\/\/asalsports.org\/es\/wp-json\/wp\/v2\/product_tag?post=3338"}],"curies":[{"name":"wp","href":"https:\/\/api.w.org\/{rel}","templated":true}]}}