{"id":5968,"date":"2024-01-04T17:12:52","date_gmt":"2024-01-04T17:12:52","guid":{"rendered":"https:\/\/asalsports.org\/?post_type=product&#038;p=5968"},"modified":"2024-04-22T20:32:42","modified_gmt":"2024-04-22T20:32:42","slug":"university-soccer-id-camps","status":"publish","type":"product","link":"https:\/\/asalsports.org\/es\/producto\/university-soccer-id-camps\/","title":{"rendered":"Soccer ID Camps"},"content":{"rendered":"<p>Introduciendo ASAL Soccer ID Camps - perfecto para los estudiantes-atletas que quieren mostrar sus habilidades de f\u00fatbol, conectar con entrenadores de la universidad, y entrar en grandes universidades. El campamento de f\u00fatbol masculino y femenino ID tendr\u00e1 ejercicios de f\u00fatbol, sesiones de f\u00fatbol reducido, y partidos con los entrenadores presentes y los entrenadores viendo a trav\u00e9s de streaming en l\u00ednea. Aprovecha la oportunidad de mostrar tus habilidades, hacer contactos y mejorar tus posibilidades de conseguir becas universitarias en los campamentos ASAL Sports ID.<\/p>","protected":false},"excerpt":{"rendered":"<p>Introduciendo ASAL Soccer ID Camps - perfecto para los estudiantes-atletas que quieren mostrar sus habilidades de f\u00fatbol, conectar con entrenadores de la universidad, y entrar en grandes universidades. El campamento de f\u00fatbol masculino y femenino ID tendr\u00e1 ejercicios de f\u00fatbol, sesiones de f\u00fatbol reducido, y partidos con los entrenadores presentes y los entrenadores viendo a trav\u00e9s de streaming en l\u00ednea. Aprovecha la oportunidad de mostrar tus habilidades, hacer contactos y mejorar tus posibilidades de conseguir becas universitarias en los campamentos ASAL Sports ID.<\/p>","protected":false},"featured_media":6958,"comment_status":"open","ping_status":"closed","template":"","meta":{"_acf_changed":false,"_monsterinsights_skip_tracking":false,"_monsterinsights_sitenote_active":false,"_monsterinsights_sitenote_note":"","_monsterinsights_sitenote_category":0,"pgc_sgb_lightbox_settings":""},"product_brand":[],"product_cat":[21],"product_tag":[435,381,380,430,433,379,429,432,431,434,42,378,34,40,420,43],"class_list":{"0":"post-5968","1":"product","2":"type-product","3":"status-publish","4":"has-post-thumbnail","6":"product_cat-events","7":"product_tag-2024-soccer-id-camp","8":"product_tag-id-camp","9":"product_tag-naia-id-camp","10":"product_tag-naia-mens-soccer","11":"product_tag-naia-womens-soccer","12":"product_tag-ncaa-id-camp","13":"product_tag-ncaa-mens-soccer","14":"product_tag-ncaa-womens-soccer","15":"product_tag-njcaa-mens-soccer","16":"product_tag-njcaa-womens-soccer","17":"product_tag-soccer","18":"product_tag-soccer-id-camp","19":"product_tag-soccer-tryouts","20":"product_tag-university-placement","21":"product_tag-university-scholarships","22":"product_tag-womens-soccer","24":"first","25":"instock","26":"taxable","27":"shipping-taxable","28":"purchasable","29":"product-type-variable"},"acf":[],"yoast_head":"<!-- This site is optimized with the Yoast SEO Premium plugin v22.0 (Yoast SEO v27.3) - https:\/\/yoast.com\/product\/yoast-seo-premium-wordpress\/ -->\n<title>2024 University Soccer ID Camp - Connect With College Coaches - USA University placement, Pro soccer tryouts &amp; International Tournaments<\/title>\n<meta name=\"description\" content=\"Showcase your soccer skills at ASAL Soccer ID Camp to connect with college coaches &amp; get into great universities. Take the opportunity!\" \/>\n<meta name=\"robots\" content=\"index, follow, max-snippet:-1, max-image-preview:large, max-video-preview:-1\" \/>\n<link rel=\"canonical\" href=\"https:\/\/asalsports.org\/es\/producto\/university-soccer-id-camps\/\" \/>\n<meta property=\"og:locale\" content=\"es_ES\" \/>\n<meta property=\"og:type\" content=\"article\" \/>\n<meta property=\"og:title\" content=\"University Soccer ID Camp \u2013 Get Scholarships!\" \/>\n<meta property=\"og:description\" content=\"Show off your soccer skills and earn a university scholarship with ASAL&#039;s Soccer ID Camps!\" \/>\n<meta property=\"og:url\" content=\"https:\/\/asalsports.org\/es\/producto\/university-soccer-id-camps\/\" \/>\n<meta property=\"og:site_name\" content=\"USA University placement, Pro soccer tryouts &amp; International Tournaments\" \/>\n<meta property=\"article:publisher\" content=\"https:\/\/www.facebook.com\/Asalsports\/\" \/>\n<meta property=\"article:modified_time\" content=\"2024-04-22T20:32:42+00:00\" \/>\n<meta property=\"og:image\" content=\"https:\/\/asalsports.org\/wp-content\/uploads\/2024\/01\/Soccer-ID-camps-1.jpg\" \/>\n\t<meta property=\"og:image:width\" content=\"1080\" \/>\n\t<meta property=\"og:image:height\" content=\"1080\" \/>\n\t<meta property=\"og:image:type\" content=\"image\/jpeg\" \/>\n<meta name=\"twitter:card\" content=\"summary_large_image\" \/>\n<meta name=\"twitter:title\" content=\"Introducing ASAL Soccer ID Camp \u2013 Get Recruited Easily\" \/>\n<meta name=\"twitter:description\" content=\"Get recruited to play university soccer by connecting with college coaches, showcasing your skills, and securing scholarships.\" \/>\n<meta name=\"twitter:site\" content=\"@ASAL_USA_\" \/>\n<meta name=\"twitter:label1\" content=\"Disponibilidad\" \/>\n\t<meta name=\"twitter:data1\" content=\"Disponible\" \/>\n<script type=\"application\/ld+json\" class=\"yoast-schema-graph\">{\"@context\":\"https:\\\/\\\/schema.org\",\"@graph\":[{\"@type\":\"WebPage\",\"@id\":\"https:\\\/\\\/asalsports.org\\\/product\\\/university-soccer-id-camps\\\/\",\"url\":\"https:\\\/\\\/asalsports.org\\\/product\\\/university-soccer-id-camps\\\/\",\"name\":\"2024 University Soccer ID Camp - Connect With College Coaches - USA University placement, Pro soccer tryouts &amp; International Tournaments\",\"isPartOf\":{\"@id\":\"https:\\\/\\\/asalsports.org\\\/#website\"},\"primaryImageOfPage\":{\"@id\":\"https:\\\/\\\/asalsports.org\\\/product\\\/university-soccer-id-camps\\\/#primaryimage\"},\"image\":{\"@id\":\"https:\\\/\\\/asalsports.org\\\/product\\\/university-soccer-id-camps\\\/#primaryimage\"},\"thumbnailUrl\":\"https:\\\/\\\/asalsports.org\\\/wp-content\\\/uploads\\\/2024\\\/01\\\/Soccer-ID-camps-1.jpg\",\"datePublished\":\"2024-01-04T17:12:52+00:00\",\"dateModified\":\"2024-04-22T20:32:42+00:00\",\"description\":\"Showcase your soccer skills at ASAL Soccer ID Camp to connect with college coaches & get into great universities. Take the opportunity!\",\"breadcrumb\":{\"@id\":\"https:\\\/\\\/asalsports.org\\\/product\\\/university-soccer-id-camps\\\/#breadcrumb\"},\"inLanguage\":\"es\",\"potentialAction\":[{\"@type\":\"ReadAction\",\"target\":[\"https:\\\/\\\/asalsports.org\\\/product\\\/university-soccer-id-camps\\\/\"]}]},{\"@type\":\"ImageObject\",\"inLanguage\":\"es\",\"@id\":\"https:\\\/\\\/asalsports.org\\\/product\\\/university-soccer-id-camps\\\/#primaryimage\",\"url\":\"https:\\\/\\\/asalsports.org\\\/wp-content\\\/uploads\\\/2024\\\/01\\\/Soccer-ID-camps-1.jpg\",\"contentUrl\":\"https:\\\/\\\/asalsports.org\\\/wp-content\\\/uploads\\\/2024\\\/01\\\/Soccer-ID-camps-1.jpg\",\"width\":1080,\"height\":1080,\"caption\":\"Soccer ID camp\"},{\"@type\":\"BreadcrumbList\",\"@id\":\"https:\\\/\\\/asalsports.org\\\/product\\\/university-soccer-id-camps\\\/#breadcrumb\",\"itemListElement\":[{\"@type\":\"ListItem\",\"position\":1,\"name\":\"Home\",\"item\":\"https:\\\/\\\/asalsports.org\\\/\"},{\"@type\":\"ListItem\",\"position\":2,\"name\":\"Shop\",\"item\":\"https:\\\/\\\/asalsports.org\\\/about\\\/shop\\\/\"},{\"@type\":\"ListItem\",\"position\":3,\"name\":\"Soccer ID Camps\"}]},{\"@type\":\"WebSite\",\"@id\":\"https:\\\/\\\/asalsports.org\\\/#website\",\"url\":\"https:\\\/\\\/asalsports.org\\\/\",\"name\":\"University Scholarships, International Tournaments & Pro soccer tryouts\",\"description\":\"NCAA, NAIA, NJCAA University placement service, pro soccer tryouts, International soccer tournaments and video services.\",\"publisher\":{\"@id\":\"https:\\\/\\\/asalsports.org\\\/#organization\"},\"alternateName\":\"ASAL Sports - Get Scholarships\",\"potentialAction\":[{\"@type\":\"SearchAction\",\"target\":{\"@type\":\"EntryPoint\",\"urlTemplate\":\"https:\\\/\\\/asalsports.org\\\/?s={search_term_string}\"},\"query-input\":{\"@type\":\"PropertyValueSpecification\",\"valueRequired\":true,\"valueName\":\"search_term_string\"}}],\"inLanguage\":\"es\"},{\"@type\":\"Organization\",\"@id\":\"https:\\\/\\\/asalsports.org\\\/#organization\",\"name\":\"Asal Sports\",\"url\":\"https:\\\/\\\/asalsports.org\\\/\",\"logo\":{\"@type\":\"ImageObject\",\"inLanguage\":\"es\",\"@id\":\"https:\\\/\\\/asalsports.org\\\/#\\\/schema\\\/logo\\\/image\\\/\",\"url\":\"https:\\\/\\\/asalsports.org\\\/wp-content\\\/uploads\\\/2024\\\/01\\\/ASAL-Logo.png\",\"contentUrl\":\"https:\\\/\\\/asalsports.org\\\/wp-content\\\/uploads\\\/2024\\\/01\\\/ASAL-Logo.png\",\"width\":2831,\"height\":1452,\"caption\":\"Asal Sports\"},\"image\":{\"@id\":\"https:\\\/\\\/asalsports.org\\\/#\\\/schema\\\/logo\\\/image\\\/\"},\"sameAs\":[\"https:\\\/\\\/www.facebook.com\\\/Asalsports\\\/\",\"https:\\\/\\\/x.com\\\/ASAL_USA_\",\"https:\\\/\\\/www.youtube.com\\\/channel\\\/UCd9xaVNDj2LlVHeTpBeBeOQ\",\"https:\\\/\\\/www.linkedin.com\\\/company\\\/american-student-athlete-logistics\",\"https:\\\/\\\/www.instagram.com\\\/asalsports\\\/\"]}]}<\/script>\n<meta property=\"og:availability\" content=\"instock\" \/>\n<meta property=\"product:availability\" content=\"instock\" \/>\n<meta property=\"product:retailer_item_id\" content=\"IDCAMPS\" \/>\n<meta property=\"product:condition\" content=\"new\" \/>\n<!-- \/ Yoast SEO Premium plugin. -->","yoast_head_json":{"title":"2024 University Soccer ID Camp - Connect With College Coaches - USA University placement, Pro soccer tryouts &amp; International Tournaments","description":"Showcase your soccer skills at ASAL Soccer ID Camp to connect with college coaches & get into great universities. Take the opportunity!","robots":{"index":"index","follow":"follow","max-snippet":"max-snippet:-1","max-image-preview":"max-image-preview:large","max-video-preview":"max-video-preview:-1"},"canonical":"https:\/\/asalsports.org\/es\/producto\/university-soccer-id-camps\/","og_locale":"es_ES","og_type":"article","og_title":"University Soccer ID Camp \u2013 Get Scholarships!","og_description":"Show off your soccer skills and earn a university scholarship with ASAL's Soccer ID Camps!","og_url":"https:\/\/asalsports.org\/es\/producto\/university-soccer-id-camps\/","og_site_name":"USA University placement, Pro soccer tryouts &amp; International Tournaments","article_publisher":"https:\/\/www.facebook.com\/Asalsports\/","article_modified_time":"2024-04-22T20:32:42+00:00","og_image":[{"width":1080,"height":1080,"url":"https:\/\/asalsports.org\/wp-content\/uploads\/2024\/01\/Soccer-ID-camps-1.jpg","type":"image\/jpeg"}],"twitter_card":"summary_large_image","twitter_title":"Introducing ASAL Soccer ID Camp \u2013 Get Recruited Easily","twitter_description":"Get recruited to play university soccer by connecting with college coaches, showcasing your skills, and securing scholarships.","twitter_site":"@ASAL_USA_","twitter_misc":{"Disponibilidad":"Disponible"},"schema":{"@context":"https:\/\/schema.org","@graph":[{"@type":"WebPage","@id":"https:\/\/asalsports.org\/product\/university-soccer-id-camps\/","url":"https:\/\/asalsports.org\/product\/university-soccer-id-camps\/","name":"2024 University Soccer ID Camp - Connect With College Coaches - USA University placement, Pro soccer tryouts &amp; International Tournaments","isPartOf":{"@id":"https:\/\/asalsports.org\/#website"},"primaryImageOfPage":{"@id":"https:\/\/asalsports.org\/product\/university-soccer-id-camps\/#primaryimage"},"image":{"@id":"https:\/\/asalsports.org\/product\/university-soccer-id-camps\/#primaryimage"},"thumbnailUrl":"https:\/\/asalsports.org\/wp-content\/uploads\/2024\/01\/Soccer-ID-camps-1.jpg","datePublished":"2024-01-04T17:12:52+00:00","dateModified":"2024-04-22T20:32:42+00:00","description":"Showcase your soccer skills at ASAL Soccer ID Camp to connect with college coaches & get into great universities. Take the opportunity!","breadcrumb":{"@id":"https:\/\/asalsports.org\/product\/university-soccer-id-camps\/#breadcrumb"},"inLanguage":"es","potentialAction":[{"@type":"ReadAction","target":["https:\/\/asalsports.org\/product\/university-soccer-id-camps\/"]}]},{"@type":"ImageObject","inLanguage":"es","@id":"https:\/\/asalsports.org\/product\/university-soccer-id-camps\/#primaryimage","url":"https:\/\/asalsports.org\/wp-content\/uploads\/2024\/01\/Soccer-ID-camps-1.jpg","contentUrl":"https:\/\/asalsports.org\/wp-content\/uploads\/2024\/01\/Soccer-ID-camps-1.jpg","width":1080,"height":1080,"caption":"Soccer ID camp"},{"@type":"BreadcrumbList","@id":"https:\/\/asalsports.org\/product\/university-soccer-id-camps\/#breadcrumb","itemListElement":[{"@type":"ListItem","position":1,"name":"Home","item":"https:\/\/asalsports.org\/"},{"@type":"ListItem","position":2,"name":"Shop","item":"https:\/\/asalsports.org\/about\/shop\/"},{"@type":"ListItem","position":3,"name":"Soccer ID Camps"}]},{"@type":"WebSite","@id":"https:\/\/asalsports.org\/#website","url":"https:\/\/asalsports.org\/","name":"University Scholarships, International Tournaments & Pro soccer tryouts","description":"NCAA, NAIA, NJCAA University placement service, pro soccer tryouts, International soccer tournaments and video services.","publisher":{"@id":"https:\/\/asalsports.org\/#organization"},"alternateName":"ASAL Sports - Get Scholarships","potentialAction":[{"@type":"SearchAction","target":{"@type":"EntryPoint","urlTemplate":"https:\/\/asalsports.org\/?s={search_term_string}"},"query-input":{"@type":"PropertyValueSpecification","valueRequired":true,"valueName":"search_term_string"}}],"inLanguage":"es"},{"@type":"Organization","@id":"https:\/\/asalsports.org\/#organization","name":"Asal Sports","url":"https:\/\/asalsports.org\/","logo":{"@type":"ImageObject","inLanguage":"es","@id":"https:\/\/asalsports.org\/#\/schema\/logo\/image\/","url":"https:\/\/asalsports.org\/wp-content\/uploads\/2024\/01\/ASAL-Logo.png","contentUrl":"https:\/\/asalsports.org\/wp-content\/uploads\/2024\/01\/ASAL-Logo.png","width":2831,"height":1452,"caption":"Asal Sports"},"image":{"@id":"https:\/\/asalsports.org\/#\/schema\/logo\/image\/"},"sameAs":["https:\/\/www.facebook.com\/Asalsports\/","https:\/\/x.com\/ASAL_USA_","https:\/\/www.youtube.com\/channel\/UCd9xaVNDj2LlVHeTpBeBeOQ","https:\/\/www.linkedin.com\/company\/american-student-athlete-logistics","https:\/\/www.instagram.com\/asalsports\/"]}]},"og_availability":"instock","product_availability":"instock","product_retailer_item_id":"IDCAMPS","product_condition":"new"},"_links":{"self":[{"href":"https:\/\/asalsports.org\/es\/wp-json\/wp\/v2\/product\/5968","targetHints":{"allow":["GET"]}}],"collection":[{"href":"https:\/\/asalsports.org\/es\/wp-json\/wp\/v2\/product"}],"about":[{"href":"https:\/\/asalsports.org\/es\/wp-json\/wp\/v2\/types\/product"}],"replies":[{"embeddable":true,"href":"https:\/\/asalsports.org\/es\/wp-json\/wp\/v2\/comments?post=5968"}],"wp:featuredmedia":[{"embeddable":true,"href":"https:\/\/asalsports.org\/es\/wp-json\/wp\/v2\/media\/6958"}],"wp:attachment":[{"href":"https:\/\/asalsports.org\/es\/wp-json\/wp\/v2\/media?parent=5968"}],"wp:term":[{"taxonomy":"product_brand","embeddable":true,"href":"https:\/\/asalsports.org\/es\/wp-json\/wp\/v2\/product_brand?post=5968"},{"taxonomy":"product_cat","embeddable":true,"href":"https:\/\/asalsports.org\/es\/wp-json\/wp\/v2\/product_cat?post=5968"},{"taxonomy":"product_tag","embeddable":true,"href":"https:\/\/asalsports.org\/es\/wp-json\/wp\/v2\/product_tag?post=5968"}],"curies":[{"name":"wp","href":"https:\/\/api.w.org\/{rel}","templated":true}]}}