{"id":176,"date":"2019-03-12T20:57:15","date_gmt":"2019-03-12T20:57:15","guid":{"rendered":"http:\/\/new.asalsports.org\/?page_id=176"},"modified":"2024-06-20T09:40:04","modified_gmt":"2024-06-20T09:40:04","slug":"giving-back-partners","status":"publish","type":"page","link":"https:\/\/asalsports.org\/fr\/about\/giving-back-partners\/","title":{"rendered":"Rendre service et partenaires"},"content":{"rendered":"<h2>FORMULAIRE DE DEMANDE<\/h2>\n<p>L'ASAL s'est engag\u00e9e \u00e0 soutenir les Objectifs de d\u00e9veloppement durable, qui sont 17 objectifs mondiaux visant \u00e0 r\u00e9duire la pauvret\u00e9, les in\u00e9galit\u00e9s, le changement climatique et la d\u00e9gradation de l'environnement, et \u00e0 promouvoir la prosp\u00e9rit\u00e9, la paix et la justice. Notre organisation vise \u00e0 am\u00e9liorer la qualit\u00e9 de l'\u00e9ducation et \u00e0 favoriser l'\u00e9galit\u00e9 des sexes par le biais du sport et de l'\u00e9ducation. D'ici 2025, nous esp\u00e9rons offrir des bourses d'une valeur de plus de 10 000 000 $ \u00e0 nos clients, leur permettant ainsi de poursuivre des \u00e9tudes sup\u00e9rieures dans des universit\u00e9s \u00e0 travers les \u00c9tats-Unis.<\/p>\n<h3>BOURSE AMADOU DOUMBIA<br \/>\n<\/h3>\n<p>La bourse Amadou Doumbia est une bourse comm\u00e9morative destin\u00e9e \u00e0 aider les \u00e9tudiants et les athl\u00e8tes d\u00e9favoris\u00e9s des pays du tiers monde et des pays en d\u00e9veloppement \u00e0 poursuivre leurs \u00e9tudes universitaires et leurs activit\u00e9s sportives.<\/p>\n<p><b>Exigences pour les candidats<\/b><\/p>\n<ul>\n<li style=\"font-weight: 400;\" aria-level=\"1\">Avoir un besoin financier r\u00e9el (National school lunch program, welfare, ou tax proof)<\/li>\n<li style=\"font-weight: 400;\" aria-level=\"1\">Soumission de votre C.V. ou de votre CV<\/li>\n<li style=\"font-weight: 400;\" aria-level=\"1\">Pr\u00e9sentation des relev\u00e9s de notes\/du test de placement\u00a0<\/li>\n<li style=\"font-weight: 400;\" aria-level=\"1\">Trois lettres de recommandation<\/li>\n<\/ul>\n<p>\t\t\t<a href=\"https:\/\/form.jotform.com\/233028797075161\" target=\"_blank\" rel=\"noopener\"><br \/>\n\t\t\t\t\t\tPOSTULEZ D\u00c8S MAINTENANT<br \/>\n\t\t\t\t\t<\/a><\/p>\n<h3>CAMPAGNE DE MAINTIEN DE LA PAIX<br \/>\n<\/h3>\n<p>La campagne \u00ab Keep the Peace \u00bb est ax\u00e9e sur la donation d'\u00e9quipements, de services, d'encadrement, d'\u00e9ducation et de bourses d'\u00e9tudes aux enfants d\u00e9favoris\u00e9s du monde entier. Notre strat\u00e9gie globale vise \u00e0 agir sur les taux d'abandon scolaire, le manque d'\u00e9quipements et de ressources athl\u00e9tiques et l'\u00e9galit\u00e9 des sexes. <\/p>\n<h3>COMMENT VOUS POUVEZ AIDER<br \/>\n<\/h3>\n<p><strong>DONS<\/strong><br \/>Moyens : Parrainage, partenariats, bourses d'\u00e9tudes, b\u00e9n\u00e9volat, \u00e9quipement sportif, livres &amp; argent !<\/p>\n<p><strong>PARTENARIAT, COLLECTE DE FONDS ET DE DONS<\/strong><br \/>Que vous soyez un particulier ou une entreprise, vous pouvez soutenir notre mission et notre vision en nous aidant \u00e0 collecter des fonds et \u00e0 organiser des collectes de dons.<\/p>\n<p><strong>B\u00c9N\u00c9VOLE\/ STAGIAIRE<\/strong><br \/>Vous pouvez faire du b\u00e9n\u00e9volat ou un stage dans l'un de nos sites au Br\u00e9sil, en Afrique du Sud ou au Ghana. C'est un moyen formidable d'acqu\u00e9rir une exp\u00e9rience de premi\u00e8re main et d'avoir un impact sur les individus, les organisations et tout simplement d'aider les autres.<\/p>\n<p>\t\t\t<a href=\"https:\/\/form.jotform.com\/233028797075161\" target=\"_blank\" rel=\"noopener\"><br \/>\n\t\t\t\t\t\tPOSTULEZ D\u00c8S MAINTENANT<br \/>\n\t\t\t\t\t<\/a><\/p>\n<h3>Partagez-nous sur :<\/h3>\n<p>\t\t\t\t\t\t\t\t\t\tFacebook<br \/>\n\t\t\t\t\t\t\t\t\t\tTwitter<br \/>\n\t\t\t\t\t\t\t\t\t\tLinkedIn<br \/>\n\t\t\t\t\t\t\t\t\t\tWhatsApp<\/p>","protected":false},"excerpt":{"rendered":"<p>APPLICATION FORM ASAL is dedicated to supporting the Sustainable Development Goals, which are 17 global goals aimed at reducing poverty, inequality, climate change, and environmental degradation, and promoting prosperity, peace, and justice. Our organization aims to improve quality education and foster gender equality through sports and education. By 2025, we hope to provide scholarships worth [&hellip;]<\/p>","protected":false},"author":1,"featured_media":0,"parent":10,"menu_order":0,"comment_status":"closed","ping_status":"closed","template":"","meta":{"_acf_changed":false,"_monsterinsights_skip_tracking":false,"_monsterinsights_sitenote_active":false,"_monsterinsights_sitenote_note":"","_monsterinsights_sitenote_category":0,"pgc_sgb_lightbox_settings":"","footnotes":""},"class_list":["post-176","page","type-page","status-publish","hentry"],"acf":[],"yoast_head":"<!-- This site is optimized with the Yoast SEO Premium plugin v22.0 (Yoast SEO v27.3) - https:\/\/yoast.com\/product\/yoast-seo-premium-wordpress\/ -->\n<title>The ASAL Sports Focuses on Quality Education &amp; Scholarships<\/title>\n<meta name=\"description\" content=\"ASAL organization focuses on quality education (#4) &amp; gender equality (#5) through sports, education &amp; scholarships from Universities.\" \/>\n<meta name=\"robots\" content=\"index, follow, max-snippet:-1, max-image-preview:large, max-video-preview:-1\" \/>\n<link rel=\"canonical\" href=\"https:\/\/asalsports.org\/fr\/about\/giving-back-partners\/\" \/>\n<meta property=\"og:locale\" content=\"fr_FR\" \/>\n<meta property=\"og:type\" content=\"article\" \/>\n<meta property=\"og:title\" content=\"The ASAL Sports Focuses on Quality Education &amp; Scholarships\" \/>\n<meta property=\"og:description\" content=\"ASAL organization focuses on quality education (#4) &amp; gender equality (#5) through sports, education &amp; scholarships from Universities.\" \/>\n<meta property=\"og:url\" content=\"https:\/\/asalsports.org\/fr\/about\/giving-back-partners\/\" \/>\n<meta property=\"og:site_name\" content=\"USA University placement, Pro soccer tryouts &amp; International Tournaments\" \/>\n<meta property=\"article:publisher\" content=\"https:\/\/www.facebook.com\/Asalsports\/\" \/>\n<meta property=\"article:modified_time\" content=\"2024-06-20T09:40:04+00:00\" \/>\n<meta property=\"og:image\" content=\"https:\/\/asalsports.org\/wp-content\/uploads\/2019\/03\/title-image-1.jpg\" \/>\n\t<meta property=\"og:image:width\" content=\"463\" \/>\n\t<meta property=\"og:image:height\" content=\"330\" \/>\n\t<meta property=\"og:image:type\" content=\"image\/jpeg\" \/>\n<meta name=\"twitter:card\" content=\"summary_large_image\" \/>\n<meta name=\"twitter:title\" content=\"The ASAL Sports Focuses on Quality Education &amp; Scholarships\" \/>\n<meta name=\"twitter:description\" content=\"ASAL organization focuses on quality education (#4) &amp; gender equality (#5) through sports, education &amp; scholarships from Universities.\" \/>\n<meta name=\"twitter:site\" content=\"@ASAL_USA_\" \/>\n<meta name=\"twitter:label1\" content=\"Dur\u00e9e de lecture estim\u00e9e\" \/>\n\t<meta name=\"twitter:data1\" content=\"2 minutes\" \/>\n<script type=\"application\/ld+json\" class=\"yoast-schema-graph\">{\"@context\":\"https:\\\/\\\/schema.org\",\"@graph\":[{\"@type\":\"WebPage\",\"@id\":\"https:\\\/\\\/asalsports.org\\\/about\\\/giving-back-partners\\\/\",\"url\":\"https:\\\/\\\/asalsports.org\\\/about\\\/giving-back-partners\\\/\",\"name\":\"The ASAL Sports Focuses on Quality Education & Scholarships\",\"isPartOf\":{\"@id\":\"https:\\\/\\\/asalsports.org\\\/#website\"},\"datePublished\":\"2019-03-12T20:57:15+00:00\",\"dateModified\":\"2024-06-20T09:40:04+00:00\",\"description\":\"ASAL organization focuses on quality education (#4) & gender equality (#5) through sports, education & scholarships from Universities.\",\"breadcrumb\":{\"@id\":\"https:\\\/\\\/asalsports.org\\\/about\\\/giving-back-partners\\\/#breadcrumb\"},\"inLanguage\":\"fr-FR\",\"potentialAction\":[{\"@type\":\"ReadAction\",\"target\":[\"https:\\\/\\\/asalsports.org\\\/about\\\/giving-back-partners\\\/\"]}]},{\"@type\":\"BreadcrumbList\",\"@id\":\"https:\\\/\\\/asalsports.org\\\/about\\\/giving-back-partners\\\/#breadcrumb\",\"itemListElement\":[{\"@type\":\"ListItem\",\"position\":1,\"name\":\"Home\",\"item\":\"https:\\\/\\\/asalsports.org\\\/\"},{\"@type\":\"ListItem\",\"position\":2,\"name\":\"About\",\"item\":\"https:\\\/\\\/asalsports.org\\\/?page_id=10\"},{\"@type\":\"ListItem\",\"position\":3,\"name\":\"Giving Back &#038; Partners\"}]},{\"@type\":\"WebSite\",\"@id\":\"https:\\\/\\\/asalsports.org\\\/#website\",\"url\":\"https:\\\/\\\/asalsports.org\\\/\",\"name\":\"University Scholarships, International Tournaments & Pro soccer tryouts\",\"description\":\"NCAA, NAIA, NJCAA University placement service, pro soccer tryouts, International soccer tournaments and video services.\",\"publisher\":{\"@id\":\"https:\\\/\\\/asalsports.org\\\/#organization\"},\"alternateName\":\"ASAL Sports - Get Scholarships\",\"potentialAction\":[{\"@type\":\"SearchAction\",\"target\":{\"@type\":\"EntryPoint\",\"urlTemplate\":\"https:\\\/\\\/asalsports.org\\\/?s={search_term_string}\"},\"query-input\":{\"@type\":\"PropertyValueSpecification\",\"valueRequired\":true,\"valueName\":\"search_term_string\"}}],\"inLanguage\":\"fr-FR\"},{\"@type\":\"Organization\",\"@id\":\"https:\\\/\\\/asalsports.org\\\/#organization\",\"name\":\"Asal Sports\",\"url\":\"https:\\\/\\\/asalsports.org\\\/\",\"logo\":{\"@type\":\"ImageObject\",\"inLanguage\":\"fr-FR\",\"@id\":\"https:\\\/\\\/asalsports.org\\\/#\\\/schema\\\/logo\\\/image\\\/\",\"url\":\"https:\\\/\\\/asalsports.org\\\/wp-content\\\/uploads\\\/2024\\\/01\\\/ASAL-Logo.png\",\"contentUrl\":\"https:\\\/\\\/asalsports.org\\\/wp-content\\\/uploads\\\/2024\\\/01\\\/ASAL-Logo.png\",\"width\":2831,\"height\":1452,\"caption\":\"Asal Sports\"},\"image\":{\"@id\":\"https:\\\/\\\/asalsports.org\\\/#\\\/schema\\\/logo\\\/image\\\/\"},\"sameAs\":[\"https:\\\/\\\/www.facebook.com\\\/Asalsports\\\/\",\"https:\\\/\\\/x.com\\\/ASAL_USA_\",\"https:\\\/\\\/www.youtube.com\\\/channel\\\/UCd9xaVNDj2LlVHeTpBeBeOQ\",\"https:\\\/\\\/www.linkedin.com\\\/company\\\/american-student-athlete-logistics\",\"https:\\\/\\\/www.instagram.com\\\/asalsports\\\/\"]}]}<\/script>\n<!-- \/ Yoast SEO Premium plugin. -->","yoast_head_json":{"title":"The ASAL Sports Focuses on Quality Education & Scholarships","description":"ASAL organization focuses on quality education (#4) & gender equality (#5) through sports, education & scholarships from Universities.","robots":{"index":"index","follow":"follow","max-snippet":"max-snippet:-1","max-image-preview":"max-image-preview:large","max-video-preview":"max-video-preview:-1"},"canonical":"https:\/\/asalsports.org\/fr\/about\/giving-back-partners\/","og_locale":"fr_FR","og_type":"article","og_title":"The ASAL Sports Focuses on Quality Education & Scholarships","og_description":"ASAL organization focuses on quality education (#4) & gender equality (#5) through sports, education & scholarships from Universities.","og_url":"https:\/\/asalsports.org\/fr\/about\/giving-back-partners\/","og_site_name":"USA University placement, Pro soccer tryouts &amp; International Tournaments","article_publisher":"https:\/\/www.facebook.com\/Asalsports\/","article_modified_time":"2024-06-20T09:40:04+00:00","og_image":[{"width":463,"height":330,"url":"https:\/\/asalsports.org\/wp-content\/uploads\/2019\/03\/title-image-1.jpg","type":"image\/jpeg"}],"twitter_card":"summary_large_image","twitter_title":"The ASAL Sports Focuses on Quality Education & Scholarships","twitter_description":"ASAL organization focuses on quality education (#4) & gender equality (#5) through sports, education & scholarships from Universities.","twitter_site":"@ASAL_USA_","twitter_misc":{"Dur\u00e9e de lecture estim\u00e9e":"2 minutes"},"schema":{"@context":"https:\/\/schema.org","@graph":[{"@type":"WebPage","@id":"https:\/\/asalsports.org\/about\/giving-back-partners\/","url":"https:\/\/asalsports.org\/about\/giving-back-partners\/","name":"The ASAL Sports Focuses on Quality Education & Scholarships","isPartOf":{"@id":"https:\/\/asalsports.org\/#website"},"datePublished":"2019-03-12T20:57:15+00:00","dateModified":"2024-06-20T09:40:04+00:00","description":"ASAL organization focuses on quality education (#4) & gender equality (#5) through sports, education & scholarships from Universities.","breadcrumb":{"@id":"https:\/\/asalsports.org\/about\/giving-back-partners\/#breadcrumb"},"inLanguage":"fr-FR","potentialAction":[{"@type":"ReadAction","target":["https:\/\/asalsports.org\/about\/giving-back-partners\/"]}]},{"@type":"BreadcrumbList","@id":"https:\/\/asalsports.org\/about\/giving-back-partners\/#breadcrumb","itemListElement":[{"@type":"ListItem","position":1,"name":"Home","item":"https:\/\/asalsports.org\/"},{"@type":"ListItem","position":2,"name":"About","item":"https:\/\/asalsports.org\/?page_id=10"},{"@type":"ListItem","position":3,"name":"Giving Back &#038; Partners"}]},{"@type":"WebSite","@id":"https:\/\/asalsports.org\/#website","url":"https:\/\/asalsports.org\/","name":"University Scholarships, International Tournaments & Pro soccer tryouts","description":"NCAA, NAIA, NJCAA University placement service, pro soccer tryouts, International soccer tournaments and video services.","publisher":{"@id":"https:\/\/asalsports.org\/#organization"},"alternateName":"ASAL Sports - Get Scholarships","potentialAction":[{"@type":"SearchAction","target":{"@type":"EntryPoint","urlTemplate":"https:\/\/asalsports.org\/?s={search_term_string}"},"query-input":{"@type":"PropertyValueSpecification","valueRequired":true,"valueName":"search_term_string"}}],"inLanguage":"fr-FR"},{"@type":"Organization","@id":"https:\/\/asalsports.org\/#organization","name":"Asal Sports","url":"https:\/\/asalsports.org\/","logo":{"@type":"ImageObject","inLanguage":"fr-FR","@id":"https:\/\/asalsports.org\/#\/schema\/logo\/image\/","url":"https:\/\/asalsports.org\/wp-content\/uploads\/2024\/01\/ASAL-Logo.png","contentUrl":"https:\/\/asalsports.org\/wp-content\/uploads\/2024\/01\/ASAL-Logo.png","width":2831,"height":1452,"caption":"Asal Sports"},"image":{"@id":"https:\/\/asalsports.org\/#\/schema\/logo\/image\/"},"sameAs":["https:\/\/www.facebook.com\/Asalsports\/","https:\/\/x.com\/ASAL_USA_","https:\/\/www.youtube.com\/channel\/UCd9xaVNDj2LlVHeTpBeBeOQ","https:\/\/www.linkedin.com\/company\/american-student-athlete-logistics","https:\/\/www.instagram.com\/asalsports\/"]}]}},"_links":{"self":[{"href":"https:\/\/asalsports.org\/fr\/wp-json\/wp\/v2\/pages\/176","targetHints":{"allow":["GET"]}}],"collection":[{"href":"https:\/\/asalsports.org\/fr\/wp-json\/wp\/v2\/pages"}],"about":[{"href":"https:\/\/asalsports.org\/fr\/wp-json\/wp\/v2\/types\/page"}],"author":[{"embeddable":true,"href":"https:\/\/asalsports.org\/fr\/wp-json\/wp\/v2\/users\/1"}],"replies":[{"embeddable":true,"href":"https:\/\/asalsports.org\/fr\/wp-json\/wp\/v2\/comments?post=176"}],"version-history":[{"count":0,"href":"https:\/\/asalsports.org\/fr\/wp-json\/wp\/v2\/pages\/176\/revisions"}],"up":[{"embeddable":true,"href":"https:\/\/asalsports.org\/fr\/wp-json\/wp\/v2\/pages\/10"}],"wp:attachment":[{"href":"https:\/\/asalsports.org\/fr\/wp-json\/wp\/v2\/media?parent=176"}],"curies":[{"name":"wp","href":"https:\/\/api.w.org\/{rel}","templated":true}]}}