{"id":2287,"date":"2020-12-17T22:41:00","date_gmt":"2020-12-17T22:41:00","guid":{"rendered":"http:\/\/new.asalsports.org\/?post_type=product&#038;p=2287"},"modified":"2024-03-17T16:12:11","modified_gmt":"2024-03-17T16:12:11","slug":"soccer-tournaments-denmark-norway-sweden","status":"publish","type":"product","link":"https:\/\/asalsports.org\/fr\/produit\/soccer-tournaments-denmark-norway-sweden\/","title":{"rendered":"Preseason &amp; Tournaments \u2013 Europe"},"content":{"rendered":"<p><b>Ce qui est inclus : <\/b><span style=\"font-weight: 400;\">Frais d'inscription et de participation au tournoi, un<\/span><span style=\"font-weight: 400;\">ccommodation, a<\/span><span style=\"font-weight: 400;\">ll meals and transportation, s<\/span><span style=\"font-weight: 400;\">ightseeing, a<\/span><span style=\"font-weight: 400;\">pparel and more.\u00a0<\/span><\/p>\n<p><b>Pourquoi choisir notre Soccer Tour ?<\/b><\/p>\n<p>Faites l'exp\u00e9rience d'un entra\u00eenement de haut niveau dispens\u00e9 par des entra\u00eeneurs professionnels d'\u00e9quipes europ\u00e9ennes de football, participez \u00e0 des tournois prestigieux de haut niveau dont les matchs sont retransmis \u00e0 la t\u00e9l\u00e9vision nationale, et b\u00e9n\u00e9ficiez d'opportunit\u00e9s de recrutement par des clubs professionnels et des agents, tout en vous immergeant dans des cultures riches et en d\u00e9couvrant des universit\u00e9s aux \u00c9tats-Unis, avec une couverture vid\u00e9o compl\u00e8te des matchs afin de mettre en valeur votre talent.<\/p>\n<p><em>Join us for an unforgettable soccer journey in Europe! Book your spot now and be part of this incredible preseason and tournament experience.<\/em><i><\/i><\/p>","protected":false},"excerpt":{"rendered":"<p><span style=\"font-weight: 400;\">Vivez une exp\u00e9rience inoubliable de football europ\u00e9en en affrontant certaines des meilleures \u00e9quipes du monde. R\u00e9servez votre place d\u00e8s maintenant pour un voyage m\u00e9morable !<\/span><\/p>","protected":false},"featured_media":2515,"comment_status":"open","ping_status":"closed","template":"","meta":{"_acf_changed":false,"_monsterinsights_skip_tracking":false,"_monsterinsights_sitenote_active":false,"_monsterinsights_sitenote_note":"","_monsterinsights_sitenote_category":0,"pgc_sgb_lightbox_settings":""},"product_brand":[],"product_cat":[20],"product_tag":[307,447,57,49,59,62,63,55,61,56,48,35,44,39,37,50,58,54,446,33,41,42,34,60,458,445,457,459,453,452,455,451,454,448,450,456,449,53,52,51,40,36,43],"class_list":{"0":"post-2287","1":"product","2":"type-product","3":"status-publish","4":"has-post-thumbnail","6":"product_cat-international-tournaments","7":"product_tag-2-tournaments","8":"product_tag-3-tournaments","9":"product_tag-dana-norway-cup","10":"product_tag-dana-cup","11":"product_tag-denmark-soccer","12":"product_tag-europe-soccer-academy","13":"product_tag-europe-tournament","14":"product_tag-europe-tournaments","15":"product_tag-finland-soccer","16":"product_tag-gothia","17":"product_tag-gothia-cup","18":"product_tag-mens-pro-soccer-tryouts","19":"product_tag-mens-soccer","20":"product_tag-naia","21":"product_tag-ncaa","22":"product_tag-norway-cup","23":"product_tag-norway-soccer","24":"product_tag-preseason-soccer","25":"product_tag-preseason-soccer-tournaments","26":"product_tag-pro-tryouts","27":"product_tag-scholarships","28":"product_tag-soccer","29":"product_tag-soccer-tryouts","30":"product_tag-sweden-soccer","31":"product_tag-tournaments-in-colorado","32":"product_tag-tournaments-in-europe","33":"product_tag-tournaments-in-kansas","34":"product_tag-tournaments-in-texas","35":"product_tag-tryouts-in-accra","36":"product_tag-tryouts-in-cape-town","37":"product_tag-tryouts-in-colorado","38":"product_tag-tryouts-in-ghana","39":"product_tag-tryouts-in-kansas","40":"product_tag-tryouts-in-norway","41":"product_tag-tryouts-in-south-africa","42":"product_tag-tryouts-in-texas","43":"product_tag-tryouts-near-me","44":"product_tag-u17-soccer","45":"product_tag-u18-soccer","46":"product_tag-u19-soccer","47":"product_tag-university-placement","48":"product_tag-womens-pro-soccer-tryouts","49":"product_tag-womens-soccer","51":"first","52":"instock","53":"purchasable","54":"product-type-variable"},"acf":[],"yoast_head":"<!-- This site is optimized with the Yoast SEO Premium plugin v22.0 (Yoast SEO v27.3) - https:\/\/yoast.com\/product\/yoast-seo-premium-wordpress\/ -->\n<title>Preseason &amp; Soccer Tournaments in Europe - Get scouted<\/title>\n<meta name=\"description\" content=\"Elevate your soccer game with preseason and tournaments in Europe. Our soccer tour package includes registration, accommodation, meals, transportation, and sightseeing. Secure your spot now!\" \/>\n<meta name=\"robots\" content=\"index, follow, max-snippet:-1, max-image-preview:large, max-video-preview:-1\" \/>\n<link rel=\"canonical\" href=\"https:\/\/asalsports.org\/fr\/produit\/soccer-tournaments-denmark-norway-sweden\/\" \/>\n<meta property=\"og:locale\" content=\"fr_FR\" \/>\n<meta property=\"og:type\" content=\"article\" \/>\n<meta property=\"og:title\" content=\"Preseason &amp; 3 Tournaments with a Pro Team in Denmark\" \/>\n<meta property=\"og:description\" content=\"Join us for Preseason &amp; 3 Tournaments with a pro team in Denmark followed by tournament play against some of the best teams in the world.\u00a0\" \/>\n<meta property=\"og:url\" content=\"https:\/\/asalsports.org\/fr\/produit\/soccer-tournaments-denmark-norway-sweden\/\" \/>\n<meta property=\"og:site_name\" content=\"USA University placement, Pro soccer tryouts &amp; International Tournaments\" \/>\n<meta property=\"article:publisher\" content=\"https:\/\/www.facebook.com\/Asalsports\/\" \/>\n<meta property=\"article:modified_time\" content=\"2024-03-17T16:12:11+00:00\" \/>\n<meta property=\"og:image\" content=\"https:\/\/asalsports.org\/wp-content\/uploads\/2020\/12\/Preseason-2-1-e1609230100339.jpg\" \/>\n\t<meta property=\"og:image:width\" content=\"463\" \/>\n\t<meta property=\"og:image:height\" content=\"386\" \/>\n\t<meta property=\"og:image:type\" content=\"image\/jpeg\" \/>\n<meta name=\"twitter:card\" content=\"summary_large_image\" \/>\n<meta name=\"twitter:title\" content=\"Preseason &amp; 3 Tournaments with a Pro Team in Denmark\" \/>\n<meta name=\"twitter:description\" content=\"Join us for Preseason &amp; 3 Tournaments with a pro team in Denmark followed by tournament play against some of the best teams in the world.\u00a0\" \/>\n<meta name=\"twitter:image\" content=\"https:\/\/asalsports.org\/wp-content\/uploads\/2020\/12\/Preseason-2-1-e1609230100339.jpg\" \/>\n<meta name=\"twitter:site\" content=\"@ASAL_USA_\" \/>\n<meta name=\"twitter:label1\" content=\"Disponibilit\u00e9\" \/>\n\t<meta name=\"twitter:data1\" content=\"En stock\" \/>\n<script type=\"application\/ld+json\" class=\"yoast-schema-graph\">{\"@context\":\"https:\\\/\\\/schema.org\",\"@graph\":[{\"@type\":\"WebPage\",\"@id\":\"https:\\\/\\\/asalsports.org\\\/product\\\/soccer-tournaments-denmark-norway-sweden\\\/\",\"url\":\"https:\\\/\\\/asalsports.org\\\/product\\\/soccer-tournaments-denmark-norway-sweden\\\/\",\"name\":\"Preseason & Soccer Tournaments in Europe - Get scouted\",\"isPartOf\":{\"@id\":\"https:\\\/\\\/asalsports.org\\\/#website\"},\"primaryImageOfPage\":{\"@id\":\"https:\\\/\\\/asalsports.org\\\/product\\\/soccer-tournaments-denmark-norway-sweden\\\/#primaryimage\"},\"image\":{\"@id\":\"https:\\\/\\\/asalsports.org\\\/product\\\/soccer-tournaments-denmark-norway-sweden\\\/#primaryimage\"},\"thumbnailUrl\":\"https:\\\/\\\/asalsports.org\\\/wp-content\\\/uploads\\\/2020\\\/12\\\/Preseason-2-1-e1609230100339.jpg\",\"datePublished\":\"2020-12-17T22:41:00+00:00\",\"dateModified\":\"2024-03-17T16:12:11+00:00\",\"description\":\"Elevate your soccer game with preseason and tournaments in Europe. Our soccer tour package includes registration, accommodation, meals, transportation, and sightseeing. Secure your spot now!\",\"breadcrumb\":{\"@id\":\"https:\\\/\\\/asalsports.org\\\/product\\\/soccer-tournaments-denmark-norway-sweden\\\/#breadcrumb\"},\"inLanguage\":\"fr-FR\",\"potentialAction\":[{\"@type\":\"ReadAction\",\"target\":[\"https:\\\/\\\/asalsports.org\\\/product\\\/soccer-tournaments-denmark-norway-sweden\\\/\"]}]},{\"@type\":\"ImageObject\",\"inLanguage\":\"fr-FR\",\"@id\":\"https:\\\/\\\/asalsports.org\\\/product\\\/soccer-tournaments-denmark-norway-sweden\\\/#primaryimage\",\"url\":\"https:\\\/\\\/asalsports.org\\\/wp-content\\\/uploads\\\/2020\\\/12\\\/Preseason-2-1-e1609230100339.jpg\",\"contentUrl\":\"https:\\\/\\\/asalsports.org\\\/wp-content\\\/uploads\\\/2020\\\/12\\\/Preseason-2-1-e1609230100339.jpg\",\"width\":463,\"height\":386},{\"@type\":\"BreadcrumbList\",\"@id\":\"https:\\\/\\\/asalsports.org\\\/product\\\/soccer-tournaments-denmark-norway-sweden\\\/#breadcrumb\",\"itemListElement\":[{\"@type\":\"ListItem\",\"position\":1,\"name\":\"Home\",\"item\":\"https:\\\/\\\/asalsports.org\\\/\"},{\"@type\":\"ListItem\",\"position\":2,\"name\":\"Shop\",\"item\":\"https:\\\/\\\/asalsports.org\\\/about\\\/shop\\\/\"},{\"@type\":\"ListItem\",\"position\":3,\"name\":\"Preseason &#038; Tournaments &#8211; Europe\"}]},{\"@type\":\"WebSite\",\"@id\":\"https:\\\/\\\/asalsports.org\\\/#website\",\"url\":\"https:\\\/\\\/asalsports.org\\\/\",\"name\":\"University Scholarships, International Tournaments & Pro soccer tryouts\",\"description\":\"NCAA, NAIA, NJCAA University placement service, pro soccer tryouts, International soccer tournaments and video services.\",\"publisher\":{\"@id\":\"https:\\\/\\\/asalsports.org\\\/#organization\"},\"alternateName\":\"ASAL Sports - Get Scholarships\",\"potentialAction\":[{\"@type\":\"SearchAction\",\"target\":{\"@type\":\"EntryPoint\",\"urlTemplate\":\"https:\\\/\\\/asalsports.org\\\/?s={search_term_string}\"},\"query-input\":{\"@type\":\"PropertyValueSpecification\",\"valueRequired\":true,\"valueName\":\"search_term_string\"}}],\"inLanguage\":\"fr-FR\"},{\"@type\":\"Organization\",\"@id\":\"https:\\\/\\\/asalsports.org\\\/#organization\",\"name\":\"Asal Sports\",\"url\":\"https:\\\/\\\/asalsports.org\\\/\",\"logo\":{\"@type\":\"ImageObject\",\"inLanguage\":\"fr-FR\",\"@id\":\"https:\\\/\\\/asalsports.org\\\/#\\\/schema\\\/logo\\\/image\\\/\",\"url\":\"https:\\\/\\\/asalsports.org\\\/wp-content\\\/uploads\\\/2024\\\/01\\\/ASAL-Logo.png\",\"contentUrl\":\"https:\\\/\\\/asalsports.org\\\/wp-content\\\/uploads\\\/2024\\\/01\\\/ASAL-Logo.png\",\"width\":2831,\"height\":1452,\"caption\":\"Asal Sports\"},\"image\":{\"@id\":\"https:\\\/\\\/asalsports.org\\\/#\\\/schema\\\/logo\\\/image\\\/\"},\"sameAs\":[\"https:\\\/\\\/www.facebook.com\\\/Asalsports\\\/\",\"https:\\\/\\\/x.com\\\/ASAL_USA_\",\"https:\\\/\\\/www.youtube.com\\\/channel\\\/UCd9xaVNDj2LlVHeTpBeBeOQ\",\"https:\\\/\\\/www.linkedin.com\\\/company\\\/american-student-athlete-logistics\",\"https:\\\/\\\/www.instagram.com\\\/asalsports\\\/\"]}]}<\/script>\n<meta property=\"og:availability\" content=\"instock\" \/>\n<meta property=\"product:availability\" content=\"instock\" \/>\n<meta property=\"product:retailer_item_id\" content=\"Tournaments\" \/>\n<meta property=\"product:condition\" content=\"new\" \/>\n<!-- \/ Yoast SEO Premium plugin. -->","yoast_head_json":{"title":"Preseason & Soccer Tournaments in Europe - Get scouted","description":"Elevate your soccer game with preseason and tournaments in Europe. Our soccer tour package includes registration, accommodation, meals, transportation, and sightseeing. Secure your spot now!","robots":{"index":"index","follow":"follow","max-snippet":"max-snippet:-1","max-image-preview":"max-image-preview:large","max-video-preview":"max-video-preview:-1"},"canonical":"https:\/\/asalsports.org\/fr\/produit\/soccer-tournaments-denmark-norway-sweden\/","og_locale":"fr_FR","og_type":"article","og_title":"Preseason & 3 Tournaments with a Pro Team in Denmark","og_description":"Join us for Preseason & 3 Tournaments with a pro team in Denmark followed by tournament play against some of the best teams in the world.\u00a0","og_url":"https:\/\/asalsports.org\/fr\/produit\/soccer-tournaments-denmark-norway-sweden\/","og_site_name":"USA University placement, Pro soccer tryouts &amp; International Tournaments","article_publisher":"https:\/\/www.facebook.com\/Asalsports\/","article_modified_time":"2024-03-17T16:12:11+00:00","og_image":[{"width":463,"height":386,"url":"https:\/\/asalsports.org\/wp-content\/uploads\/2020\/12\/Preseason-2-1-e1609230100339.jpg","type":"image\/jpeg"}],"twitter_card":"summary_large_image","twitter_title":"Preseason & 3 Tournaments with a Pro Team in Denmark","twitter_description":"Join us for Preseason & 3 Tournaments with a pro team in Denmark followed by tournament play against some of the best teams in the world.\u00a0","twitter_image":"https:\/\/asalsports.org\/wp-content\/uploads\/2020\/12\/Preseason-2-1-e1609230100339.jpg","twitter_site":"@ASAL_USA_","twitter_misc":{"Disponibilit\u00e9":"En stock"},"schema":{"@context":"https:\/\/schema.org","@graph":[{"@type":"WebPage","@id":"https:\/\/asalsports.org\/product\/soccer-tournaments-denmark-norway-sweden\/","url":"https:\/\/asalsports.org\/product\/soccer-tournaments-denmark-norway-sweden\/","name":"Preseason & Soccer Tournaments in Europe - Get scouted","isPartOf":{"@id":"https:\/\/asalsports.org\/#website"},"primaryImageOfPage":{"@id":"https:\/\/asalsports.org\/product\/soccer-tournaments-denmark-norway-sweden\/#primaryimage"},"image":{"@id":"https:\/\/asalsports.org\/product\/soccer-tournaments-denmark-norway-sweden\/#primaryimage"},"thumbnailUrl":"https:\/\/asalsports.org\/wp-content\/uploads\/2020\/12\/Preseason-2-1-e1609230100339.jpg","datePublished":"2020-12-17T22:41:00+00:00","dateModified":"2024-03-17T16:12:11+00:00","description":"Elevate your soccer game with preseason and tournaments in Europe. Our soccer tour package includes registration, accommodation, meals, transportation, and sightseeing. Secure your spot now!","breadcrumb":{"@id":"https:\/\/asalsports.org\/product\/soccer-tournaments-denmark-norway-sweden\/#breadcrumb"},"inLanguage":"fr-FR","potentialAction":[{"@type":"ReadAction","target":["https:\/\/asalsports.org\/product\/soccer-tournaments-denmark-norway-sweden\/"]}]},{"@type":"ImageObject","inLanguage":"fr-FR","@id":"https:\/\/asalsports.org\/product\/soccer-tournaments-denmark-norway-sweden\/#primaryimage","url":"https:\/\/asalsports.org\/wp-content\/uploads\/2020\/12\/Preseason-2-1-e1609230100339.jpg","contentUrl":"https:\/\/asalsports.org\/wp-content\/uploads\/2020\/12\/Preseason-2-1-e1609230100339.jpg","width":463,"height":386},{"@type":"BreadcrumbList","@id":"https:\/\/asalsports.org\/product\/soccer-tournaments-denmark-norway-sweden\/#breadcrumb","itemListElement":[{"@type":"ListItem","position":1,"name":"Home","item":"https:\/\/asalsports.org\/"},{"@type":"ListItem","position":2,"name":"Shop","item":"https:\/\/asalsports.org\/about\/shop\/"},{"@type":"ListItem","position":3,"name":"Preseason &#038; Tournaments &#8211; Europe"}]},{"@type":"WebSite","@id":"https:\/\/asalsports.org\/#website","url":"https:\/\/asalsports.org\/","name":"University Scholarships, International Tournaments & Pro soccer tryouts","description":"NCAA, NAIA, NJCAA University placement service, pro soccer tryouts, International soccer tournaments and video services.","publisher":{"@id":"https:\/\/asalsports.org\/#organization"},"alternateName":"ASAL Sports - Get Scholarships","potentialAction":[{"@type":"SearchAction","target":{"@type":"EntryPoint","urlTemplate":"https:\/\/asalsports.org\/?s={search_term_string}"},"query-input":{"@type":"PropertyValueSpecification","valueRequired":true,"valueName":"search_term_string"}}],"inLanguage":"fr-FR"},{"@type":"Organization","@id":"https:\/\/asalsports.org\/#organization","name":"Asal Sports","url":"https:\/\/asalsports.org\/","logo":{"@type":"ImageObject","inLanguage":"fr-FR","@id":"https:\/\/asalsports.org\/#\/schema\/logo\/image\/","url":"https:\/\/asalsports.org\/wp-content\/uploads\/2024\/01\/ASAL-Logo.png","contentUrl":"https:\/\/asalsports.org\/wp-content\/uploads\/2024\/01\/ASAL-Logo.png","width":2831,"height":1452,"caption":"Asal Sports"},"image":{"@id":"https:\/\/asalsports.org\/#\/schema\/logo\/image\/"},"sameAs":["https:\/\/www.facebook.com\/Asalsports\/","https:\/\/x.com\/ASAL_USA_","https:\/\/www.youtube.com\/channel\/UCd9xaVNDj2LlVHeTpBeBeOQ","https:\/\/www.linkedin.com\/company\/american-student-athlete-logistics","https:\/\/www.instagram.com\/asalsports\/"]}]},"og_availability":"instock","product_availability":"instock","product_retailer_item_id":"Tournaments","product_condition":"new"},"_links":{"self":[{"href":"https:\/\/asalsports.org\/fr\/wp-json\/wp\/v2\/product\/2287","targetHints":{"allow":["GET"]}}],"collection":[{"href":"https:\/\/asalsports.org\/fr\/wp-json\/wp\/v2\/product"}],"about":[{"href":"https:\/\/asalsports.org\/fr\/wp-json\/wp\/v2\/types\/product"}],"replies":[{"embeddable":true,"href":"https:\/\/asalsports.org\/fr\/wp-json\/wp\/v2\/comments?post=2287"}],"wp:featuredmedia":[{"embeddable":true,"href":"https:\/\/asalsports.org\/fr\/wp-json\/wp\/v2\/media\/2515"}],"wp:attachment":[{"href":"https:\/\/asalsports.org\/fr\/wp-json\/wp\/v2\/media?parent=2287"}],"wp:term":[{"taxonomy":"product_brand","embeddable":true,"href":"https:\/\/asalsports.org\/fr\/wp-json\/wp\/v2\/product_brand?post=2287"},{"taxonomy":"product_cat","embeddable":true,"href":"https:\/\/asalsports.org\/fr\/wp-json\/wp\/v2\/product_cat?post=2287"},{"taxonomy":"product_tag","embeddable":true,"href":"https:\/\/asalsports.org\/fr\/wp-json\/wp\/v2\/product_tag?post=2287"}],"curies":[{"name":"wp","href":"https:\/\/api.w.org\/{rel}","templated":true}]}}