{"id":481,"date":"2019-03-21T22:50:17","date_gmt":"2019-03-21T22:50:17","guid":{"rendered":"http:\/\/new.asalsports.org\/?post_type=product&#038;p=481"},"modified":"2024-03-16T21:55:03","modified_gmt":"2024-03-16T21:55:03","slug":"edited-video-highlight-film","status":"publish","type":"product","link":"https:\/\/asalsports.org\/fr\/produit\/edited-video-highlight-film\/","title":{"rendered":"Montage vid\u00e9o du film de mise en valeur"},"content":{"rendered":"<p>Transformez vos s\u00e9quences de jeu en une superbe vid\u00e9o qui captivera les entra\u00eeneurs et les agents gr\u00e2ce aux services de montage vid\u00e9o professionnels d'ASAL Sports. Notre \u00e9quipe de montage vid\u00e9o est sp\u00e9cialis\u00e9e dans les vid\u00e9os de moments forts et l'analyse des matchs des athl\u00e8tes.<\/p>","protected":false},"excerpt":{"rendered":"<p>Pour les aspirants sportifs universitaires ou professionnels, nous proposons des services de production vid\u00e9o afin de cr\u00e9er des vid\u00e9os de recrutement qui laisseront une impression durable sur les entra\u00eeneurs et les recruteurs.<\/p>","protected":false},"featured_media":2517,"comment_status":"open","ping_status":"closed","template":"","meta":{"_acf_changed":false,"_monsterinsights_skip_tracking":false,"_monsterinsights_sitenote_active":false,"_monsterinsights_sitenote_note":"","_monsterinsights_sitenote_category":0,"pgc_sgb_lightbox_settings":""},"product_brand":[],"product_cat":[23],"product_tag":[74,75,44,39,37,38,41,378,34,40,420,76,43],"class_list":{"0":"post-481","1":"product","2":"type-product","3":"status-publish","4":"has-post-thumbnail","6":"product_cat-video","7":"product_tag-editing-highlight-film","8":"product_tag-highlight-film","9":"product_tag-mens-soccer","10":"product_tag-naia","11":"product_tag-ncaa","12":"product_tag-njcaa","13":"product_tag-scholarships","14":"product_tag-soccer-id-camp","15":"product_tag-soccer-tryouts","16":"product_tag-university-placement","17":"product_tag-university-scholarships","18":"product_tag-video-services","19":"product_tag-womens-soccer","20":"product_shipping_class-free-shipping","22":"first","23":"instock","24":"taxable","25":"shipping-taxable","26":"purchasable","27":"product-type-variable","28":"has-default-attributes"},"acf":[],"yoast_head":"<!-- This site is optimized with the Yoast SEO Premium plugin v22.0 (Yoast SEO v27.3) - https:\/\/yoast.com\/product\/yoast-seo-premium-wordpress\/ -->\n<title>Highlight Film &amp; Editing Options with Club Logo | ASAL Sports<\/title>\n<meta name=\"description\" content=\"We offer personalized video editing services tailored to our clients\u2019 needs, which can significantly increase their chances of securing athletic scholarships or professional club opportunities.\" \/>\n<meta name=\"robots\" content=\"index, follow, max-snippet:-1, max-image-preview:large, max-video-preview:-1\" \/>\n<link rel=\"canonical\" href=\"https:\/\/asalsports.org\/fr\/produit\/edited-video-highlight-film\/\" \/>\n<meta property=\"og:locale\" content=\"fr_FR\" \/>\n<meta property=\"og:type\" content=\"article\" \/>\n<meta property=\"og:title\" content=\"Highlight Film &amp; Editing Options with Club Logo | ASAL Sports\" \/>\n<meta property=\"og:description\" content=\"Highlight &amp; full game videos are an essential part in recruiting process. In depth video further increases offers and contacts from coaches.\" \/>\n<meta property=\"og:url\" content=\"https:\/\/asalsports.org\/fr\/produit\/edited-video-highlight-film\/\" \/>\n<meta property=\"og:site_name\" content=\"USA University placement, Pro soccer tryouts &amp; International Tournaments\" \/>\n<meta property=\"article:publisher\" content=\"https:\/\/www.facebook.com\/Asalsports\/\" \/>\n<meta property=\"article:modified_time\" content=\"2024-03-16T21:55:03+00:00\" \/>\n<meta property=\"og:image\" content=\"https:\/\/asalsports.org\/wp-content\/uploads\/2019\/03\/video-2-2-e1704951472442.jpg\" \/>\n\t<meta property=\"og:image:width\" content=\"1786\" \/>\n\t<meta property=\"og:image:height\" content=\"1413\" \/>\n\t<meta property=\"og:image:type\" content=\"image\/jpeg\" \/>\n<meta name=\"twitter:card\" content=\"summary_large_image\" \/>\n<meta name=\"twitter:title\" content=\"Highlight Film &amp; Editing Options with Club Logo | ASAL Sports\" \/>\n<meta name=\"twitter:description\" content=\"Highlight &amp; full game videos are an essential part in recruiting process. In depth video further increases offers and contacts from coaches.\" \/>\n<meta name=\"twitter:site\" content=\"@ASAL_USA_\" \/>\n<meta name=\"twitter:label1\" content=\"Disponibilit\u00e9\" \/>\n\t<meta name=\"twitter:data1\" content=\"En stock\" \/>\n<script type=\"application\/ld+json\" class=\"yoast-schema-graph\">{\"@context\":\"https:\\\/\\\/schema.org\",\"@graph\":[{\"@type\":\"WebPage\",\"@id\":\"https:\\\/\\\/asalsports.org\\\/product\\\/edited-video-highlight-film\\\/\",\"url\":\"https:\\\/\\\/asalsports.org\\\/product\\\/edited-video-highlight-film\\\/\",\"name\":\"Highlight Film & Editing Options with Club Logo | ASAL Sports\",\"isPartOf\":{\"@id\":\"https:\\\/\\\/asalsports.org\\\/#website\"},\"primaryImageOfPage\":{\"@id\":\"https:\\\/\\\/asalsports.org\\\/product\\\/edited-video-highlight-film\\\/#primaryimage\"},\"image\":{\"@id\":\"https:\\\/\\\/asalsports.org\\\/product\\\/edited-video-highlight-film\\\/#primaryimage\"},\"thumbnailUrl\":\"https:\\\/\\\/asalsports.org\\\/wp-content\\\/uploads\\\/2019\\\/03\\\/video-2-2-e1704951472442.jpg\",\"datePublished\":\"2019-03-21T22:50:17+00:00\",\"dateModified\":\"2024-03-16T21:55:03+00:00\",\"description\":\"We offer personalized video editing services tailored to our clients\u2019 needs, which can significantly increase their chances of securing athletic scholarships or professional club opportunities.\",\"breadcrumb\":{\"@id\":\"https:\\\/\\\/asalsports.org\\\/product\\\/edited-video-highlight-film\\\/#breadcrumb\"},\"inLanguage\":\"fr-FR\",\"potentialAction\":[{\"@type\":\"ReadAction\",\"target\":[\"https:\\\/\\\/asalsports.org\\\/product\\\/edited-video-highlight-film\\\/\"]}]},{\"@type\":\"ImageObject\",\"inLanguage\":\"fr-FR\",\"@id\":\"https:\\\/\\\/asalsports.org\\\/product\\\/edited-video-highlight-film\\\/#primaryimage\",\"url\":\"https:\\\/\\\/asalsports.org\\\/wp-content\\\/uploads\\\/2019\\\/03\\\/video-2-2-e1704951472442.jpg\",\"contentUrl\":\"https:\\\/\\\/asalsports.org\\\/wp-content\\\/uploads\\\/2019\\\/03\\\/video-2-2-e1704951472442.jpg\",\"width\":1786,\"height\":1413},{\"@type\":\"BreadcrumbList\",\"@id\":\"https:\\\/\\\/asalsports.org\\\/product\\\/edited-video-highlight-film\\\/#breadcrumb\",\"itemListElement\":[{\"@type\":\"ListItem\",\"position\":1,\"name\":\"Home\",\"item\":\"https:\\\/\\\/asalsports.org\\\/\"},{\"@type\":\"ListItem\",\"position\":2,\"name\":\"Shop\",\"item\":\"https:\\\/\\\/asalsports.org\\\/about\\\/shop\\\/\"},{\"@type\":\"ListItem\",\"position\":3,\"name\":\"Edited Video highlight film\"}]},{\"@type\":\"WebSite\",\"@id\":\"https:\\\/\\\/asalsports.org\\\/#website\",\"url\":\"https:\\\/\\\/asalsports.org\\\/\",\"name\":\"University Scholarships, International Tournaments & Pro soccer tryouts\",\"description\":\"NCAA, NAIA, NJCAA University placement service, pro soccer tryouts, International soccer tournaments and video services.\",\"publisher\":{\"@id\":\"https:\\\/\\\/asalsports.org\\\/#organization\"},\"alternateName\":\"ASAL Sports - Get Scholarships\",\"potentialAction\":[{\"@type\":\"SearchAction\",\"target\":{\"@type\":\"EntryPoint\",\"urlTemplate\":\"https:\\\/\\\/asalsports.org\\\/?s={search_term_string}\"},\"query-input\":{\"@type\":\"PropertyValueSpecification\",\"valueRequired\":true,\"valueName\":\"search_term_string\"}}],\"inLanguage\":\"fr-FR\"},{\"@type\":\"Organization\",\"@id\":\"https:\\\/\\\/asalsports.org\\\/#organization\",\"name\":\"Asal Sports\",\"url\":\"https:\\\/\\\/asalsports.org\\\/\",\"logo\":{\"@type\":\"ImageObject\",\"inLanguage\":\"fr-FR\",\"@id\":\"https:\\\/\\\/asalsports.org\\\/#\\\/schema\\\/logo\\\/image\\\/\",\"url\":\"https:\\\/\\\/asalsports.org\\\/wp-content\\\/uploads\\\/2024\\\/01\\\/ASAL-Logo.png\",\"contentUrl\":\"https:\\\/\\\/asalsports.org\\\/wp-content\\\/uploads\\\/2024\\\/01\\\/ASAL-Logo.png\",\"width\":2831,\"height\":1452,\"caption\":\"Asal Sports\"},\"image\":{\"@id\":\"https:\\\/\\\/asalsports.org\\\/#\\\/schema\\\/logo\\\/image\\\/\"},\"sameAs\":[\"https:\\\/\\\/www.facebook.com\\\/Asalsports\\\/\",\"https:\\\/\\\/x.com\\\/ASAL_USA_\",\"https:\\\/\\\/www.youtube.com\\\/channel\\\/UCd9xaVNDj2LlVHeTpBeBeOQ\",\"https:\\\/\\\/www.linkedin.com\\\/company\\\/american-student-athlete-logistics\",\"https:\\\/\\\/www.instagram.com\\\/asalsports\\\/\"]}]}<\/script>\n<meta property=\"og:availability\" content=\"instock\" \/>\n<meta property=\"product:availability\" content=\"instock\" \/>\n<meta property=\"product:retailer_item_id\" content=\"Videoedit\" \/>\n<meta property=\"product:condition\" content=\"new\" \/>\n<!-- \/ Yoast SEO Premium plugin. -->","yoast_head_json":{"title":"Highlight Film & Editing Options with Club Logo | ASAL Sports","description":"We offer personalized video editing services tailored to our clients\u2019 needs, which can significantly increase their chances of securing athletic scholarships or professional club opportunities.","robots":{"index":"index","follow":"follow","max-snippet":"max-snippet:-1","max-image-preview":"max-image-preview:large","max-video-preview":"max-video-preview:-1"},"canonical":"https:\/\/asalsports.org\/fr\/produit\/edited-video-highlight-film\/","og_locale":"fr_FR","og_type":"article","og_title":"Highlight Film & Editing Options with Club Logo | ASAL Sports","og_description":"Highlight & full game videos are an essential part in recruiting process. In depth video further increases offers and contacts from coaches.","og_url":"https:\/\/asalsports.org\/fr\/produit\/edited-video-highlight-film\/","og_site_name":"USA University placement, Pro soccer tryouts &amp; International Tournaments","article_publisher":"https:\/\/www.facebook.com\/Asalsports\/","article_modified_time":"2024-03-16T21:55:03+00:00","og_image":[{"width":1786,"height":1413,"url":"https:\/\/asalsports.org\/wp-content\/uploads\/2019\/03\/video-2-2-e1704951472442.jpg","type":"image\/jpeg"}],"twitter_card":"summary_large_image","twitter_title":"Highlight Film & Editing Options with Club Logo | ASAL Sports","twitter_description":"Highlight & full game videos are an essential part in recruiting process. In depth video further increases offers and contacts from coaches.","twitter_site":"@ASAL_USA_","twitter_misc":{"Disponibilit\u00e9":"En stock"},"schema":{"@context":"https:\/\/schema.org","@graph":[{"@type":"WebPage","@id":"https:\/\/asalsports.org\/product\/edited-video-highlight-film\/","url":"https:\/\/asalsports.org\/product\/edited-video-highlight-film\/","name":"Highlight Film & Editing Options with Club Logo | ASAL Sports","isPartOf":{"@id":"https:\/\/asalsports.org\/#website"},"primaryImageOfPage":{"@id":"https:\/\/asalsports.org\/product\/edited-video-highlight-film\/#primaryimage"},"image":{"@id":"https:\/\/asalsports.org\/product\/edited-video-highlight-film\/#primaryimage"},"thumbnailUrl":"https:\/\/asalsports.org\/wp-content\/uploads\/2019\/03\/video-2-2-e1704951472442.jpg","datePublished":"2019-03-21T22:50:17+00:00","dateModified":"2024-03-16T21:55:03+00:00","description":"We offer personalized video editing services tailored to our clients\u2019 needs, which can significantly increase their chances of securing athletic scholarships or professional club opportunities.","breadcrumb":{"@id":"https:\/\/asalsports.org\/product\/edited-video-highlight-film\/#breadcrumb"},"inLanguage":"fr-FR","potentialAction":[{"@type":"ReadAction","target":["https:\/\/asalsports.org\/product\/edited-video-highlight-film\/"]}]},{"@type":"ImageObject","inLanguage":"fr-FR","@id":"https:\/\/asalsports.org\/product\/edited-video-highlight-film\/#primaryimage","url":"https:\/\/asalsports.org\/wp-content\/uploads\/2019\/03\/video-2-2-e1704951472442.jpg","contentUrl":"https:\/\/asalsports.org\/wp-content\/uploads\/2019\/03\/video-2-2-e1704951472442.jpg","width":1786,"height":1413},{"@type":"BreadcrumbList","@id":"https:\/\/asalsports.org\/product\/edited-video-highlight-film\/#breadcrumb","itemListElement":[{"@type":"ListItem","position":1,"name":"Home","item":"https:\/\/asalsports.org\/"},{"@type":"ListItem","position":2,"name":"Shop","item":"https:\/\/asalsports.org\/about\/shop\/"},{"@type":"ListItem","position":3,"name":"Edited Video highlight film"}]},{"@type":"WebSite","@id":"https:\/\/asalsports.org\/#website","url":"https:\/\/asalsports.org\/","name":"University Scholarships, International Tournaments & Pro soccer tryouts","description":"NCAA, NAIA, NJCAA University placement service, pro soccer tryouts, International soccer tournaments and video services.","publisher":{"@id":"https:\/\/asalsports.org\/#organization"},"alternateName":"ASAL Sports - Get Scholarships","potentialAction":[{"@type":"SearchAction","target":{"@type":"EntryPoint","urlTemplate":"https:\/\/asalsports.org\/?s={search_term_string}"},"query-input":{"@type":"PropertyValueSpecification","valueRequired":true,"valueName":"search_term_string"}}],"inLanguage":"fr-FR"},{"@type":"Organization","@id":"https:\/\/asalsports.org\/#organization","name":"Asal Sports","url":"https:\/\/asalsports.org\/","logo":{"@type":"ImageObject","inLanguage":"fr-FR","@id":"https:\/\/asalsports.org\/#\/schema\/logo\/image\/","url":"https:\/\/asalsports.org\/wp-content\/uploads\/2024\/01\/ASAL-Logo.png","contentUrl":"https:\/\/asalsports.org\/wp-content\/uploads\/2024\/01\/ASAL-Logo.png","width":2831,"height":1452,"caption":"Asal Sports"},"image":{"@id":"https:\/\/asalsports.org\/#\/schema\/logo\/image\/"},"sameAs":["https:\/\/www.facebook.com\/Asalsports\/","https:\/\/x.com\/ASAL_USA_","https:\/\/www.youtube.com\/channel\/UCd9xaVNDj2LlVHeTpBeBeOQ","https:\/\/www.linkedin.com\/company\/american-student-athlete-logistics","https:\/\/www.instagram.com\/asalsports\/"]}]},"og_availability":"instock","product_availability":"instock","product_retailer_item_id":"Videoedit","product_condition":"new"},"_links":{"self":[{"href":"https:\/\/asalsports.org\/fr\/wp-json\/wp\/v2\/product\/481","targetHints":{"allow":["GET"]}}],"collection":[{"href":"https:\/\/asalsports.org\/fr\/wp-json\/wp\/v2\/product"}],"about":[{"href":"https:\/\/asalsports.org\/fr\/wp-json\/wp\/v2\/types\/product"}],"replies":[{"embeddable":true,"href":"https:\/\/asalsports.org\/fr\/wp-json\/wp\/v2\/comments?post=481"}],"wp:featuredmedia":[{"embeddable":true,"href":"https:\/\/asalsports.org\/fr\/wp-json\/wp\/v2\/media\/2517"}],"wp:attachment":[{"href":"https:\/\/asalsports.org\/fr\/wp-json\/wp\/v2\/media?parent=481"}],"wp:term":[{"taxonomy":"product_brand","embeddable":true,"href":"https:\/\/asalsports.org\/fr\/wp-json\/wp\/v2\/product_brand?post=481"},{"taxonomy":"product_cat","embeddable":true,"href":"https:\/\/asalsports.org\/fr\/wp-json\/wp\/v2\/product_cat?post=481"},{"taxonomy":"product_tag","embeddable":true,"href":"https:\/\/asalsports.org\/fr\/wp-json\/wp\/v2\/product_tag?post=481"}],"curies":[{"name":"wp","href":"https:\/\/api.w.org\/{rel}","templated":true}]}}