{"id":5962,"date":"2024-01-04T16:59:35","date_gmt":"2024-01-04T16:59:35","guid":{"rendered":"https:\/\/asalsports.org\/?post_type=product&#038;p=5962"},"modified":"2024-04-22T20:26:02","modified_gmt":"2024-04-22T20:26:02","slug":"usa-pro-tryouts","status":"publish","type":"product","link":"https:\/\/asalsports.org\/fr\/produit\/usa-pro-tryouts\/","title":{"rendered":"Pro Soccer Tryouts"},"content":{"rendered":"<p>Rejoignez-nous \u00e0 l'essai de football professionnel de l'ASAL au Kansas. C'est une excellente occasion de montrer vos comp\u00e9tences \u00e0 des entra\u00eeneurs et agents professionnels et semi-professionnels d'Europe et des \u00c9tats-Unis. Faites passer votre carri\u00e8re de footballeur au niveau sup\u00e9rieur, gagnez une exposition pr\u00e9cieuse et entrez en contact avec des entra\u00eeneurs et des agents professionnels dans notre r\u00e9seau. Inscrivez-vous d\u00e8s maintenant et donnez le coup d'envoi \u00e0 votre carri\u00e8re de footballeur professionnel.<\/p>","protected":false},"excerpt":{"rendered":"<p>Join us at ASAL&#8217;s Pro Soccer Tryout in Kansas. This is an excellent opportunity to showcase your skills to professional and semi-professional coaches and agents from Europe and the USA. Take your soccer career to the next level, gain valuable exposure, and connect with pro coaches and agents in our network. Register now and kick-start [&hellip;]<\/p>","protected":false},"featured_media":6955,"comment_status":"open","ping_status":"closed","template":"","meta":{"_acf_changed":false,"_monsterinsights_skip_tracking":false,"_monsterinsights_sitenote_active":false,"_monsterinsights_sitenote_note":"","_monsterinsights_sitenote_category":0,"pgc_sgb_lightbox_settings":""},"product_brand":[],"product_cat":[22],"product_tag":[],"class_list":{"0":"post-5962","1":"product","2":"type-product","3":"status-publish","4":"has-post-thumbnail","6":"product_cat-pro-tryouts","8":"first","9":"instock","10":"taxable","11":"shipping-taxable","12":"purchasable","13":"product-type-variable"},"acf":[],"yoast_head":"<!-- This site is optimized with the Yoast SEO Premium plugin v22.0 (Yoast SEO v27.4) - https:\/\/yoast.com\/product\/yoast-seo-premium-wordpress\/ -->\n<title>Pro Soccer Tryouts in the USA: Get a contract today - USA University placement, Pro soccer tryouts &amp; International Tournaments<\/title>\n<meta name=\"description\" content=\"Pro Soccer Tryouts: Turn your soccer dreams into reality with our Pro Soccer Tryouts. New leagues, teammates, coaches, and games await. Let&#039;s get started.\" \/>\n<meta name=\"robots\" content=\"index, follow, max-snippet:-1, max-image-preview:large, max-video-preview:-1\" \/>\n<link rel=\"canonical\" href=\"https:\/\/asalsports.org\/fr\/produit\/usa-pro-tryouts\/\" \/>\n<meta property=\"og:locale\" content=\"fr_FR\" \/>\n<meta property=\"og:type\" content=\"article\" \/>\n<meta property=\"og:title\" content=\"Pro Soccer Tryouts: Coaches &amp; agents present\" \/>\n<meta property=\"og:description\" content=\"Dream Big - ASAL Pro soccer Tryout. Take your soccer career to the next level, gain valuable exposure, and work with Pro coaches and agents. \u26bd\ufe0f\" \/>\n<meta property=\"og:url\" content=\"https:\/\/asalsports.org\/fr\/produit\/usa-pro-tryouts\/\" \/>\n<meta property=\"og:site_name\" content=\"USA University placement, Pro soccer tryouts &amp; International Tournaments\" \/>\n<meta property=\"article:publisher\" content=\"https:\/\/www.facebook.com\/Asalsports\/\" \/>\n<meta property=\"article:modified_time\" content=\"2024-04-22T20:26:02+00:00\" \/>\n<meta property=\"og:image\" content=\"https:\/\/asalsports.org\/wp-content\/uploads\/2024\/01\/Pro-tryouts.jpg\" \/>\n\t<meta property=\"og:image:width\" content=\"945\" \/>\n\t<meta property=\"og:image:height\" content=\"945\" \/>\n\t<meta property=\"og:image:type\" content=\"image\/jpeg\" \/>\n<meta name=\"twitter:card\" content=\"summary_large_image\" \/>\n<meta name=\"twitter:title\" content=\"Pro Soccer Tryouts: Coaches &amp; agents present\" \/>\n<meta name=\"twitter:description\" content=\"Dream Big - ASAL Pro soccer Tryout. Take your soccer career to the next level, gain valuable exposure, and work with Pro coaches and agents. \u26bd\ufe0f\" \/>\n<meta name=\"twitter:site\" content=\"@ASAL_USA_\" \/>\n<meta name=\"twitter:label1\" content=\"Disponibilit\u00e9\" \/>\n\t<meta name=\"twitter:data1\" content=\"En stock\" \/>\n<script type=\"application\/ld+json\" class=\"yoast-schema-graph\">{\"@context\":\"https:\\\/\\\/schema.org\",\"@graph\":[{\"@type\":\"WebPage\",\"@id\":\"https:\\\/\\\/asalsports.org\\\/product\\\/usa-pro-tryouts\\\/\",\"url\":\"https:\\\/\\\/asalsports.org\\\/product\\\/usa-pro-tryouts\\\/\",\"name\":\"Pro Soccer Tryouts in the USA: Get a contract today - USA University placement, Pro soccer tryouts &amp; International Tournaments\",\"isPartOf\":{\"@id\":\"https:\\\/\\\/asalsports.org\\\/#website\"},\"primaryImageOfPage\":{\"@id\":\"https:\\\/\\\/asalsports.org\\\/product\\\/usa-pro-tryouts\\\/#primaryimage\"},\"image\":{\"@id\":\"https:\\\/\\\/asalsports.org\\\/product\\\/usa-pro-tryouts\\\/#primaryimage\"},\"thumbnailUrl\":\"https:\\\/\\\/asalsports.org\\\/wp-content\\\/uploads\\\/2024\\\/01\\\/Pro-tryouts-1.jpg\",\"datePublished\":\"2024-01-04T16:59:35+00:00\",\"dateModified\":\"2024-04-22T20:26:02+00:00\",\"description\":\"Pro Soccer Tryouts: Turn your soccer dreams into reality with our Pro Soccer Tryouts. New leagues, teammates, coaches, and games await. Let's get started.\",\"breadcrumb\":{\"@id\":\"https:\\\/\\\/asalsports.org\\\/product\\\/usa-pro-tryouts\\\/#breadcrumb\"},\"inLanguage\":\"fr-FR\",\"potentialAction\":[{\"@type\":\"ReadAction\",\"target\":[\"https:\\\/\\\/asalsports.org\\\/product\\\/usa-pro-tryouts\\\/\"]}]},{\"@type\":\"ImageObject\",\"inLanguage\":\"fr-FR\",\"@id\":\"https:\\\/\\\/asalsports.org\\\/product\\\/usa-pro-tryouts\\\/#primaryimage\",\"url\":\"https:\\\/\\\/asalsports.org\\\/wp-content\\\/uploads\\\/2024\\\/01\\\/Pro-tryouts-1.jpg\",\"contentUrl\":\"https:\\\/\\\/asalsports.org\\\/wp-content\\\/uploads\\\/2024\\\/01\\\/Pro-tryouts-1.jpg\",\"width\":1080,\"height\":1080,\"caption\":\"Pro soccer tryouts\"},{\"@type\":\"BreadcrumbList\",\"@id\":\"https:\\\/\\\/asalsports.org\\\/product\\\/usa-pro-tryouts\\\/#breadcrumb\",\"itemListElement\":[{\"@type\":\"ListItem\",\"position\":1,\"name\":\"Home\",\"item\":\"https:\\\/\\\/asalsports.org\\\/\"},{\"@type\":\"ListItem\",\"position\":2,\"name\":\"Shop\",\"item\":\"https:\\\/\\\/asalsports.org\\\/about\\\/shop\\\/\"},{\"@type\":\"ListItem\",\"position\":3,\"name\":\"Pro Soccer Tryouts\"}]},{\"@type\":\"WebSite\",\"@id\":\"https:\\\/\\\/asalsports.org\\\/#website\",\"url\":\"https:\\\/\\\/asalsports.org\\\/\",\"name\":\"University Scholarships, International Tournaments & Pro soccer tryouts\",\"description\":\"NCAA, NAIA, NJCAA University placement service, pro soccer tryouts, International soccer tournaments and video services.\",\"publisher\":{\"@id\":\"https:\\\/\\\/asalsports.org\\\/#organization\"},\"alternateName\":\"ASAL Sports - Get Scholarships\",\"potentialAction\":[{\"@type\":\"SearchAction\",\"target\":{\"@type\":\"EntryPoint\",\"urlTemplate\":\"https:\\\/\\\/asalsports.org\\\/?s={search_term_string}\"},\"query-input\":{\"@type\":\"PropertyValueSpecification\",\"valueRequired\":true,\"valueName\":\"search_term_string\"}}],\"inLanguage\":\"fr-FR\"},{\"@type\":\"Organization\",\"@id\":\"https:\\\/\\\/asalsports.org\\\/#organization\",\"name\":\"Asal Sports\",\"url\":\"https:\\\/\\\/asalsports.org\\\/\",\"logo\":{\"@type\":\"ImageObject\",\"inLanguage\":\"fr-FR\",\"@id\":\"https:\\\/\\\/asalsports.org\\\/#\\\/schema\\\/logo\\\/image\\\/\",\"url\":\"https:\\\/\\\/asalsports.org\\\/wp-content\\\/uploads\\\/2024\\\/01\\\/ASAL-Logo.png\",\"contentUrl\":\"https:\\\/\\\/asalsports.org\\\/wp-content\\\/uploads\\\/2024\\\/01\\\/ASAL-Logo.png\",\"width\":2831,\"height\":1452,\"caption\":\"Asal Sports\"},\"image\":{\"@id\":\"https:\\\/\\\/asalsports.org\\\/#\\\/schema\\\/logo\\\/image\\\/\"},\"sameAs\":[\"https:\\\/\\\/www.facebook.com\\\/Asalsports\\\/\",\"https:\\\/\\\/x.com\\\/ASAL_USA_\",\"https:\\\/\\\/www.youtube.com\\\/channel\\\/UCd9xaVNDj2LlVHeTpBeBeOQ\",\"https:\\\/\\\/www.linkedin.com\\\/company\\\/american-student-athlete-logistics\",\"https:\\\/\\\/www.instagram.com\\\/asalsports\\\/\"]}]}<\/script>\n<meta property=\"og:availability\" content=\"instock\" \/>\n<meta property=\"product:availability\" content=\"instock\" \/>\n<meta property=\"product:retailer_item_id\" content=\"Pro-tryouts\" \/>\n<meta property=\"product:condition\" content=\"new\" \/>\n<!-- \/ Yoast SEO Premium plugin. -->","yoast_head_json":{"title":"Pro Soccer Tryouts in the USA: Get a contract today - USA University placement, Pro soccer tryouts &amp; International Tournaments","description":"Pro Soccer Tryouts: Turn your soccer dreams into reality with our Pro Soccer Tryouts. New leagues, teammates, coaches, and games await. Let's get started.","robots":{"index":"index","follow":"follow","max-snippet":"max-snippet:-1","max-image-preview":"max-image-preview:large","max-video-preview":"max-video-preview:-1"},"canonical":"https:\/\/asalsports.org\/fr\/produit\/usa-pro-tryouts\/","og_locale":"fr_FR","og_type":"article","og_title":"Pro Soccer Tryouts: Coaches & agents present","og_description":"Dream Big - ASAL Pro soccer Tryout. Take your soccer career to the next level, gain valuable exposure, and work with Pro coaches and agents. \u26bd\ufe0f","og_url":"https:\/\/asalsports.org\/fr\/produit\/usa-pro-tryouts\/","og_site_name":"USA University placement, Pro soccer tryouts &amp; International Tournaments","article_publisher":"https:\/\/www.facebook.com\/Asalsports\/","article_modified_time":"2024-04-22T20:26:02+00:00","og_image":[{"width":945,"height":945,"url":"https:\/\/asalsports.org\/wp-content\/uploads\/2024\/01\/Pro-tryouts.jpg","type":"image\/jpeg"}],"twitter_card":"summary_large_image","twitter_title":"Pro Soccer Tryouts: Coaches & agents present","twitter_description":"Dream Big - ASAL Pro soccer Tryout. Take your soccer career to the next level, gain valuable exposure, and work with Pro coaches and agents. \u26bd\ufe0f","twitter_site":"@ASAL_USA_","twitter_misc":{"Disponibilit\u00e9":"En stock"},"schema":{"@context":"https:\/\/schema.org","@graph":[{"@type":"WebPage","@id":"https:\/\/asalsports.org\/product\/usa-pro-tryouts\/","url":"https:\/\/asalsports.org\/product\/usa-pro-tryouts\/","name":"Pro Soccer Tryouts in the USA: Get a contract today - USA University placement, Pro soccer tryouts &amp; International Tournaments","isPartOf":{"@id":"https:\/\/asalsports.org\/#website"},"primaryImageOfPage":{"@id":"https:\/\/asalsports.org\/product\/usa-pro-tryouts\/#primaryimage"},"image":{"@id":"https:\/\/asalsports.org\/product\/usa-pro-tryouts\/#primaryimage"},"thumbnailUrl":"https:\/\/asalsports.org\/wp-content\/uploads\/2024\/01\/Pro-tryouts-1.jpg","datePublished":"2024-01-04T16:59:35+00:00","dateModified":"2024-04-22T20:26:02+00:00","description":"Pro Soccer Tryouts: Turn your soccer dreams into reality with our Pro Soccer Tryouts. New leagues, teammates, coaches, and games await. Let's get started.","breadcrumb":{"@id":"https:\/\/asalsports.org\/product\/usa-pro-tryouts\/#breadcrumb"},"inLanguage":"fr-FR","potentialAction":[{"@type":"ReadAction","target":["https:\/\/asalsports.org\/product\/usa-pro-tryouts\/"]}]},{"@type":"ImageObject","inLanguage":"fr-FR","@id":"https:\/\/asalsports.org\/product\/usa-pro-tryouts\/#primaryimage","url":"https:\/\/asalsports.org\/wp-content\/uploads\/2024\/01\/Pro-tryouts-1.jpg","contentUrl":"https:\/\/asalsports.org\/wp-content\/uploads\/2024\/01\/Pro-tryouts-1.jpg","width":1080,"height":1080,"caption":"Pro soccer tryouts"},{"@type":"BreadcrumbList","@id":"https:\/\/asalsports.org\/product\/usa-pro-tryouts\/#breadcrumb","itemListElement":[{"@type":"ListItem","position":1,"name":"Home","item":"https:\/\/asalsports.org\/"},{"@type":"ListItem","position":2,"name":"Shop","item":"https:\/\/asalsports.org\/about\/shop\/"},{"@type":"ListItem","position":3,"name":"Pro Soccer Tryouts"}]},{"@type":"WebSite","@id":"https:\/\/asalsports.org\/#website","url":"https:\/\/asalsports.org\/","name":"University Scholarships, International Tournaments & Pro soccer tryouts","description":"NCAA, NAIA, NJCAA University placement service, pro soccer tryouts, International soccer tournaments and video services.","publisher":{"@id":"https:\/\/asalsports.org\/#organization"},"alternateName":"ASAL Sports - Get Scholarships","potentialAction":[{"@type":"SearchAction","target":{"@type":"EntryPoint","urlTemplate":"https:\/\/asalsports.org\/?s={search_term_string}"},"query-input":{"@type":"PropertyValueSpecification","valueRequired":true,"valueName":"search_term_string"}}],"inLanguage":"fr-FR"},{"@type":"Organization","@id":"https:\/\/asalsports.org\/#organization","name":"Asal Sports","url":"https:\/\/asalsports.org\/","logo":{"@type":"ImageObject","inLanguage":"fr-FR","@id":"https:\/\/asalsports.org\/#\/schema\/logo\/image\/","url":"https:\/\/asalsports.org\/wp-content\/uploads\/2024\/01\/ASAL-Logo.png","contentUrl":"https:\/\/asalsports.org\/wp-content\/uploads\/2024\/01\/ASAL-Logo.png","width":2831,"height":1452,"caption":"Asal Sports"},"image":{"@id":"https:\/\/asalsports.org\/#\/schema\/logo\/image\/"},"sameAs":["https:\/\/www.facebook.com\/Asalsports\/","https:\/\/x.com\/ASAL_USA_","https:\/\/www.youtube.com\/channel\/UCd9xaVNDj2LlVHeTpBeBeOQ","https:\/\/www.linkedin.com\/company\/american-student-athlete-logistics","https:\/\/www.instagram.com\/asalsports\/"]}]},"og_availability":"instock","product_availability":"instock","product_retailer_item_id":"Pro-tryouts","product_condition":"new"},"_links":{"self":[{"href":"https:\/\/asalsports.org\/fr\/wp-json\/wp\/v2\/product\/5962","targetHints":{"allow":["GET"]}}],"collection":[{"href":"https:\/\/asalsports.org\/fr\/wp-json\/wp\/v2\/product"}],"about":[{"href":"https:\/\/asalsports.org\/fr\/wp-json\/wp\/v2\/types\/product"}],"replies":[{"embeddable":true,"href":"https:\/\/asalsports.org\/fr\/wp-json\/wp\/v2\/comments?post=5962"}],"wp:featuredmedia":[{"embeddable":true,"href":"https:\/\/asalsports.org\/fr\/wp-json\/wp\/v2\/media\/6955"}],"wp:attachment":[{"href":"https:\/\/asalsports.org\/fr\/wp-json\/wp\/v2\/media?parent=5962"}],"wp:term":[{"taxonomy":"product_brand","embeddable":true,"href":"https:\/\/asalsports.org\/fr\/wp-json\/wp\/v2\/product_brand?post=5962"},{"taxonomy":"product_cat","embeddable":true,"href":"https:\/\/asalsports.org\/fr\/wp-json\/wp\/v2\/product_cat?post=5962"},{"taxonomy":"product_tag","embeddable":true,"href":"https:\/\/asalsports.org\/fr\/wp-json\/wp\/v2\/product_tag?post=5962"}],"curies":[{"name":"wp","href":"https:\/\/api.w.org\/{rel}","templated":true}]}}