{"id":176,"date":"2019-03-12T20:57:15","date_gmt":"2019-03-12T20:57:15","guid":{"rendered":"http:\/\/new.asalsports.org\/?page_id=176"},"modified":"2024-06-20T09:40:04","modified_gmt":"2024-06-20T09:40:04","slug":"giving-back-partners","status":"publish","type":"page","link":"https:\/\/asalsports.org\/pt\/about\/giving-back-partners\/","title":{"rendered":"Servi\u00e7os e parceiros"},"content":{"rendered":"<h2>FORMUL\u00c1RIO DE CANDIDATURA<\/h2>\n<p>A ASAL est\u00e1 empenhada em apoiar os Objectivos de Desenvolvimento Sustent\u00e1vel, que s\u00e3o 17 objectivos globais destinados a reduzir a pobreza, a desigualdade, as altera\u00e7\u00f5es clim\u00e1ticas e a degrada\u00e7\u00e3o ambiental, e a promover a prosperidade, a paz e a justi\u00e7a. A nossa organiza\u00e7\u00e3o visa melhorar a qualidade da educa\u00e7\u00e3o e promover a igualdade de g\u00e9nero atrav\u00e9s do desporto e da educa\u00e7\u00e3o. At\u00e9 2025, esperamos fornecer mais de $10.000.000 em bolsas de estudo aos nossos clientes, permitindo-lhes prosseguir estudos superiores em universidades dos Estados Unidos.<\/p>\n<h3>BECA AMADOU DOUMBIA<br \/>\n<\/h3>\n<p>A Bolsa de Estudo Amadou Doumbia \u00e9 uma bolsa de estudo memorial destinada a ajudar estudantes e atletas desfavorecidos do Terceiro Mundo e de pa\u00edses em desenvolvimento a prosseguirem os seus estudos universit\u00e1rios e as suas actividades desportivas.<\/p>\n<p><b>Requisitos para os candidatos<\/b><\/p>\n<ul>\n<li style=\"font-weight: 400;\" aria-level=\"1\">Ter uma necessidade financeira real (programa nacional de cantinas escolares, assist\u00eancia social ou teste fiscal).<\/li>\n<li style=\"font-weight: 400;\" aria-level=\"1\">Enviar o seu CV<\/li>\n<li style=\"font-weight: 400;\" aria-level=\"1\">Apresenta\u00e7\u00e3o da transcri\u00e7\u00e3o dos registos\/teste de coloca\u00e7\u00e3o\u00a0<\/li>\n<li style=\"font-weight: 400;\" aria-level=\"1\">Tr\u00eas cartas de recomenda\u00e7\u00e3o<\/li>\n<\/ul>\n<p>\t\t\t<a href=\"https:\/\/form.jotform.com\/233028797075161\" target=\"_blank\" rel=\"noopener\"><br \/>\n\t\t\t\t\t\tCANDIDATAR-SE AGORA<br \/>\n\t\t\t\t\t<\/a><\/p>\n<h3>CAMPANHA DE MANUTEN\u00c7\u00c3O DA PAZ<br \/>\n<\/h3>\n<p>A campanha Keep the Peace centra-se na doa\u00e7\u00e3o de equipamento, servi\u00e7os, treino, educa\u00e7\u00e3o e bolsas de estudo a crian\u00e7as desfavorecidas em todo o mundo. A nossa estrat\u00e9gia global visa abordar as taxas de abandono escolar, a falta de equipamento e recursos desportivos e a igualdade de g\u00e9nero. <\/p>\n<h3>COMO AJUDAR<br \/>\n<\/h3>\n<p><strong>DOA\u00c7\u00d5ES<\/strong><br \/>Recursos : Patroc\u00ednios, parcerias, bolsas de estudo, voluntariado, material desportivo, livros e dinheiro.<\/p>\n<p><strong>PARCERIA, ANGARIA\u00c7\u00c3O DE FUNDOS E DONATIVOS<\/strong><br \/>Quer seja um indiv\u00edduo ou uma empresa, pode apoiar a nossa miss\u00e3o e vis\u00e3o ajudando-nos a angariar fundos e organizando campanhas de donativos.<\/p>\n<p><strong>VOLUNT\u00c1RIO\/FORMADOR<\/strong><br \/>Pode ser volunt\u00e1rio ou estagi\u00e1rio num dos nossos centros no Brasil, na \u00c1frica do Sul ou no Gana. \u00c9 uma \u00f3ptima maneira de ganhar experi\u00eancia em primeira m\u00e3o e ter um impacto nas pessoas, organiza\u00e7\u00f5es e simplesmente ajudar os outros.<\/p>\n<p>\t\t\t<a href=\"https:\/\/form.jotform.com\/233028797075161\" target=\"_blank\" rel=\"noopener\"><br \/>\n\t\t\t\t\t\tCANDIDATAR-SE AGORA<br \/>\n\t\t\t\t\t<\/a><\/p>\n<h3>Compartilhe-nos em:<\/h3>\n<p>\t\t\t\t\t\t\t\t\t\tFacebook<br \/>\n\t\t\t\t\t\t\t\t\t\tTwitter<br \/>\n\t\t\t\t\t\t\t\t\t\tLinkedIn<br \/>\n\t\t\t\t\t\t\t\t\t\tWhatsApp<\/p>","protected":false},"excerpt":{"rendered":"<p>APPLICATION FORM ASAL is dedicated to supporting the Sustainable Development Goals, which are 17 global goals aimed at reducing poverty, inequality, climate change, and environmental degradation, and promoting prosperity, peace, and justice. Our organization aims to improve quality education and foster gender equality through sports and education. By 2025, we hope to provide scholarships worth [&hellip;]<\/p>","protected":false},"author":1,"featured_media":0,"parent":10,"menu_order":0,"comment_status":"closed","ping_status":"closed","template":"","meta":{"_acf_changed":false,"_monsterinsights_skip_tracking":false,"_monsterinsights_sitenote_active":false,"_monsterinsights_sitenote_note":"","_monsterinsights_sitenote_category":0,"pgc_sgb_lightbox_settings":"","footnotes":""},"class_list":["post-176","page","type-page","status-publish","hentry"],"acf":[],"yoast_head":"<!-- This site is optimized with the Yoast SEO Premium plugin v22.0 (Yoast SEO v27.3) - https:\/\/yoast.com\/product\/yoast-seo-premium-wordpress\/ -->\n<title>The ASAL Sports Focuses on Quality Education &amp; Scholarships<\/title>\n<meta name=\"description\" content=\"ASAL organization focuses on quality education (#4) &amp; gender equality (#5) through sports, education &amp; scholarships from Universities.\" \/>\n<meta name=\"robots\" content=\"index, follow, max-snippet:-1, max-image-preview:large, max-video-preview:-1\" \/>\n<link rel=\"canonical\" href=\"https:\/\/asalsports.org\/pt\/about\/giving-back-partners\/\" \/>\n<meta property=\"og:locale\" content=\"pt_PT\" \/>\n<meta property=\"og:type\" content=\"article\" \/>\n<meta property=\"og:title\" content=\"The ASAL Sports Focuses on Quality Education &amp; Scholarships\" \/>\n<meta property=\"og:description\" content=\"ASAL organization focuses on quality education (#4) &amp; gender equality (#5) through sports, education &amp; scholarships from Universities.\" \/>\n<meta property=\"og:url\" content=\"https:\/\/asalsports.org\/pt\/about\/giving-back-partners\/\" \/>\n<meta property=\"og:site_name\" content=\"USA University placement, Pro soccer tryouts &amp; International Tournaments\" \/>\n<meta property=\"article:publisher\" content=\"https:\/\/www.facebook.com\/Asalsports\/\" \/>\n<meta property=\"article:modified_time\" content=\"2024-06-20T09:40:04+00:00\" \/>\n<meta property=\"og:image\" content=\"https:\/\/asalsports.org\/wp-content\/uploads\/2019\/03\/title-image-1.jpg\" \/>\n\t<meta property=\"og:image:width\" content=\"463\" \/>\n\t<meta property=\"og:image:height\" content=\"330\" \/>\n\t<meta property=\"og:image:type\" content=\"image\/jpeg\" \/>\n<meta name=\"twitter:card\" content=\"summary_large_image\" \/>\n<meta name=\"twitter:title\" content=\"The ASAL Sports Focuses on Quality Education &amp; Scholarships\" \/>\n<meta name=\"twitter:description\" content=\"ASAL organization focuses on quality education (#4) &amp; gender equality (#5) through sports, education &amp; scholarships from Universities.\" \/>\n<meta name=\"twitter:site\" content=\"@ASAL_USA_\" \/>\n<meta name=\"twitter:label1\" content=\"Tempo estimado de leitura\" \/>\n\t<meta name=\"twitter:data1\" content=\"2 minutos\" \/>\n<script type=\"application\/ld+json\" class=\"yoast-schema-graph\">{\"@context\":\"https:\\\/\\\/schema.org\",\"@graph\":[{\"@type\":\"WebPage\",\"@id\":\"https:\\\/\\\/asalsports.org\\\/about\\\/giving-back-partners\\\/\",\"url\":\"https:\\\/\\\/asalsports.org\\\/about\\\/giving-back-partners\\\/\",\"name\":\"The ASAL Sports Focuses on Quality Education & Scholarships\",\"isPartOf\":{\"@id\":\"https:\\\/\\\/asalsports.org\\\/#website\"},\"datePublished\":\"2019-03-12T20:57:15+00:00\",\"dateModified\":\"2024-06-20T09:40:04+00:00\",\"description\":\"ASAL organization focuses on quality education (#4) & gender equality (#5) through sports, education & scholarships from Universities.\",\"breadcrumb\":{\"@id\":\"https:\\\/\\\/asalsports.org\\\/about\\\/giving-back-partners\\\/#breadcrumb\"},\"inLanguage\":\"pt-PT\",\"potentialAction\":[{\"@type\":\"ReadAction\",\"target\":[\"https:\\\/\\\/asalsports.org\\\/about\\\/giving-back-partners\\\/\"]}]},{\"@type\":\"BreadcrumbList\",\"@id\":\"https:\\\/\\\/asalsports.org\\\/about\\\/giving-back-partners\\\/#breadcrumb\",\"itemListElement\":[{\"@type\":\"ListItem\",\"position\":1,\"name\":\"Home\",\"item\":\"https:\\\/\\\/asalsports.org\\\/\"},{\"@type\":\"ListItem\",\"position\":2,\"name\":\"About\",\"item\":\"https:\\\/\\\/asalsports.org\\\/?page_id=10\"},{\"@type\":\"ListItem\",\"position\":3,\"name\":\"Giving Back &#038; Partners\"}]},{\"@type\":\"WebSite\",\"@id\":\"https:\\\/\\\/asalsports.org\\\/#website\",\"url\":\"https:\\\/\\\/asalsports.org\\\/\",\"name\":\"University Scholarships, International Tournaments & Pro soccer tryouts\",\"description\":\"NCAA, NAIA, NJCAA University placement service, pro soccer tryouts, International soccer tournaments and video services.\",\"publisher\":{\"@id\":\"https:\\\/\\\/asalsports.org\\\/#organization\"},\"alternateName\":\"ASAL Sports - Get Scholarships\",\"potentialAction\":[{\"@type\":\"SearchAction\",\"target\":{\"@type\":\"EntryPoint\",\"urlTemplate\":\"https:\\\/\\\/asalsports.org\\\/?s={search_term_string}\"},\"query-input\":{\"@type\":\"PropertyValueSpecification\",\"valueRequired\":true,\"valueName\":\"search_term_string\"}}],\"inLanguage\":\"pt-PT\"},{\"@type\":\"Organization\",\"@id\":\"https:\\\/\\\/asalsports.org\\\/#organization\",\"name\":\"Asal Sports\",\"url\":\"https:\\\/\\\/asalsports.org\\\/\",\"logo\":{\"@type\":\"ImageObject\",\"inLanguage\":\"pt-PT\",\"@id\":\"https:\\\/\\\/asalsports.org\\\/#\\\/schema\\\/logo\\\/image\\\/\",\"url\":\"https:\\\/\\\/asalsports.org\\\/wp-content\\\/uploads\\\/2024\\\/01\\\/ASAL-Logo.png\",\"contentUrl\":\"https:\\\/\\\/asalsports.org\\\/wp-content\\\/uploads\\\/2024\\\/01\\\/ASAL-Logo.png\",\"width\":2831,\"height\":1452,\"caption\":\"Asal Sports\"},\"image\":{\"@id\":\"https:\\\/\\\/asalsports.org\\\/#\\\/schema\\\/logo\\\/image\\\/\"},\"sameAs\":[\"https:\\\/\\\/www.facebook.com\\\/Asalsports\\\/\",\"https:\\\/\\\/x.com\\\/ASAL_USA_\",\"https:\\\/\\\/www.youtube.com\\\/channel\\\/UCd9xaVNDj2LlVHeTpBeBeOQ\",\"https:\\\/\\\/www.linkedin.com\\\/company\\\/american-student-athlete-logistics\",\"https:\\\/\\\/www.instagram.com\\\/asalsports\\\/\"]}]}<\/script>\n<!-- \/ Yoast SEO Premium plugin. -->","yoast_head_json":{"title":"The ASAL Sports Focuses on Quality Education & Scholarships","description":"ASAL organization focuses on quality education (#4) & gender equality (#5) through sports, education & scholarships from Universities.","robots":{"index":"index","follow":"follow","max-snippet":"max-snippet:-1","max-image-preview":"max-image-preview:large","max-video-preview":"max-video-preview:-1"},"canonical":"https:\/\/asalsports.org\/pt\/about\/giving-back-partners\/","og_locale":"pt_PT","og_type":"article","og_title":"The ASAL Sports Focuses on Quality Education & Scholarships","og_description":"ASAL organization focuses on quality education (#4) & gender equality (#5) through sports, education & scholarships from Universities.","og_url":"https:\/\/asalsports.org\/pt\/about\/giving-back-partners\/","og_site_name":"USA University placement, Pro soccer tryouts &amp; International Tournaments","article_publisher":"https:\/\/www.facebook.com\/Asalsports\/","article_modified_time":"2024-06-20T09:40:04+00:00","og_image":[{"width":463,"height":330,"url":"https:\/\/asalsports.org\/wp-content\/uploads\/2019\/03\/title-image-1.jpg","type":"image\/jpeg"}],"twitter_card":"summary_large_image","twitter_title":"The ASAL Sports Focuses on Quality Education & Scholarships","twitter_description":"ASAL organization focuses on quality education (#4) & gender equality (#5) through sports, education & scholarships from Universities.","twitter_site":"@ASAL_USA_","twitter_misc":{"Tempo estimado de leitura":"2 minutos"},"schema":{"@context":"https:\/\/schema.org","@graph":[{"@type":"WebPage","@id":"https:\/\/asalsports.org\/about\/giving-back-partners\/","url":"https:\/\/asalsports.org\/about\/giving-back-partners\/","name":"The ASAL Sports Focuses on Quality Education & Scholarships","isPartOf":{"@id":"https:\/\/asalsports.org\/#website"},"datePublished":"2019-03-12T20:57:15+00:00","dateModified":"2024-06-20T09:40:04+00:00","description":"ASAL organization focuses on quality education (#4) & gender equality (#5) through sports, education & scholarships from Universities.","breadcrumb":{"@id":"https:\/\/asalsports.org\/about\/giving-back-partners\/#breadcrumb"},"inLanguage":"pt-PT","potentialAction":[{"@type":"ReadAction","target":["https:\/\/asalsports.org\/about\/giving-back-partners\/"]}]},{"@type":"BreadcrumbList","@id":"https:\/\/asalsports.org\/about\/giving-back-partners\/#breadcrumb","itemListElement":[{"@type":"ListItem","position":1,"name":"Home","item":"https:\/\/asalsports.org\/"},{"@type":"ListItem","position":2,"name":"About","item":"https:\/\/asalsports.org\/?page_id=10"},{"@type":"ListItem","position":3,"name":"Giving Back &#038; Partners"}]},{"@type":"WebSite","@id":"https:\/\/asalsports.org\/#website","url":"https:\/\/asalsports.org\/","name":"University Scholarships, International Tournaments & Pro soccer tryouts","description":"NCAA, NAIA, NJCAA University placement service, pro soccer tryouts, International soccer tournaments and video services.","publisher":{"@id":"https:\/\/asalsports.org\/#organization"},"alternateName":"ASAL Sports - Get Scholarships","potentialAction":[{"@type":"SearchAction","target":{"@type":"EntryPoint","urlTemplate":"https:\/\/asalsports.org\/?s={search_term_string}"},"query-input":{"@type":"PropertyValueSpecification","valueRequired":true,"valueName":"search_term_string"}}],"inLanguage":"pt-PT"},{"@type":"Organization","@id":"https:\/\/asalsports.org\/#organization","name":"Asal Sports","url":"https:\/\/asalsports.org\/","logo":{"@type":"ImageObject","inLanguage":"pt-PT","@id":"https:\/\/asalsports.org\/#\/schema\/logo\/image\/","url":"https:\/\/asalsports.org\/wp-content\/uploads\/2024\/01\/ASAL-Logo.png","contentUrl":"https:\/\/asalsports.org\/wp-content\/uploads\/2024\/01\/ASAL-Logo.png","width":2831,"height":1452,"caption":"Asal Sports"},"image":{"@id":"https:\/\/asalsports.org\/#\/schema\/logo\/image\/"},"sameAs":["https:\/\/www.facebook.com\/Asalsports\/","https:\/\/x.com\/ASAL_USA_","https:\/\/www.youtube.com\/channel\/UCd9xaVNDj2LlVHeTpBeBeOQ","https:\/\/www.linkedin.com\/company\/american-student-athlete-logistics","https:\/\/www.instagram.com\/asalsports\/"]}]}},"_links":{"self":[{"href":"https:\/\/asalsports.org\/pt\/wp-json\/wp\/v2\/pages\/176","targetHints":{"allow":["GET"]}}],"collection":[{"href":"https:\/\/asalsports.org\/pt\/wp-json\/wp\/v2\/pages"}],"about":[{"href":"https:\/\/asalsports.org\/pt\/wp-json\/wp\/v2\/types\/page"}],"author":[{"embeddable":true,"href":"https:\/\/asalsports.org\/pt\/wp-json\/wp\/v2\/users\/1"}],"replies":[{"embeddable":true,"href":"https:\/\/asalsports.org\/pt\/wp-json\/wp\/v2\/comments?post=176"}],"version-history":[{"count":0,"href":"https:\/\/asalsports.org\/pt\/wp-json\/wp\/v2\/pages\/176\/revisions"}],"up":[{"embeddable":true,"href":"https:\/\/asalsports.org\/pt\/wp-json\/wp\/v2\/pages\/10"}],"wp:attachment":[{"href":"https:\/\/asalsports.org\/pt\/wp-json\/wp\/v2\/media?parent=176"}],"curies":[{"name":"wp","href":"https:\/\/api.w.org\/{rel}","templated":true}]}}