{"id":3567,"date":"2021-04-13T23:08:23","date_gmt":"2021-04-13T23:08:23","guid":{"rendered":"https:\/\/asalsports.org\/?post_type=product&#038;p=3567"},"modified":"2024-12-03T19:33:45","modified_gmt":"2024-12-03T19:33:45","slug":"ncaa-university-placement","status":"publish","type":"product","link":"https:\/\/asalsports.org\/pt\/produto\/ncaa-university-placement\/","title":{"rendered":"Coloca\u00e7\u00e3o em faculdades da NCAA"},"content":{"rendered":"<p><b>\ud83d\udce6 NCAA Packages<\/b><\/p>\n<p><span style=\"font-weight: 400;\">\ud83e\udd49 1-Month Package &#8211; $300<\/span><\/p>\n<p><span style=\"font-weight: 400;\">\ud83e\udd48 3-Month Package &#8211; $600<\/span><\/p>\n<p><span style=\"font-weight: 400;\">\ud83e\udd47 6-Month Package &#8211; $900<\/span><\/p>\n<p><b>\ud83c\udfc6 O que oferecemos<\/b><\/p>\n<p><b>\ud83d\udcda Avalia\u00e7\u00e3o da elegibilidade e educa\u00e7\u00e3o : <\/b><span style=\"font-weight: 400;\">Os nossos especialistas gui\u00e1-lo-\u00e3o atrav\u00e9s dos requisitos espec\u00edficos da NJCAA, certificando-se de que cumpre todos os crit\u00e9rios de transfer\u00eancia.<\/span><\/p>\n<p><b>\ud83e\udd1d Redes : <\/b><span style=\"font-weight: 400;\">Ligue-se a treinadores experientes, agentes e programas l\u00edderes, enquanto expande as suas oportunidades e rela\u00e7\u00f5es.<\/span><\/p>\n<p><b>\ud83d\udcb0 NIL &amp; Negocia\u00e7\u00e3o de subven\u00e7\u00f5es : <\/b><span style=\"font-weight: 400;\">Com a nossa ajuda, pode facilmente obter ofertas de bolsas de estudo impressionantes e navegar no mundo do nome, imagem e semelhan\u00e7a (NIL).<\/span><\/p>\n<p><span style=\"font-weight: 400;\">N\u00f3s tratamos das negocia\u00e7\u00f5es enquanto se concentra no seu jogo e nos seus estudos! Junte-se \u00e0 ASAL Sports hoje para ter certeza de que est\u00e1 no caminho certo para o sucesso como estudante-atleta. \ud83c\udf93\ud83c\udfc6<\/span><\/p>\n<p><span style=\"font-weight: 400;\">#ASALSports #NCAAD1 #NCAAD2 #NCAAD3 #UniversityPlacement #Scholarships #GetInTheGame #NCAAPlacementExperts #Universityscholarship #NCAAscholarships<\/span><\/p>","protected":false},"excerpt":{"rendered":"<p>Os servi\u00e7os de coloca\u00e7\u00e3o em universidades da NCAA da ASAL Sports (D1, D2, D3) foram concebidos para ajudar os estudantes-atletas a obter admiss\u00e3o, ofertas de bolsas de estudo e contratos permanentes de faculdades e universidades.<\/p>","protected":false},"featured_media":6601,"comment_status":"closed","ping_status":"closed","template":"","meta":{"_acf_changed":false,"_monsterinsights_skip_tracking":false,"_monsterinsights_sitenote_active":false,"_monsterinsights_sitenote_note":"","_monsterinsights_sitenote_category":0,"pgc_sgb_lightbox_settings":""},"product_brand":[],"product_cat":[19],"product_tag":[37,443,296,429,421,442,441,444,432,420],"class_list":{"0":"post-3567","1":"product","2":"type-product","3":"status-publish","4":"has-post-thumbnail","6":"product_cat-ncaa-naia-njcaa","7":"product_tag-ncaa","8":"product_tag-ncaa-basketball-scholarships","9":"product_tag-ncaa-event","10":"product_tag-ncaa-mens-soccer","11":"product_tag-ncaa-scholarships","12":"product_tag-ncaa-soccer","13":"product_tag-ncaa-universities","14":"product_tag-ncaa-womens-basketball","15":"product_tag-ncaa-womens-soccer","16":"product_tag-university-scholarships","18":"first","19":"instock","20":"taxable","21":"shipping-taxable","22":"purchasable","23":"product-type-variable"},"acf":[],"yoast_head":"<!-- This site is optimized with the Yoast SEO Premium plugin v22.0 (Yoast SEO v27.3) - https:\/\/yoast.com\/product\/yoast-seo-premium-wordpress\/ -->\n<title>NCAA University placement - USA University placement, Pro soccer tryouts &amp; International Tournaments<\/title>\n<meta name=\"description\" content=\"ASAL NCAA Universities package is a placement package for student athlete interested in the NCAA D1, NCAA D2 &amp; NCAA D3.\u00a0\u00a0\" \/>\n<meta name=\"robots\" content=\"index, follow, max-snippet:-1, max-image-preview:large, max-video-preview:-1\" \/>\n<link rel=\"canonical\" href=\"https:\/\/asalsports.org\/pt\/produto\/ncaa-university-placement\/\" \/>\n<meta property=\"og:locale\" content=\"pt_PT\" \/>\n<meta property=\"og:type\" content=\"article\" \/>\n<meta property=\"og:title\" content=\"NCAA University placement\" \/>\n<meta property=\"og:description\" content=\"ASAL NCAA Universities package is a placement package for student athlete interested in the NCAA D1, NCAA D2 &amp; NCAA D3.\u00a0\u00a0\" \/>\n<meta property=\"og:url\" content=\"https:\/\/asalsports.org\/pt\/produto\/ncaa-university-placement\/\" \/>\n<meta property=\"og:site_name\" content=\"USA University placement, Pro soccer tryouts &amp; International Tournaments\" \/>\n<meta property=\"article:publisher\" content=\"https:\/\/www.facebook.com\/Asalsports\/\" \/>\n<meta property=\"article:modified_time\" content=\"2024-12-03T19:33:45+00:00\" \/>\n<meta property=\"og:image\" content=\"https:\/\/asalsports.org\/wp-content\/uploads\/2021\/04\/NCAA-University-placement.jpg\" \/>\n\t<meta property=\"og:image:width\" content=\"1080\" \/>\n\t<meta property=\"og:image:height\" content=\"1080\" \/>\n\t<meta property=\"og:image:type\" content=\"image\/jpeg\" \/>\n<meta name=\"twitter:card\" content=\"summary_large_image\" \/>\n<meta name=\"twitter:site\" content=\"@ASAL_USA_\" \/>\n<meta name=\"twitter:label1\" content=\"Disponibilidade\" \/>\n\t<meta name=\"twitter:data1\" content=\"Em stock\" \/>\n<script type=\"application\/ld+json\" class=\"yoast-schema-graph\">{\"@context\":\"https:\\\/\\\/schema.org\",\"@graph\":[{\"@type\":\"WebPage\",\"@id\":\"https:\\\/\\\/asalsports.org\\\/product\\\/ncaa-university-placement\\\/\",\"url\":\"https:\\\/\\\/asalsports.org\\\/product\\\/ncaa-university-placement\\\/\",\"name\":\"NCAA University placement - USA University placement, Pro soccer tryouts &amp; International Tournaments\",\"isPartOf\":{\"@id\":\"https:\\\/\\\/asalsports.org\\\/#website\"},\"primaryImageOfPage\":{\"@id\":\"https:\\\/\\\/asalsports.org\\\/product\\\/ncaa-university-placement\\\/#primaryimage\"},\"image\":{\"@id\":\"https:\\\/\\\/asalsports.org\\\/product\\\/ncaa-university-placement\\\/#primaryimage\"},\"thumbnailUrl\":\"https:\\\/\\\/asalsports.org\\\/wp-content\\\/uploads\\\/2021\\\/04\\\/NCAA-University-placement.jpg\",\"datePublished\":\"2021-04-13T23:08:23+00:00\",\"dateModified\":\"2024-12-03T19:33:45+00:00\",\"description\":\"ASAL NCAA Universities package is a placement package for student athlete interested in the NCAA D1, NCAA D2 & NCAA D3.\u00a0\u00a0\",\"breadcrumb\":{\"@id\":\"https:\\\/\\\/asalsports.org\\\/product\\\/ncaa-university-placement\\\/#breadcrumb\"},\"inLanguage\":\"pt-PT\",\"potentialAction\":[{\"@type\":\"ReadAction\",\"target\":[\"https:\\\/\\\/asalsports.org\\\/product\\\/ncaa-university-placement\\\/\"]}]},{\"@type\":\"ImageObject\",\"inLanguage\":\"pt-PT\",\"@id\":\"https:\\\/\\\/asalsports.org\\\/product\\\/ncaa-university-placement\\\/#primaryimage\",\"url\":\"https:\\\/\\\/asalsports.org\\\/wp-content\\\/uploads\\\/2021\\\/04\\\/NCAA-University-placement.jpg\",\"contentUrl\":\"https:\\\/\\\/asalsports.org\\\/wp-content\\\/uploads\\\/2021\\\/04\\\/NCAA-University-placement.jpg\",\"width\":1080,\"height\":1080},{\"@type\":\"BreadcrumbList\",\"@id\":\"https:\\\/\\\/asalsports.org\\\/product\\\/ncaa-university-placement\\\/#breadcrumb\",\"itemListElement\":[{\"@type\":\"ListItem\",\"position\":1,\"name\":\"Home\",\"item\":\"https:\\\/\\\/asalsports.org\\\/\"},{\"@type\":\"ListItem\",\"position\":2,\"name\":\"Shop\",\"item\":\"https:\\\/\\\/asalsports.org\\\/about\\\/shop\\\/\"},{\"@type\":\"ListItem\",\"position\":3,\"name\":\"NCAA University placement\"}]},{\"@type\":\"WebSite\",\"@id\":\"https:\\\/\\\/asalsports.org\\\/#website\",\"url\":\"https:\\\/\\\/asalsports.org\\\/\",\"name\":\"University Scholarships, International Tournaments & Pro soccer tryouts\",\"description\":\"NCAA, NAIA, NJCAA University placement service, pro soccer tryouts, International soccer tournaments and video services.\",\"publisher\":{\"@id\":\"https:\\\/\\\/asalsports.org\\\/#organization\"},\"alternateName\":\"ASAL Sports - Get Scholarships\",\"potentialAction\":[{\"@type\":\"SearchAction\",\"target\":{\"@type\":\"EntryPoint\",\"urlTemplate\":\"https:\\\/\\\/asalsports.org\\\/?s={search_term_string}\"},\"query-input\":{\"@type\":\"PropertyValueSpecification\",\"valueRequired\":true,\"valueName\":\"search_term_string\"}}],\"inLanguage\":\"pt-PT\"},{\"@type\":\"Organization\",\"@id\":\"https:\\\/\\\/asalsports.org\\\/#organization\",\"name\":\"Asal Sports\",\"url\":\"https:\\\/\\\/asalsports.org\\\/\",\"logo\":{\"@type\":\"ImageObject\",\"inLanguage\":\"pt-PT\",\"@id\":\"https:\\\/\\\/asalsports.org\\\/#\\\/schema\\\/logo\\\/image\\\/\",\"url\":\"https:\\\/\\\/asalsports.org\\\/wp-content\\\/uploads\\\/2024\\\/01\\\/ASAL-Logo.png\",\"contentUrl\":\"https:\\\/\\\/asalsports.org\\\/wp-content\\\/uploads\\\/2024\\\/01\\\/ASAL-Logo.png\",\"width\":2831,\"height\":1452,\"caption\":\"Asal Sports\"},\"image\":{\"@id\":\"https:\\\/\\\/asalsports.org\\\/#\\\/schema\\\/logo\\\/image\\\/\"},\"sameAs\":[\"https:\\\/\\\/www.facebook.com\\\/Asalsports\\\/\",\"https:\\\/\\\/x.com\\\/ASAL_USA_\",\"https:\\\/\\\/www.youtube.com\\\/channel\\\/UCd9xaVNDj2LlVHeTpBeBeOQ\",\"https:\\\/\\\/www.linkedin.com\\\/company\\\/american-student-athlete-logistics\",\"https:\\\/\\\/www.instagram.com\\\/asalsports\\\/\"]}]}<\/script>\n<meta property=\"og:availability\" content=\"instock\" \/>\n<meta property=\"product:availability\" content=\"instock\" \/>\n<meta property=\"product:retailer_item_id\" content=\"NCAA\" \/>\n<meta property=\"product:condition\" content=\"new\" \/>\n<!-- \/ Yoast SEO Premium plugin. -->","yoast_head_json":{"title":"NCAA University placement - USA University placement, Pro soccer tryouts &amp; International Tournaments","description":"ASAL NCAA Universities package is a placement package for student athlete interested in the NCAA D1, NCAA D2 & NCAA D3.\u00a0\u00a0","robots":{"index":"index","follow":"follow","max-snippet":"max-snippet:-1","max-image-preview":"max-image-preview:large","max-video-preview":"max-video-preview:-1"},"canonical":"https:\/\/asalsports.org\/pt\/produto\/ncaa-university-placement\/","og_locale":"pt_PT","og_type":"article","og_title":"NCAA University placement","og_description":"ASAL NCAA Universities package is a placement package for student athlete interested in the NCAA D1, NCAA D2 & NCAA D3.\u00a0\u00a0","og_url":"https:\/\/asalsports.org\/pt\/produto\/ncaa-university-placement\/","og_site_name":"USA University placement, Pro soccer tryouts &amp; International Tournaments","article_publisher":"https:\/\/www.facebook.com\/Asalsports\/","article_modified_time":"2024-12-03T19:33:45+00:00","og_image":[{"width":1080,"height":1080,"url":"https:\/\/asalsports.org\/wp-content\/uploads\/2021\/04\/NCAA-University-placement.jpg","type":"image\/jpeg"}],"twitter_card":"summary_large_image","twitter_site":"@ASAL_USA_","twitter_misc":{"Disponibilidade":"Em stock"},"schema":{"@context":"https:\/\/schema.org","@graph":[{"@type":"WebPage","@id":"https:\/\/asalsports.org\/product\/ncaa-university-placement\/","url":"https:\/\/asalsports.org\/product\/ncaa-university-placement\/","name":"NCAA University placement - USA University placement, Pro soccer tryouts &amp; International Tournaments","isPartOf":{"@id":"https:\/\/asalsports.org\/#website"},"primaryImageOfPage":{"@id":"https:\/\/asalsports.org\/product\/ncaa-university-placement\/#primaryimage"},"image":{"@id":"https:\/\/asalsports.org\/product\/ncaa-university-placement\/#primaryimage"},"thumbnailUrl":"https:\/\/asalsports.org\/wp-content\/uploads\/2021\/04\/NCAA-University-placement.jpg","datePublished":"2021-04-13T23:08:23+00:00","dateModified":"2024-12-03T19:33:45+00:00","description":"ASAL NCAA Universities package is a placement package for student athlete interested in the NCAA D1, NCAA D2 & NCAA D3.\u00a0\u00a0","breadcrumb":{"@id":"https:\/\/asalsports.org\/product\/ncaa-university-placement\/#breadcrumb"},"inLanguage":"pt-PT","potentialAction":[{"@type":"ReadAction","target":["https:\/\/asalsports.org\/product\/ncaa-university-placement\/"]}]},{"@type":"ImageObject","inLanguage":"pt-PT","@id":"https:\/\/asalsports.org\/product\/ncaa-university-placement\/#primaryimage","url":"https:\/\/asalsports.org\/wp-content\/uploads\/2021\/04\/NCAA-University-placement.jpg","contentUrl":"https:\/\/asalsports.org\/wp-content\/uploads\/2021\/04\/NCAA-University-placement.jpg","width":1080,"height":1080},{"@type":"BreadcrumbList","@id":"https:\/\/asalsports.org\/product\/ncaa-university-placement\/#breadcrumb","itemListElement":[{"@type":"ListItem","position":1,"name":"Home","item":"https:\/\/asalsports.org\/"},{"@type":"ListItem","position":2,"name":"Shop","item":"https:\/\/asalsports.org\/about\/shop\/"},{"@type":"ListItem","position":3,"name":"NCAA University placement"}]},{"@type":"WebSite","@id":"https:\/\/asalsports.org\/#website","url":"https:\/\/asalsports.org\/","name":"University Scholarships, International Tournaments & Pro soccer tryouts","description":"NCAA, NAIA, NJCAA University placement service, pro soccer tryouts, International soccer tournaments and video services.","publisher":{"@id":"https:\/\/asalsports.org\/#organization"},"alternateName":"ASAL Sports - Get Scholarships","potentialAction":[{"@type":"SearchAction","target":{"@type":"EntryPoint","urlTemplate":"https:\/\/asalsports.org\/?s={search_term_string}"},"query-input":{"@type":"PropertyValueSpecification","valueRequired":true,"valueName":"search_term_string"}}],"inLanguage":"pt-PT"},{"@type":"Organization","@id":"https:\/\/asalsports.org\/#organization","name":"Asal Sports","url":"https:\/\/asalsports.org\/","logo":{"@type":"ImageObject","inLanguage":"pt-PT","@id":"https:\/\/asalsports.org\/#\/schema\/logo\/image\/","url":"https:\/\/asalsports.org\/wp-content\/uploads\/2024\/01\/ASAL-Logo.png","contentUrl":"https:\/\/asalsports.org\/wp-content\/uploads\/2024\/01\/ASAL-Logo.png","width":2831,"height":1452,"caption":"Asal Sports"},"image":{"@id":"https:\/\/asalsports.org\/#\/schema\/logo\/image\/"},"sameAs":["https:\/\/www.facebook.com\/Asalsports\/","https:\/\/x.com\/ASAL_USA_","https:\/\/www.youtube.com\/channel\/UCd9xaVNDj2LlVHeTpBeBeOQ","https:\/\/www.linkedin.com\/company\/american-student-athlete-logistics","https:\/\/www.instagram.com\/asalsports\/"]}]},"og_availability":"instock","product_availability":"instock","product_retailer_item_id":"NCAA","product_condition":"new"},"_links":{"self":[{"href":"https:\/\/asalsports.org\/pt\/wp-json\/wp\/v2\/product\/3567","targetHints":{"allow":["GET"]}}],"collection":[{"href":"https:\/\/asalsports.org\/pt\/wp-json\/wp\/v2\/product"}],"about":[{"href":"https:\/\/asalsports.org\/pt\/wp-json\/wp\/v2\/types\/product"}],"replies":[{"embeddable":true,"href":"https:\/\/asalsports.org\/pt\/wp-json\/wp\/v2\/comments?post=3567"}],"wp:featuredmedia":[{"embeddable":true,"href":"https:\/\/asalsports.org\/pt\/wp-json\/wp\/v2\/media\/6601"}],"wp:attachment":[{"href":"https:\/\/asalsports.org\/pt\/wp-json\/wp\/v2\/media?parent=3567"}],"wp:term":[{"taxonomy":"product_brand","embeddable":true,"href":"https:\/\/asalsports.org\/pt\/wp-json\/wp\/v2\/product_brand?post=3567"},{"taxonomy":"product_cat","embeddable":true,"href":"https:\/\/asalsports.org\/pt\/wp-json\/wp\/v2\/product_cat?post=3567"},{"taxonomy":"product_tag","embeddable":true,"href":"https:\/\/asalsports.org\/pt\/wp-json\/wp\/v2\/product_tag?post=3567"}],"curies":[{"name":"wp","href":"https:\/\/api.w.org\/{rel}","templated":true}]}}