{"id":4372,"date":"2022-02-06T21:53:25","date_gmt":"2022-02-06T21:53:25","guid":{"rendered":"https:\/\/asalsports.org\/?post_type=product&#038;p=4372"},"modified":"2024-04-22T20:29:28","modified_gmt":"2024-04-22T20:29:28","slug":"usa-university-sports-tryout-tours","status":"publish","type":"product","link":"https:\/\/asalsports.org\/pt\/produto\/usa-university-sports-tryout-tours\/","title":{"rendered":"Julgamentos e digress\u00f5es nos Estados Unidos"},"content":{"rendered":"<p>O nosso programa de visitas e testes ajuda os atletas a visitarem universidades, programas preparat\u00f3rios, equipas semi-profissionais e a fazerem testes com equipas profissionais para obterem os melhores servi\u00e7os e op\u00e7\u00f5es.  O programa oferece apoio personalizado \u00e0s admiss\u00f5es para ajudar os estudantes-atletas a identificar e garantir um lugar num programa desportivo universit\u00e1rio que corresponda aos seus objectivos e aspira\u00e7\u00f5es.<\/p>\n<p>&nbsp;<\/p>","protected":false},"excerpt":{"rendered":"<p>O nosso programa de visitas e testes ajuda os atletas a visitarem universidades, programas preparat\u00f3rios, equipas semi-profissionais e a fazerem testes com equipas profissionais para obterem os melhores servi\u00e7os e op\u00e7\u00f5es.  O programa oferece apoio personalizado \u00e0s admiss\u00f5es para ajudar os estudantes-atletas a identificar e garantir um lugar num programa desportivo universit\u00e1rio que corresponda aos seus objectivos e aspira\u00e7\u00f5es.<\/p>","protected":false},"featured_media":6957,"comment_status":"open","ping_status":"closed","template":"","meta":{"_acf_changed":false,"_monsterinsights_skip_tracking":false,"_monsterinsights_sitenote_active":false,"_monsterinsights_sitenote_note":"","_monsterinsights_sitenote_category":0,"pgc_sgb_lightbox_settings":""},"product_brand":[],"product_cat":[21],"product_tag":[],"class_list":{"0":"post-4372","1":"product","2":"type-product","3":"status-publish","4":"has-post-thumbnail","6":"product_cat-events","8":"first","9":"instock","10":"taxable","11":"shipping-taxable","12":"purchasable","13":"product-type-variable"},"acf":[],"yoast_head":"<!-- This site is optimized with the Yoast SEO Premium plugin v22.0 (Yoast SEO v27.3) - https:\/\/yoast.com\/product\/yoast-seo-premium-wordpress\/ -->\n<title>USA Tryout &amp; tours - USA University placement, Pro soccer tryouts &amp; International Tournaments<\/title>\n<meta name=\"description\" content=\"ASAL&#039;s Pro Tryout and University Tours in the USA - the ultimate soccer experience for ambitious players. Showcase your skills, secure placements, and connect with pro teams. Go for it!\" \/>\n<meta name=\"robots\" content=\"index, follow, max-snippet:-1, max-image-preview:large, max-video-preview:-1\" \/>\n<link rel=\"canonical\" href=\"https:\/\/asalsports.org\/pt\/produto\/usa-university-sports-tryout-tours\/\" \/>\n<meta property=\"og:locale\" content=\"pt_PT\" \/>\n<meta property=\"og:type\" content=\"article\" \/>\n<meta property=\"og:title\" content=\"USA Tryout &amp; tours\" \/>\n<meta property=\"og:description\" content=\"ASAL&#039;s Pro Tryout and University Tours in the USA - the ultimate soccer experience for ambitious players. Showcase your skills, secure placements, and connect with pro teams. Go for it!\" \/>\n<meta property=\"og:url\" content=\"https:\/\/asalsports.org\/pt\/produto\/usa-university-sports-tryout-tours\/\" \/>\n<meta property=\"og:site_name\" content=\"USA University placement, Pro soccer tryouts &amp; International Tournaments\" \/>\n<meta property=\"article:publisher\" content=\"https:\/\/www.facebook.com\/Asalsports\/\" \/>\n<meta property=\"article:modified_time\" content=\"2024-04-22T20:29:28+00:00\" \/>\n<meta property=\"og:image\" content=\"https:\/\/asalsports.org\/wp-content\/uploads\/2024\/01\/USA-TRYOUTS-AND-TOUR.jpg\" \/>\n\t<meta property=\"og:image:width\" content=\"1080\" \/>\n\t<meta property=\"og:image:height\" content=\"1080\" \/>\n\t<meta property=\"og:image:type\" content=\"image\/jpeg\" \/>\n<meta name=\"twitter:card\" content=\"summary_large_image\" \/>\n<meta name=\"twitter:site\" content=\"@ASAL_USA_\" \/>\n<meta name=\"twitter:label1\" content=\"Disponibilidade\" \/>\n\t<meta name=\"twitter:data1\" content=\"Em stock\" \/>\n<script type=\"application\/ld+json\" class=\"yoast-schema-graph\">{\"@context\":\"https:\\\/\\\/schema.org\",\"@graph\":[{\"@type\":\"WebPage\",\"@id\":\"https:\\\/\\\/asalsports.org\\\/product\\\/usa-university-sports-tryout-tours\\\/\",\"url\":\"https:\\\/\\\/asalsports.org\\\/product\\\/usa-university-sports-tryout-tours\\\/\",\"name\":\"USA Tryout & tours - USA University placement, Pro soccer tryouts &amp; International Tournaments\",\"isPartOf\":{\"@id\":\"https:\\\/\\\/asalsports.org\\\/#website\"},\"primaryImageOfPage\":{\"@id\":\"https:\\\/\\\/asalsports.org\\\/product\\\/usa-university-sports-tryout-tours\\\/#primaryimage\"},\"image\":{\"@id\":\"https:\\\/\\\/asalsports.org\\\/product\\\/usa-university-sports-tryout-tours\\\/#primaryimage\"},\"thumbnailUrl\":\"https:\\\/\\\/asalsports.org\\\/wp-content\\\/uploads\\\/2024\\\/01\\\/USA-TRYOUTS-AND-TOUR.jpg\",\"datePublished\":\"2022-02-06T21:53:25+00:00\",\"dateModified\":\"2024-04-22T20:29:28+00:00\",\"description\":\"ASAL's Pro Tryout and University Tours in the USA - the ultimate soccer experience for ambitious players. Showcase your skills, secure placements, and connect with pro teams. Go for it!\",\"breadcrumb\":{\"@id\":\"https:\\\/\\\/asalsports.org\\\/product\\\/usa-university-sports-tryout-tours\\\/#breadcrumb\"},\"inLanguage\":\"pt-PT\",\"potentialAction\":[{\"@type\":\"ReadAction\",\"target\":[\"https:\\\/\\\/asalsports.org\\\/product\\\/usa-university-sports-tryout-tours\\\/\"]}]},{\"@type\":\"ImageObject\",\"inLanguage\":\"pt-PT\",\"@id\":\"https:\\\/\\\/asalsports.org\\\/product\\\/usa-university-sports-tryout-tours\\\/#primaryimage\",\"url\":\"https:\\\/\\\/asalsports.org\\\/wp-content\\\/uploads\\\/2024\\\/01\\\/USA-TRYOUTS-AND-TOUR.jpg\",\"contentUrl\":\"https:\\\/\\\/asalsports.org\\\/wp-content\\\/uploads\\\/2024\\\/01\\\/USA-TRYOUTS-AND-TOUR.jpg\",\"width\":1080,\"height\":1080},{\"@type\":\"BreadcrumbList\",\"@id\":\"https:\\\/\\\/asalsports.org\\\/product\\\/usa-university-sports-tryout-tours\\\/#breadcrumb\",\"itemListElement\":[{\"@type\":\"ListItem\",\"position\":1,\"name\":\"Home\",\"item\":\"https:\\\/\\\/asalsports.org\\\/\"},{\"@type\":\"ListItem\",\"position\":2,\"name\":\"Shop\",\"item\":\"https:\\\/\\\/asalsports.org\\\/about\\\/shop\\\/\"},{\"@type\":\"ListItem\",\"position\":3,\"name\":\"USA Tryout &#038; tours\"}]},{\"@type\":\"WebSite\",\"@id\":\"https:\\\/\\\/asalsports.org\\\/#website\",\"url\":\"https:\\\/\\\/asalsports.org\\\/\",\"name\":\"University Scholarships, International Tournaments & Pro soccer tryouts\",\"description\":\"NCAA, NAIA, NJCAA University placement service, pro soccer tryouts, International soccer tournaments and video services.\",\"publisher\":{\"@id\":\"https:\\\/\\\/asalsports.org\\\/#organization\"},\"alternateName\":\"ASAL Sports - Get Scholarships\",\"potentialAction\":[{\"@type\":\"SearchAction\",\"target\":{\"@type\":\"EntryPoint\",\"urlTemplate\":\"https:\\\/\\\/asalsports.org\\\/?s={search_term_string}\"},\"query-input\":{\"@type\":\"PropertyValueSpecification\",\"valueRequired\":true,\"valueName\":\"search_term_string\"}}],\"inLanguage\":\"pt-PT\"},{\"@type\":\"Organization\",\"@id\":\"https:\\\/\\\/asalsports.org\\\/#organization\",\"name\":\"Asal Sports\",\"url\":\"https:\\\/\\\/asalsports.org\\\/\",\"logo\":{\"@type\":\"ImageObject\",\"inLanguage\":\"pt-PT\",\"@id\":\"https:\\\/\\\/asalsports.org\\\/#\\\/schema\\\/logo\\\/image\\\/\",\"url\":\"https:\\\/\\\/asalsports.org\\\/wp-content\\\/uploads\\\/2024\\\/01\\\/ASAL-Logo.png\",\"contentUrl\":\"https:\\\/\\\/asalsports.org\\\/wp-content\\\/uploads\\\/2024\\\/01\\\/ASAL-Logo.png\",\"width\":2831,\"height\":1452,\"caption\":\"Asal Sports\"},\"image\":{\"@id\":\"https:\\\/\\\/asalsports.org\\\/#\\\/schema\\\/logo\\\/image\\\/\"},\"sameAs\":[\"https:\\\/\\\/www.facebook.com\\\/Asalsports\\\/\",\"https:\\\/\\\/x.com\\\/ASAL_USA_\",\"https:\\\/\\\/www.youtube.com\\\/channel\\\/UCd9xaVNDj2LlVHeTpBeBeOQ\",\"https:\\\/\\\/www.linkedin.com\\\/company\\\/american-student-athlete-logistics\",\"https:\\\/\\\/www.instagram.com\\\/asalsports\\\/\"]}]}<\/script>\n<meta property=\"og:availability\" content=\"instock\" \/>\n<meta property=\"product:availability\" content=\"instock\" \/>\n<meta property=\"product:retailer_item_id\" content=\"UniversityTours\" \/>\n<meta property=\"product:condition\" content=\"new\" \/>\n<!-- \/ Yoast SEO Premium plugin. -->","yoast_head_json":{"title":"USA Tryout & tours - USA University placement, Pro soccer tryouts &amp; International Tournaments","description":"ASAL's Pro Tryout and University Tours in the USA - the ultimate soccer experience for ambitious players. Showcase your skills, secure placements, and connect with pro teams. Go for it!","robots":{"index":"index","follow":"follow","max-snippet":"max-snippet:-1","max-image-preview":"max-image-preview:large","max-video-preview":"max-video-preview:-1"},"canonical":"https:\/\/asalsports.org\/pt\/produto\/usa-university-sports-tryout-tours\/","og_locale":"pt_PT","og_type":"article","og_title":"USA Tryout & tours","og_description":"ASAL's Pro Tryout and University Tours in the USA - the ultimate soccer experience for ambitious players. Showcase your skills, secure placements, and connect with pro teams. Go for it!","og_url":"https:\/\/asalsports.org\/pt\/produto\/usa-university-sports-tryout-tours\/","og_site_name":"USA University placement, Pro soccer tryouts &amp; International Tournaments","article_publisher":"https:\/\/www.facebook.com\/Asalsports\/","article_modified_time":"2024-04-22T20:29:28+00:00","og_image":[{"width":1080,"height":1080,"url":"https:\/\/asalsports.org\/wp-content\/uploads\/2024\/01\/USA-TRYOUTS-AND-TOUR.jpg","type":"image\/jpeg"}],"twitter_card":"summary_large_image","twitter_site":"@ASAL_USA_","twitter_misc":{"Disponibilidade":"Em stock"},"schema":{"@context":"https:\/\/schema.org","@graph":[{"@type":"WebPage","@id":"https:\/\/asalsports.org\/product\/usa-university-sports-tryout-tours\/","url":"https:\/\/asalsports.org\/product\/usa-university-sports-tryout-tours\/","name":"USA Tryout & tours - USA University placement, Pro soccer tryouts &amp; International Tournaments","isPartOf":{"@id":"https:\/\/asalsports.org\/#website"},"primaryImageOfPage":{"@id":"https:\/\/asalsports.org\/product\/usa-university-sports-tryout-tours\/#primaryimage"},"image":{"@id":"https:\/\/asalsports.org\/product\/usa-university-sports-tryout-tours\/#primaryimage"},"thumbnailUrl":"https:\/\/asalsports.org\/wp-content\/uploads\/2024\/01\/USA-TRYOUTS-AND-TOUR.jpg","datePublished":"2022-02-06T21:53:25+00:00","dateModified":"2024-04-22T20:29:28+00:00","description":"ASAL's Pro Tryout and University Tours in the USA - the ultimate soccer experience for ambitious players. Showcase your skills, secure placements, and connect with pro teams. Go for it!","breadcrumb":{"@id":"https:\/\/asalsports.org\/product\/usa-university-sports-tryout-tours\/#breadcrumb"},"inLanguage":"pt-PT","potentialAction":[{"@type":"ReadAction","target":["https:\/\/asalsports.org\/product\/usa-university-sports-tryout-tours\/"]}]},{"@type":"ImageObject","inLanguage":"pt-PT","@id":"https:\/\/asalsports.org\/product\/usa-university-sports-tryout-tours\/#primaryimage","url":"https:\/\/asalsports.org\/wp-content\/uploads\/2024\/01\/USA-TRYOUTS-AND-TOUR.jpg","contentUrl":"https:\/\/asalsports.org\/wp-content\/uploads\/2024\/01\/USA-TRYOUTS-AND-TOUR.jpg","width":1080,"height":1080},{"@type":"BreadcrumbList","@id":"https:\/\/asalsports.org\/product\/usa-university-sports-tryout-tours\/#breadcrumb","itemListElement":[{"@type":"ListItem","position":1,"name":"Home","item":"https:\/\/asalsports.org\/"},{"@type":"ListItem","position":2,"name":"Shop","item":"https:\/\/asalsports.org\/about\/shop\/"},{"@type":"ListItem","position":3,"name":"USA Tryout &#038; tours"}]},{"@type":"WebSite","@id":"https:\/\/asalsports.org\/#website","url":"https:\/\/asalsports.org\/","name":"University Scholarships, International Tournaments & Pro soccer tryouts","description":"NCAA, NAIA, NJCAA University placement service, pro soccer tryouts, International soccer tournaments and video services.","publisher":{"@id":"https:\/\/asalsports.org\/#organization"},"alternateName":"ASAL Sports - Get Scholarships","potentialAction":[{"@type":"SearchAction","target":{"@type":"EntryPoint","urlTemplate":"https:\/\/asalsports.org\/?s={search_term_string}"},"query-input":{"@type":"PropertyValueSpecification","valueRequired":true,"valueName":"search_term_string"}}],"inLanguage":"pt-PT"},{"@type":"Organization","@id":"https:\/\/asalsports.org\/#organization","name":"Asal Sports","url":"https:\/\/asalsports.org\/","logo":{"@type":"ImageObject","inLanguage":"pt-PT","@id":"https:\/\/asalsports.org\/#\/schema\/logo\/image\/","url":"https:\/\/asalsports.org\/wp-content\/uploads\/2024\/01\/ASAL-Logo.png","contentUrl":"https:\/\/asalsports.org\/wp-content\/uploads\/2024\/01\/ASAL-Logo.png","width":2831,"height":1452,"caption":"Asal Sports"},"image":{"@id":"https:\/\/asalsports.org\/#\/schema\/logo\/image\/"},"sameAs":["https:\/\/www.facebook.com\/Asalsports\/","https:\/\/x.com\/ASAL_USA_","https:\/\/www.youtube.com\/channel\/UCd9xaVNDj2LlVHeTpBeBeOQ","https:\/\/www.linkedin.com\/company\/american-student-athlete-logistics","https:\/\/www.instagram.com\/asalsports\/"]}]},"og_availability":"instock","product_availability":"instock","product_retailer_item_id":"UniversityTours","product_condition":"new"},"_links":{"self":[{"href":"https:\/\/asalsports.org\/pt\/wp-json\/wp\/v2\/product\/4372","targetHints":{"allow":["GET"]}}],"collection":[{"href":"https:\/\/asalsports.org\/pt\/wp-json\/wp\/v2\/product"}],"about":[{"href":"https:\/\/asalsports.org\/pt\/wp-json\/wp\/v2\/types\/product"}],"replies":[{"embeddable":true,"href":"https:\/\/asalsports.org\/pt\/wp-json\/wp\/v2\/comments?post=4372"}],"wp:featuredmedia":[{"embeddable":true,"href":"https:\/\/asalsports.org\/pt\/wp-json\/wp\/v2\/media\/6957"}],"wp:attachment":[{"href":"https:\/\/asalsports.org\/pt\/wp-json\/wp\/v2\/media?parent=4372"}],"wp:term":[{"taxonomy":"product_brand","embeddable":true,"href":"https:\/\/asalsports.org\/pt\/wp-json\/wp\/v2\/product_brand?post=4372"},{"taxonomy":"product_cat","embeddable":true,"href":"https:\/\/asalsports.org\/pt\/wp-json\/wp\/v2\/product_cat?post=4372"},{"taxonomy":"product_tag","embeddable":true,"href":"https:\/\/asalsports.org\/pt\/wp-json\/wp\/v2\/product_tag?post=4372"}],"curies":[{"name":"wp","href":"https:\/\/api.w.org\/{rel}","templated":true}]}}