{"id":466,"date":"2019-03-21T22:32:21","date_gmt":"2019-03-21T22:32:21","guid":{"rendered":"http:\/\/new.asalsports.org\/?post_type=product&#038;p=466"},"modified":"2024-03-04T02:39:17","modified_gmt":"2024-03-04T02:39:17","slug":"njca-university-placement","status":"publish","type":"product","link":"https:\/\/asalsports.org\/pt\/produto\/njca-university-placement\/","title":{"rendered":"NJCAA Plus"},"content":{"rendered":"<p><b>\ud83d\udce6 NJCAA, USCAA, CCCAA, NCCAA, NWAC, and ACHA Packages<\/b><\/p>\n<p><span style=\"font-weight: 400;\">\ud83e\udd49 1-Month Package &#8211; $200<\/span><\/p>\n<p><span style=\"font-weight: 400;\">\ud83e\udd48 3-Month Package &#8211; $400<\/span><\/p>\n<p><span style=\"font-weight: 400;\">\ud83e\udd47 6-Month Package &#8211; $600<\/span><\/p>\n<p><b>\ud83d\udcda Avalia\u00e7\u00e3o da elegibilidade e educa\u00e7\u00e3o : <\/b><span style=\"font-weight: 400;\">Os nossos especialistas gui\u00e1-lo-\u00e3o atrav\u00e9s dos requisitos espec\u00edficos da NJCAA, certificando-se de que cumpre todos os crit\u00e9rios de transfer\u00eancia.<\/span><\/p>\n<p><b>\ud83e\udd1d Redes : <\/b><span style=\"font-weight: 400;\">Ligue-se a treinadores experientes, agentes e programas l\u00edderes, enquanto expande as suas oportunidades e rela\u00e7\u00f5es.<\/span><\/p>\n<p><b>\ud83d\udcb0 NIL &amp; Negocia\u00e7\u00e3o de subven\u00e7\u00f5es : <\/b><span style=\"font-weight: 400;\">Com a nossa ajuda, pode facilmente obter ofertas de bolsas de estudo impressionantes e navegar no mundo do nome, imagem e semelhan\u00e7a (NIL).<\/span><\/p>\n<p><span style=\"font-weight: 400;\">We offer tailored services and competitive pricing to simplify the journey to university recruitment. Your future is full of opportunities, and we&#8217;re here to help you seize them! <\/span><\/p>\n<p><span style=\"font-weight: 400;\">\ud83c\udf93\ud83c\udfc6<\/span><span style=\"font-weight: 400;\">\u00a0#ASALSports #NJCAAPlacementExperts #Universityscholarship #NJCAAscholarships #Scholarships\u00a0 #GetInTheGame #USCAA #CCCAA #NWAC #ACHA <\/span><\/p>","protected":false},"excerpt":{"rendered":"<p><span style=\"font-weight: 400;\">Os nossos servi\u00e7os de coloca\u00e7\u00e3o em faculdades ajudam os estudantes-atletas a serem admitidos nos programas desportivos das faculdades NJCAA, USCAA, CCCAA, NCCAA, NWAC e ACHA, ao mesmo tempo que asseguram bolsas de estudo e acordos NIL em todos os Estados Unidos.<\/span><\/p>","protected":false},"featured_media":6610,"comment_status":"open","ping_status":"closed","template":"","meta":{"_acf_changed":false,"_monsterinsights_skip_tracking":false,"_monsterinsights_sitenote_active":false,"_monsterinsights_sitenote_note":"","_monsterinsights_sitenote_category":0,"pgc_sgb_lightbox_settings":""},"product_brand":[],"product_cat":[19],"product_tag":[437,35,44,430,433,438,38,41,42,378,34,53,52,51,40,420,436,36,43],"class_list":{"0":"post-466","1":"product","2":"type-product","3":"status-publish","4":"has-post-thumbnail","6":"product_cat-ncaa-naia-njcaa","7":"product_tag-cccaa","8":"product_tag-mens-pro-soccer-tryouts","9":"product_tag-mens-soccer","10":"product_tag-naia-mens-soccer","11":"product_tag-naia-womens-soccer","12":"product_tag-nccaa","13":"product_tag-njcaa","14":"product_tag-scholarships","15":"product_tag-soccer","16":"product_tag-soccer-id-camp","17":"product_tag-soccer-tryouts","18":"product_tag-u17-soccer","19":"product_tag-u18-soccer","20":"product_tag-u19-soccer","21":"product_tag-university-placement","22":"product_tag-university-scholarships","23":"product_tag-uscaa-soccer","24":"product_tag-womens-pro-soccer-tryouts","25":"product_tag-womens-soccer","26":"product_shipping_class-free-shipping","28":"first","29":"instock","30":"taxable","31":"shipping-taxable","32":"purchasable","33":"product-type-variable"},"acf":[],"yoast_head":"<!-- This site is optimized with the Yoast SEO Premium plugin v22.0 (Yoast SEO v27.3) - https:\/\/yoast.com\/product\/yoast-seo-premium-wordpress\/ -->\n<title>NJCAA - National Junior College Athletic Association<\/title>\n<meta name=\"description\" content=\"Boost your athletic career with our comprehensive University packages. Get access to NJCAA, CCCAA, NCCAA, USCAA, NWAC, and ACHA programs. Upgrade now!\" \/>\n<meta name=\"robots\" content=\"index, follow, max-snippet:-1, max-image-preview:large, max-video-preview:-1\" \/>\n<link rel=\"canonical\" href=\"https:\/\/asalsports.org\/pt\/produto\/njca-university-placement\/\" \/>\n<meta property=\"og:locale\" content=\"pt_PT\" \/>\n<meta property=\"og:type\" content=\"article\" \/>\n<meta property=\"og:title\" content=\"NJCAA - National Junior College Athletic Association\" \/>\n<meta property=\"og:description\" content=\"ASAL The lead Scouting Agency for University placement for student-athletes within the NJCAA - National Junior College Athletic Association\" \/>\n<meta property=\"og:url\" content=\"https:\/\/asalsports.org\/pt\/produto\/njca-university-placement\/\" \/>\n<meta property=\"og:site_name\" content=\"USA University placement, Pro soccer tryouts &amp; International Tournaments\" \/>\n<meta property=\"article:publisher\" content=\"https:\/\/www.facebook.com\/Asalsports\/\" \/>\n<meta property=\"article:modified_time\" content=\"2024-03-04T02:39:17+00:00\" \/>\n<meta property=\"og:image\" content=\"https:\/\/asalsports.org\/wp-content\/uploads\/2020\/12\/Soccer-700x525-1-e1608788541233.png\" \/>\n\t<meta property=\"og:image:width\" content=\"300\" \/>\n\t<meta property=\"og:image:height\" content=\"225\" \/>\n\t<meta property=\"og:image:type\" content=\"image\/png\" \/>\n<meta name=\"twitter:card\" content=\"summary_large_image\" \/>\n<meta name=\"twitter:title\" content=\"NJCAA - National Junior College Athletic Association\" \/>\n<meta name=\"twitter:description\" content=\"ASAL The lead Scouting Agency for University placement for student-athletes within the NJCAA - National Junior College Athletic Association\" \/>\n<meta name=\"twitter:site\" content=\"@ASAL_USA_\" \/>\n<meta name=\"twitter:label1\" content=\"Disponibilidade\" \/>\n\t<meta name=\"twitter:data1\" content=\"Em stock\" \/>\n<script type=\"application\/ld+json\" class=\"yoast-schema-graph\">{\"@context\":\"https:\\\/\\\/schema.org\",\"@graph\":[{\"@type\":\"WebPage\",\"@id\":\"https:\\\/\\\/asalsports.org\\\/product\\\/njca-university-placement\\\/\",\"url\":\"https:\\\/\\\/asalsports.org\\\/product\\\/njca-university-placement\\\/\",\"name\":\"NJCAA - National Junior College Athletic Association\",\"isPartOf\":{\"@id\":\"https:\\\/\\\/asalsports.org\\\/#website\"},\"primaryImageOfPage\":{\"@id\":\"https:\\\/\\\/asalsports.org\\\/product\\\/njca-university-placement\\\/#primaryimage\"},\"image\":{\"@id\":\"https:\\\/\\\/asalsports.org\\\/product\\\/njca-university-placement\\\/#primaryimage\"},\"thumbnailUrl\":\"https:\\\/\\\/asalsports.org\\\/wp-content\\\/uploads\\\/2019\\\/03\\\/3.jpg\",\"datePublished\":\"2019-03-21T22:32:21+00:00\",\"dateModified\":\"2024-03-04T02:39:17+00:00\",\"description\":\"Boost your athletic career with our comprehensive University packages. Get access to NJCAA, CCCAA, NCCAA, USCAA, NWAC, and ACHA programs. Upgrade now!\",\"breadcrumb\":{\"@id\":\"https:\\\/\\\/asalsports.org\\\/product\\\/njca-university-placement\\\/#breadcrumb\"},\"inLanguage\":\"pt-PT\",\"potentialAction\":[{\"@type\":\"ReadAction\",\"target\":[\"https:\\\/\\\/asalsports.org\\\/product\\\/njca-university-placement\\\/\"]}]},{\"@type\":\"ImageObject\",\"inLanguage\":\"pt-PT\",\"@id\":\"https:\\\/\\\/asalsports.org\\\/product\\\/njca-university-placement\\\/#primaryimage\",\"url\":\"https:\\\/\\\/asalsports.org\\\/wp-content\\\/uploads\\\/2019\\\/03\\\/3.jpg\",\"contentUrl\":\"https:\\\/\\\/asalsports.org\\\/wp-content\\\/uploads\\\/2019\\\/03\\\/3.jpg\",\"width\":1080,\"height\":1080},{\"@type\":\"BreadcrumbList\",\"@id\":\"https:\\\/\\\/asalsports.org\\\/product\\\/njca-university-placement\\\/#breadcrumb\",\"itemListElement\":[{\"@type\":\"ListItem\",\"position\":1,\"name\":\"Home\",\"item\":\"https:\\\/\\\/asalsports.org\\\/\"},{\"@type\":\"ListItem\",\"position\":2,\"name\":\"Shop\",\"item\":\"https:\\\/\\\/asalsports.org\\\/about\\\/shop\\\/\"},{\"@type\":\"ListItem\",\"position\":3,\"name\":\"NJCAA Plus\"}]},{\"@type\":\"WebSite\",\"@id\":\"https:\\\/\\\/asalsports.org\\\/#website\",\"url\":\"https:\\\/\\\/asalsports.org\\\/\",\"name\":\"University Scholarships, International Tournaments & Pro soccer tryouts\",\"description\":\"NCAA, NAIA, NJCAA University placement service, pro soccer tryouts, International soccer tournaments and video services.\",\"publisher\":{\"@id\":\"https:\\\/\\\/asalsports.org\\\/#organization\"},\"alternateName\":\"ASAL Sports - Get Scholarships\",\"potentialAction\":[{\"@type\":\"SearchAction\",\"target\":{\"@type\":\"EntryPoint\",\"urlTemplate\":\"https:\\\/\\\/asalsports.org\\\/?s={search_term_string}\"},\"query-input\":{\"@type\":\"PropertyValueSpecification\",\"valueRequired\":true,\"valueName\":\"search_term_string\"}}],\"inLanguage\":\"pt-PT\"},{\"@type\":\"Organization\",\"@id\":\"https:\\\/\\\/asalsports.org\\\/#organization\",\"name\":\"Asal Sports\",\"url\":\"https:\\\/\\\/asalsports.org\\\/\",\"logo\":{\"@type\":\"ImageObject\",\"inLanguage\":\"pt-PT\",\"@id\":\"https:\\\/\\\/asalsports.org\\\/#\\\/schema\\\/logo\\\/image\\\/\",\"url\":\"https:\\\/\\\/asalsports.org\\\/wp-content\\\/uploads\\\/2024\\\/01\\\/ASAL-Logo.png\",\"contentUrl\":\"https:\\\/\\\/asalsports.org\\\/wp-content\\\/uploads\\\/2024\\\/01\\\/ASAL-Logo.png\",\"width\":2831,\"height\":1452,\"caption\":\"Asal Sports\"},\"image\":{\"@id\":\"https:\\\/\\\/asalsports.org\\\/#\\\/schema\\\/logo\\\/image\\\/\"},\"sameAs\":[\"https:\\\/\\\/www.facebook.com\\\/Asalsports\\\/\",\"https:\\\/\\\/x.com\\\/ASAL_USA_\",\"https:\\\/\\\/www.youtube.com\\\/channel\\\/UCd9xaVNDj2LlVHeTpBeBeOQ\",\"https:\\\/\\\/www.linkedin.com\\\/company\\\/american-student-athlete-logistics\",\"https:\\\/\\\/www.instagram.com\\\/asalsports\\\/\"]}]}<\/script>\n<meta property=\"og:availability\" content=\"instock\" \/>\n<meta property=\"product:availability\" content=\"instock\" \/>\n<meta property=\"product:retailer_item_id\" content=\"NJCAA\" \/>\n<meta property=\"product:condition\" content=\"new\" \/>\n<!-- \/ Yoast SEO Premium plugin. -->","yoast_head_json":{"title":"NJCAA - National Junior College Athletic Association","description":"Boost your athletic career with our comprehensive University packages. Get access to NJCAA, CCCAA, NCCAA, USCAA, NWAC, and ACHA programs. Upgrade now!","robots":{"index":"index","follow":"follow","max-snippet":"max-snippet:-1","max-image-preview":"max-image-preview:large","max-video-preview":"max-video-preview:-1"},"canonical":"https:\/\/asalsports.org\/pt\/produto\/njca-university-placement\/","og_locale":"pt_PT","og_type":"article","og_title":"NJCAA - National Junior College Athletic Association","og_description":"ASAL The lead Scouting Agency for University placement for student-athletes within the NJCAA - National Junior College Athletic Association","og_url":"https:\/\/asalsports.org\/pt\/produto\/njca-university-placement\/","og_site_name":"USA University placement, Pro soccer tryouts &amp; International Tournaments","article_publisher":"https:\/\/www.facebook.com\/Asalsports\/","article_modified_time":"2024-03-04T02:39:17+00:00","og_image":[{"width":300,"height":225,"url":"https:\/\/asalsports.org\/wp-content\/uploads\/2020\/12\/Soccer-700x525-1-e1608788541233.png","type":"image\/png"}],"twitter_card":"summary_large_image","twitter_title":"NJCAA - National Junior College Athletic Association","twitter_description":"ASAL The lead Scouting Agency for University placement for student-athletes within the NJCAA - National Junior College Athletic Association","twitter_site":"@ASAL_USA_","twitter_misc":{"Disponibilidade":"Em stock"},"schema":{"@context":"https:\/\/schema.org","@graph":[{"@type":"WebPage","@id":"https:\/\/asalsports.org\/product\/njca-university-placement\/","url":"https:\/\/asalsports.org\/product\/njca-university-placement\/","name":"NJCAA - National Junior College Athletic Association","isPartOf":{"@id":"https:\/\/asalsports.org\/#website"},"primaryImageOfPage":{"@id":"https:\/\/asalsports.org\/product\/njca-university-placement\/#primaryimage"},"image":{"@id":"https:\/\/asalsports.org\/product\/njca-university-placement\/#primaryimage"},"thumbnailUrl":"https:\/\/asalsports.org\/wp-content\/uploads\/2019\/03\/3.jpg","datePublished":"2019-03-21T22:32:21+00:00","dateModified":"2024-03-04T02:39:17+00:00","description":"Boost your athletic career with our comprehensive University packages. Get access to NJCAA, CCCAA, NCCAA, USCAA, NWAC, and ACHA programs. Upgrade now!","breadcrumb":{"@id":"https:\/\/asalsports.org\/product\/njca-university-placement\/#breadcrumb"},"inLanguage":"pt-PT","potentialAction":[{"@type":"ReadAction","target":["https:\/\/asalsports.org\/product\/njca-university-placement\/"]}]},{"@type":"ImageObject","inLanguage":"pt-PT","@id":"https:\/\/asalsports.org\/product\/njca-university-placement\/#primaryimage","url":"https:\/\/asalsports.org\/wp-content\/uploads\/2019\/03\/3.jpg","contentUrl":"https:\/\/asalsports.org\/wp-content\/uploads\/2019\/03\/3.jpg","width":1080,"height":1080},{"@type":"BreadcrumbList","@id":"https:\/\/asalsports.org\/product\/njca-university-placement\/#breadcrumb","itemListElement":[{"@type":"ListItem","position":1,"name":"Home","item":"https:\/\/asalsports.org\/"},{"@type":"ListItem","position":2,"name":"Shop","item":"https:\/\/asalsports.org\/about\/shop\/"},{"@type":"ListItem","position":3,"name":"NJCAA Plus"}]},{"@type":"WebSite","@id":"https:\/\/asalsports.org\/#website","url":"https:\/\/asalsports.org\/","name":"University Scholarships, International Tournaments & Pro soccer tryouts","description":"NCAA, NAIA, NJCAA University placement service, pro soccer tryouts, International soccer tournaments and video services.","publisher":{"@id":"https:\/\/asalsports.org\/#organization"},"alternateName":"ASAL Sports - Get Scholarships","potentialAction":[{"@type":"SearchAction","target":{"@type":"EntryPoint","urlTemplate":"https:\/\/asalsports.org\/?s={search_term_string}"},"query-input":{"@type":"PropertyValueSpecification","valueRequired":true,"valueName":"search_term_string"}}],"inLanguage":"pt-PT"},{"@type":"Organization","@id":"https:\/\/asalsports.org\/#organization","name":"Asal Sports","url":"https:\/\/asalsports.org\/","logo":{"@type":"ImageObject","inLanguage":"pt-PT","@id":"https:\/\/asalsports.org\/#\/schema\/logo\/image\/","url":"https:\/\/asalsports.org\/wp-content\/uploads\/2024\/01\/ASAL-Logo.png","contentUrl":"https:\/\/asalsports.org\/wp-content\/uploads\/2024\/01\/ASAL-Logo.png","width":2831,"height":1452,"caption":"Asal Sports"},"image":{"@id":"https:\/\/asalsports.org\/#\/schema\/logo\/image\/"},"sameAs":["https:\/\/www.facebook.com\/Asalsports\/","https:\/\/x.com\/ASAL_USA_","https:\/\/www.youtube.com\/channel\/UCd9xaVNDj2LlVHeTpBeBeOQ","https:\/\/www.linkedin.com\/company\/american-student-athlete-logistics","https:\/\/www.instagram.com\/asalsports\/"]}]},"og_availability":"instock","product_availability":"instock","product_retailer_item_id":"NJCAA","product_condition":"new"},"_links":{"self":[{"href":"https:\/\/asalsports.org\/pt\/wp-json\/wp\/v2\/product\/466","targetHints":{"allow":["GET"]}}],"collection":[{"href":"https:\/\/asalsports.org\/pt\/wp-json\/wp\/v2\/product"}],"about":[{"href":"https:\/\/asalsports.org\/pt\/wp-json\/wp\/v2\/types\/product"}],"replies":[{"embeddable":true,"href":"https:\/\/asalsports.org\/pt\/wp-json\/wp\/v2\/comments?post=466"}],"wp:featuredmedia":[{"embeddable":true,"href":"https:\/\/asalsports.org\/pt\/wp-json\/wp\/v2\/media\/6610"}],"wp:attachment":[{"href":"https:\/\/asalsports.org\/pt\/wp-json\/wp\/v2\/media?parent=466"}],"wp:term":[{"taxonomy":"product_brand","embeddable":true,"href":"https:\/\/asalsports.org\/pt\/wp-json\/wp\/v2\/product_brand?post=466"},{"taxonomy":"product_cat","embeddable":true,"href":"https:\/\/asalsports.org\/pt\/wp-json\/wp\/v2\/product_cat?post=466"},{"taxonomy":"product_tag","embeddable":true,"href":"https:\/\/asalsports.org\/pt\/wp-json\/wp\/v2\/product_tag?post=466"}],"curies":[{"name":"wp","href":"https:\/\/api.w.org\/{rel}","templated":true}]}}