{"id":467,"date":"2019-03-21T22:33:09","date_gmt":"2019-03-21T22:33:09","guid":{"rendered":"http:\/\/new.asalsports.org\/?post_type=product&#038;p=467"},"modified":"2024-03-11T13:56:57","modified_gmt":"2024-03-11T13:56:57","slug":"naia-university-placement-2","status":"publish","type":"product","link":"https:\/\/asalsports.org\/pt\/produto\/naia-university-placement-2\/","title":{"rendered":"Coloca\u00e7\u00f5es em universidades NAIA"},"content":{"rendered":"<p><b>\ud83d\udce6 NAIA Packages<\/b><\/p>\n<p><span style=\"font-weight: 400;\">\ud83e\udd49 1-Month Package &#8211; $225<\/span><\/p>\n<p><span style=\"font-weight: 400;\">\ud83e\udd48 3-Month Package &#8211; $400<\/span><\/p>\n<p><span style=\"font-weight: 400;\">\ud83e\udd47 6-Month Package &#8211; $700<\/span><\/p>\n<p><b>\ud83c\udfc6 O que oferecemos<\/b><\/p>\n<p><b>\ud83d\udcda Avalia\u00e7\u00e3o da elegibilidade e educa\u00e7\u00e3o : <\/b><span style=\"font-weight: 400;\">Os nossos especialistas gui\u00e1-lo-\u00e3o atrav\u00e9s dos requisitos espec\u00edficos da NJCAA, certificando-se de que cumpre todos os crit\u00e9rios de transfer\u00eancia.<\/span><\/p>\n<p><b>\ud83e\udd1d Redes : <\/b><span style=\"font-weight: 400;\">Ligue-se a treinadores experientes, agentes e programas l\u00edderes, enquanto expande as suas oportunidades e rela\u00e7\u00f5es.<\/span><\/p>\n<p><b>\ud83d\udcb0 NIL &amp; Negocia\u00e7\u00e3o de subven\u00e7\u00f5es : <\/b><span style=\"font-weight: 400;\">Com a nossa ajuda, pode facilmente obter ofertas de bolsas de estudo impressionantes e navegar no mundo do nome, imagem e semelhan\u00e7a (NIL).<\/span><\/p>\n<p><span style=\"font-weight: 400;\">We offer tailored services and competitive pricing to simplify the journey to university recruitment. Your future is full of opportunities, and we&#8217;re here to help you seize them! \ud83c\udf93\ud83c\udfc6<\/span><\/p>\n<p><span style=\"font-weight: 400;\">#ASALSports #NAIA #UniversityPlacement #Scholarships #GetInTheGame #NAIAPlacementExperts #Universityscholarship #NAIAscholarships <\/span><\/p>","protected":false},"excerpt":{"rendered":"<p>Os Servi\u00e7os de Coloca\u00e7\u00e3o em Universidades da ASAL Sports para a NAIA destinam-se a ajudar os estudantes-atletas da NAIA a obter admiss\u00f5es, ofertas de bolsas de estudo e contratos permanentes (NILs) de faculdades e universidades.<\/p>","protected":false},"featured_media":6603,"comment_status":"open","ping_status":"closed","template":"","meta":{"_acf_changed":false,"_monsterinsights_skip_tracking":false,"_monsterinsights_sitenote_active":false,"_monsterinsights_sitenote_note":"","_monsterinsights_sitenote_category":0,"pgc_sgb_lightbox_settings":""},"product_brand":[],"product_cat":[19],"product_tag":[35,44,39,37,33,41,42,378,34,53,52,51,40,420,36,43],"class_list":{"0":"post-467","1":"product","2":"type-product","3":"status-publish","4":"has-post-thumbnail","6":"product_cat-ncaa-naia-njcaa","7":"product_tag-mens-pro-soccer-tryouts","8":"product_tag-mens-soccer","9":"product_tag-naia","10":"product_tag-ncaa","11":"product_tag-pro-tryouts","12":"product_tag-scholarships","13":"product_tag-soccer","14":"product_tag-soccer-id-camp","15":"product_tag-soccer-tryouts","16":"product_tag-u17-soccer","17":"product_tag-u18-soccer","18":"product_tag-u19-soccer","19":"product_tag-university-placement","20":"product_tag-university-scholarships","21":"product_tag-womens-pro-soccer-tryouts","22":"product_tag-womens-soccer","23":"product_shipping_class-free-shipping","25":"first","26":"instock","27":"taxable","28":"shipping-taxable","29":"purchasable","30":"product-type-variable"},"acf":[],"yoast_head":"<!-- This site is optimized with the Yoast SEO Premium plugin v22.0 (Yoast SEO v27.4) - https:\/\/yoast.com\/product\/yoast-seo-premium-wordpress\/ -->\n<title>NAIA - National Association of Intercollegiate Athletics<\/title>\n<meta name=\"description\" content=\"ASAL Sports The lead Scouting Agency for placement Student-Athlete in the NAIA (National Association of Intercollegiate Athletics)\" \/>\n<meta name=\"robots\" content=\"index, follow, max-snippet:-1, max-image-preview:large, max-video-preview:-1\" \/>\n<link rel=\"canonical\" href=\"https:\/\/asalsports.org\/pt\/produto\/naia-university-placement-2\/\" \/>\n<meta property=\"og:locale\" content=\"pt_PT\" \/>\n<meta property=\"og:type\" content=\"article\" \/>\n<meta property=\"og:title\" content=\"NAIA - National Association of Intercollegiate Athletics\" \/>\n<meta property=\"og:description\" content=\"ASAL Sports The lead Scouting Agency for placement Student-Athlete in the NAIA (National Association of Intercollegiate Athletics)\" \/>\n<meta property=\"og:url\" content=\"https:\/\/asalsports.org\/pt\/produto\/naia-university-placement-2\/\" \/>\n<meta property=\"og:site_name\" content=\"USA University placement, Pro soccer tryouts &amp; International Tournaments\" \/>\n<meta property=\"article:publisher\" content=\"https:\/\/www.facebook.com\/Asalsports\/\" \/>\n<meta property=\"article:modified_time\" content=\"2024-03-11T13:56:57+00:00\" \/>\n<meta property=\"og:image\" content=\"https:\/\/asalsports.org\/wp-content\/uploads\/2019\/03\/NAIA-University-Placement.jpg\" \/>\n\t<meta property=\"og:image:width\" content=\"1080\" \/>\n\t<meta property=\"og:image:height\" content=\"1080\" \/>\n\t<meta property=\"og:image:type\" content=\"image\/jpeg\" \/>\n<meta name=\"twitter:card\" content=\"summary_large_image\" \/>\n<meta name=\"twitter:title\" content=\"NAIA - National Association of Intercollegiate Athletics\" \/>\n<meta name=\"twitter:description\" content=\"ASAL Sports The lead Scouting Agency for placement Student-Athlete in the NAIA (National Association of Intercollegiate Athletics)\" \/>\n<meta name=\"twitter:site\" content=\"@ASAL_USA_\" \/>\n<meta name=\"twitter:label1\" content=\"Disponibilidade\" \/>\n\t<meta name=\"twitter:data1\" content=\"Em stock\" \/>\n<script type=\"application\/ld+json\" class=\"yoast-schema-graph\">{\"@context\":\"https:\\\/\\\/schema.org\",\"@graph\":[{\"@type\":\"WebPage\",\"@id\":\"https:\\\/\\\/asalsports.org\\\/product\\\/naia-university-placement-2\\\/\",\"url\":\"https:\\\/\\\/asalsports.org\\\/product\\\/naia-university-placement-2\\\/\",\"name\":\"NAIA - National Association of Intercollegiate Athletics\",\"isPartOf\":{\"@id\":\"https:\\\/\\\/asalsports.org\\\/#website\"},\"primaryImageOfPage\":{\"@id\":\"https:\\\/\\\/asalsports.org\\\/product\\\/naia-university-placement-2\\\/#primaryimage\"},\"image\":{\"@id\":\"https:\\\/\\\/asalsports.org\\\/product\\\/naia-university-placement-2\\\/#primaryimage\"},\"thumbnailUrl\":\"https:\\\/\\\/asalsports.org\\\/wp-content\\\/uploads\\\/2019\\\/03\\\/NAIA-University-Placement.jpg\",\"datePublished\":\"2019-03-21T22:33:09+00:00\",\"dateModified\":\"2024-03-11T13:56:57+00:00\",\"description\":\"ASAL Sports The lead Scouting Agency for placement Student-Athlete in the NAIA (National Association of Intercollegiate Athletics)\",\"breadcrumb\":{\"@id\":\"https:\\\/\\\/asalsports.org\\\/product\\\/naia-university-placement-2\\\/#breadcrumb\"},\"inLanguage\":\"pt-PT\",\"potentialAction\":[{\"@type\":\"ReadAction\",\"target\":[\"https:\\\/\\\/asalsports.org\\\/product\\\/naia-university-placement-2\\\/\"]}]},{\"@type\":\"ImageObject\",\"inLanguage\":\"pt-PT\",\"@id\":\"https:\\\/\\\/asalsports.org\\\/product\\\/naia-university-placement-2\\\/#primaryimage\",\"url\":\"https:\\\/\\\/asalsports.org\\\/wp-content\\\/uploads\\\/2019\\\/03\\\/NAIA-University-Placement.jpg\",\"contentUrl\":\"https:\\\/\\\/asalsports.org\\\/wp-content\\\/uploads\\\/2019\\\/03\\\/NAIA-University-Placement.jpg\",\"width\":1080,\"height\":1080,\"caption\":\"NAIA - National Association of Intercollegiate Athletics\"},{\"@type\":\"BreadcrumbList\",\"@id\":\"https:\\\/\\\/asalsports.org\\\/product\\\/naia-university-placement-2\\\/#breadcrumb\",\"itemListElement\":[{\"@type\":\"ListItem\",\"position\":1,\"name\":\"Home\",\"item\":\"https:\\\/\\\/asalsports.org\\\/\"},{\"@type\":\"ListItem\",\"position\":2,\"name\":\"Shop\",\"item\":\"https:\\\/\\\/asalsports.org\\\/about\\\/shop\\\/\"},{\"@type\":\"ListItem\",\"position\":3,\"name\":\"NAIA University Placement\"}]},{\"@type\":\"WebSite\",\"@id\":\"https:\\\/\\\/asalsports.org\\\/#website\",\"url\":\"https:\\\/\\\/asalsports.org\\\/\",\"name\":\"University Scholarships, International Tournaments & Pro soccer tryouts\",\"description\":\"NCAA, NAIA, NJCAA University placement service, pro soccer tryouts, International soccer tournaments and video services.\",\"publisher\":{\"@id\":\"https:\\\/\\\/asalsports.org\\\/#organization\"},\"alternateName\":\"ASAL Sports - Get Scholarships\",\"potentialAction\":[{\"@type\":\"SearchAction\",\"target\":{\"@type\":\"EntryPoint\",\"urlTemplate\":\"https:\\\/\\\/asalsports.org\\\/?s={search_term_string}\"},\"query-input\":{\"@type\":\"PropertyValueSpecification\",\"valueRequired\":true,\"valueName\":\"search_term_string\"}}],\"inLanguage\":\"pt-PT\"},{\"@type\":\"Organization\",\"@id\":\"https:\\\/\\\/asalsports.org\\\/#organization\",\"name\":\"Asal Sports\",\"url\":\"https:\\\/\\\/asalsports.org\\\/\",\"logo\":{\"@type\":\"ImageObject\",\"inLanguage\":\"pt-PT\",\"@id\":\"https:\\\/\\\/asalsports.org\\\/#\\\/schema\\\/logo\\\/image\\\/\",\"url\":\"https:\\\/\\\/asalsports.org\\\/wp-content\\\/uploads\\\/2024\\\/01\\\/ASAL-Logo.png\",\"contentUrl\":\"https:\\\/\\\/asalsports.org\\\/wp-content\\\/uploads\\\/2024\\\/01\\\/ASAL-Logo.png\",\"width\":2831,\"height\":1452,\"caption\":\"Asal Sports\"},\"image\":{\"@id\":\"https:\\\/\\\/asalsports.org\\\/#\\\/schema\\\/logo\\\/image\\\/\"},\"sameAs\":[\"https:\\\/\\\/www.facebook.com\\\/Asalsports\\\/\",\"https:\\\/\\\/x.com\\\/ASAL_USA_\",\"https:\\\/\\\/www.youtube.com\\\/channel\\\/UCd9xaVNDj2LlVHeTpBeBeOQ\",\"https:\\\/\\\/www.linkedin.com\\\/company\\\/american-student-athlete-logistics\",\"https:\\\/\\\/www.instagram.com\\\/asalsports\\\/\"]}]}<\/script>\n<meta property=\"og:availability\" content=\"instock\" \/>\n<meta property=\"product:availability\" content=\"instock\" \/>\n<meta property=\"product:condition\" content=\"new\" \/>\n<!-- \/ Yoast SEO Premium plugin. -->","yoast_head_json":{"title":"NAIA - National Association of Intercollegiate Athletics","description":"ASAL Sports The lead Scouting Agency for placement Student-Athlete in the NAIA (National Association of Intercollegiate Athletics)","robots":{"index":"index","follow":"follow","max-snippet":"max-snippet:-1","max-image-preview":"max-image-preview:large","max-video-preview":"max-video-preview:-1"},"canonical":"https:\/\/asalsports.org\/pt\/produto\/naia-university-placement-2\/","og_locale":"pt_PT","og_type":"article","og_title":"NAIA - National Association of Intercollegiate Athletics","og_description":"ASAL Sports The lead Scouting Agency for placement Student-Athlete in the NAIA (National Association of Intercollegiate Athletics)","og_url":"https:\/\/asalsports.org\/pt\/produto\/naia-university-placement-2\/","og_site_name":"USA University placement, Pro soccer tryouts &amp; International Tournaments","article_publisher":"https:\/\/www.facebook.com\/Asalsports\/","article_modified_time":"2024-03-11T13:56:57+00:00","og_image":[{"width":1080,"height":1080,"url":"https:\/\/asalsports.org\/wp-content\/uploads\/2019\/03\/NAIA-University-Placement.jpg","type":"image\/jpeg"}],"twitter_card":"summary_large_image","twitter_title":"NAIA - National Association of Intercollegiate Athletics","twitter_description":"ASAL Sports The lead Scouting Agency for placement Student-Athlete in the NAIA (National Association of Intercollegiate Athletics)","twitter_site":"@ASAL_USA_","twitter_misc":{"Disponibilidade":"Em stock"},"schema":{"@context":"https:\/\/schema.org","@graph":[{"@type":"WebPage","@id":"https:\/\/asalsports.org\/product\/naia-university-placement-2\/","url":"https:\/\/asalsports.org\/product\/naia-university-placement-2\/","name":"NAIA - National Association of Intercollegiate Athletics","isPartOf":{"@id":"https:\/\/asalsports.org\/#website"},"primaryImageOfPage":{"@id":"https:\/\/asalsports.org\/product\/naia-university-placement-2\/#primaryimage"},"image":{"@id":"https:\/\/asalsports.org\/product\/naia-university-placement-2\/#primaryimage"},"thumbnailUrl":"https:\/\/asalsports.org\/wp-content\/uploads\/2019\/03\/NAIA-University-Placement.jpg","datePublished":"2019-03-21T22:33:09+00:00","dateModified":"2024-03-11T13:56:57+00:00","description":"ASAL Sports The lead Scouting Agency for placement Student-Athlete in the NAIA (National Association of Intercollegiate Athletics)","breadcrumb":{"@id":"https:\/\/asalsports.org\/product\/naia-university-placement-2\/#breadcrumb"},"inLanguage":"pt-PT","potentialAction":[{"@type":"ReadAction","target":["https:\/\/asalsports.org\/product\/naia-university-placement-2\/"]}]},{"@type":"ImageObject","inLanguage":"pt-PT","@id":"https:\/\/asalsports.org\/product\/naia-university-placement-2\/#primaryimage","url":"https:\/\/asalsports.org\/wp-content\/uploads\/2019\/03\/NAIA-University-Placement.jpg","contentUrl":"https:\/\/asalsports.org\/wp-content\/uploads\/2019\/03\/NAIA-University-Placement.jpg","width":1080,"height":1080,"caption":"NAIA - National Association of Intercollegiate Athletics"},{"@type":"BreadcrumbList","@id":"https:\/\/asalsports.org\/product\/naia-university-placement-2\/#breadcrumb","itemListElement":[{"@type":"ListItem","position":1,"name":"Home","item":"https:\/\/asalsports.org\/"},{"@type":"ListItem","position":2,"name":"Shop","item":"https:\/\/asalsports.org\/about\/shop\/"},{"@type":"ListItem","position":3,"name":"NAIA University Placement"}]},{"@type":"WebSite","@id":"https:\/\/asalsports.org\/#website","url":"https:\/\/asalsports.org\/","name":"University Scholarships, International Tournaments & Pro soccer tryouts","description":"NCAA, NAIA, NJCAA University placement service, pro soccer tryouts, International soccer tournaments and video services.","publisher":{"@id":"https:\/\/asalsports.org\/#organization"},"alternateName":"ASAL Sports - Get Scholarships","potentialAction":[{"@type":"SearchAction","target":{"@type":"EntryPoint","urlTemplate":"https:\/\/asalsports.org\/?s={search_term_string}"},"query-input":{"@type":"PropertyValueSpecification","valueRequired":true,"valueName":"search_term_string"}}],"inLanguage":"pt-PT"},{"@type":"Organization","@id":"https:\/\/asalsports.org\/#organization","name":"Asal Sports","url":"https:\/\/asalsports.org\/","logo":{"@type":"ImageObject","inLanguage":"pt-PT","@id":"https:\/\/asalsports.org\/#\/schema\/logo\/image\/","url":"https:\/\/asalsports.org\/wp-content\/uploads\/2024\/01\/ASAL-Logo.png","contentUrl":"https:\/\/asalsports.org\/wp-content\/uploads\/2024\/01\/ASAL-Logo.png","width":2831,"height":1452,"caption":"Asal Sports"},"image":{"@id":"https:\/\/asalsports.org\/#\/schema\/logo\/image\/"},"sameAs":["https:\/\/www.facebook.com\/Asalsports\/","https:\/\/x.com\/ASAL_USA_","https:\/\/www.youtube.com\/channel\/UCd9xaVNDj2LlVHeTpBeBeOQ","https:\/\/www.linkedin.com\/company\/american-student-athlete-logistics","https:\/\/www.instagram.com\/asalsports\/"]}]},"og_availability":"instock","product_availability":"instock","product_condition":"new"},"_links":{"self":[{"href":"https:\/\/asalsports.org\/pt\/wp-json\/wp\/v2\/product\/467","targetHints":{"allow":["GET"]}}],"collection":[{"href":"https:\/\/asalsports.org\/pt\/wp-json\/wp\/v2\/product"}],"about":[{"href":"https:\/\/asalsports.org\/pt\/wp-json\/wp\/v2\/types\/product"}],"replies":[{"embeddable":true,"href":"https:\/\/asalsports.org\/pt\/wp-json\/wp\/v2\/comments?post=467"}],"wp:featuredmedia":[{"embeddable":true,"href":"https:\/\/asalsports.org\/pt\/wp-json\/wp\/v2\/media\/6603"}],"wp:attachment":[{"href":"https:\/\/asalsports.org\/pt\/wp-json\/wp\/v2\/media?parent=467"}],"wp:term":[{"taxonomy":"product_brand","embeddable":true,"href":"https:\/\/asalsports.org\/pt\/wp-json\/wp\/v2\/product_brand?post=467"},{"taxonomy":"product_cat","embeddable":true,"href":"https:\/\/asalsports.org\/pt\/wp-json\/wp\/v2\/product_cat?post=467"},{"taxonomy":"product_tag","embeddable":true,"href":"https:\/\/asalsports.org\/pt\/wp-json\/wp\/v2\/product_tag?post=467"}],"curies":[{"name":"wp","href":"https:\/\/api.w.org\/{rel}","templated":true}]}}