{"id":5804,"date":"2023-12-27T00:19:07","date_gmt":"2023-12-27T00:19:07","guid":{"rendered":"https:\/\/asalsports.org\/?post_type=product&#038;p=5804"},"modified":"2024-04-22T20:27:24","modified_gmt":"2024-04-22T20:27:24","slug":"asal-soccer-academy-team","status":"publish","type":"product","link":"https:\/\/asalsports.org\/pt\/produto\/asal-soccer-academy-team\/","title":{"rendered":"Academia e equipa de viagens"},"content":{"rendered":"<p>O nosso programa de academia est\u00e1 empenhado em proporcionar aos atletas oportunidades de prosseguirem actividades desportivas acad\u00e9micas ou profissionais.<\/p>","protected":false},"excerpt":{"rendered":"<p>O nosso programa da Academia est\u00e1 empenhado em proporcionar oportunidades aos atletas para prosseguirem a pr\u00e1tica de desportos universit\u00e1rios ou profissionais. Os atletas participam em sess\u00f5es de treino di\u00e1rias para melhorar as suas capacidades t\u00e9cnicas, conhecimentos t\u00e1cticos e aptid\u00e3o f\u00edsica sob a orienta\u00e7\u00e3o de treinadores experientes, fisioterapeutas e nutricionistas. Este evento \u00fanico proporciona aos estudantes-atletas acesso a testes profissionais, programas desportivos universit\u00e1rios, visitas ao campus, assist\u00eancia na admiss\u00e3o e outros recursos valiosos.<\/p>","protected":false},"featured_media":6954,"comment_status":"open","ping_status":"closed","template":"","meta":{"_acf_changed":false,"_monsterinsights_skip_tracking":false,"_monsterinsights_sitenote_active":false,"_monsterinsights_sitenote_note":"","_monsterinsights_sitenote_category":0,"pgc_sgb_lightbox_settings":""},"product_brand":[],"product_cat":[21],"product_tag":[],"class_list":{"0":"post-5804","1":"product","2":"type-product","3":"status-publish","4":"has-post-thumbnail","6":"product_cat-events","8":"first","9":"instock","10":"taxable","11":"shipping-taxable","12":"purchasable","13":"product-type-variable"},"acf":[],"yoast_head":"<!-- This site is optimized with the Yoast SEO Premium plugin v22.0 (Yoast SEO v27.3) - https:\/\/yoast.com\/product\/yoast-seo-premium-wordpress\/ -->\n<title>Academy &amp; Travel Team - USA University placement, Pro soccer tryouts &amp; International Tournaments<\/title>\n<meta name=\"robots\" content=\"index, follow, max-snippet:-1, max-image-preview:large, max-video-preview:-1\" \/>\n<link rel=\"canonical\" href=\"https:\/\/asalsports.org\/pt\/produto\/asal-soccer-academy-team\/\" \/>\n<meta property=\"og:locale\" content=\"pt_PT\" \/>\n<meta property=\"og:type\" content=\"article\" \/>\n<meta property=\"og:title\" content=\"Academy &amp; Travel Team\" \/>\n<meta property=\"og:description\" content=\"Our Academy program is committed to providing opportunities for athletes to pursue university or professional sports. Athletes participate in daily training sessions to enhance their technical skills, tactical knowledge, and physical fitness under the guidance of experienced coaches, physiotherapists, and nutritionists. This unique event provides student-athletes access to professional tryouts, university sports programs, campus tours, admission assistance, and other valuable resources.\" \/>\n<meta property=\"og:url\" content=\"https:\/\/asalsports.org\/pt\/produto\/asal-soccer-academy-team\/\" \/>\n<meta property=\"og:site_name\" content=\"USA University placement, Pro soccer tryouts &amp; International Tournaments\" \/>\n<meta property=\"article:publisher\" content=\"https:\/\/www.facebook.com\/Asalsports\/\" \/>\n<meta property=\"article:modified_time\" content=\"2024-04-22T20:27:24+00:00\" \/>\n<meta property=\"og:image\" content=\"https:\/\/asalsports.org\/wp-content\/uploads\/2024\/01\/ASAL-ID-camp.jpg\" \/>\n\t<meta property=\"og:image:width\" content=\"1080\" \/>\n\t<meta property=\"og:image:height\" content=\"1080\" \/>\n\t<meta property=\"og:image:type\" content=\"image\/jpeg\" \/>\n<meta name=\"twitter:card\" content=\"summary_large_image\" \/>\n<meta name=\"twitter:site\" content=\"@ASAL_USA_\" \/>\n<meta name=\"twitter:label1\" content=\"Disponibilidade\" \/>\n\t<meta name=\"twitter:data1\" content=\"Em stock\" \/>\n<script type=\"application\/ld+json\" class=\"yoast-schema-graph\">{\"@context\":\"https:\\\/\\\/schema.org\",\"@graph\":[{\"@type\":\"WebPage\",\"@id\":\"https:\\\/\\\/asalsports.org\\\/product\\\/asal-soccer-academy-team\\\/\",\"url\":\"https:\\\/\\\/asalsports.org\\\/product\\\/asal-soccer-academy-team\\\/\",\"name\":\"Academy & Travel Team - USA University placement, Pro soccer tryouts &amp; International Tournaments\",\"isPartOf\":{\"@id\":\"https:\\\/\\\/asalsports.org\\\/#website\"},\"primaryImageOfPage\":{\"@id\":\"https:\\\/\\\/asalsports.org\\\/product\\\/asal-soccer-academy-team\\\/#primaryimage\"},\"image\":{\"@id\":\"https:\\\/\\\/asalsports.org\\\/product\\\/asal-soccer-academy-team\\\/#primaryimage\"},\"thumbnailUrl\":\"https:\\\/\\\/asalsports.org\\\/wp-content\\\/uploads\\\/2024\\\/01\\\/ASAL-ID-camp.jpg\",\"datePublished\":\"2023-12-27T00:19:07+00:00\",\"dateModified\":\"2024-04-22T20:27:24+00:00\",\"breadcrumb\":{\"@id\":\"https:\\\/\\\/asalsports.org\\\/product\\\/asal-soccer-academy-team\\\/#breadcrumb\"},\"inLanguage\":\"pt-PT\",\"potentialAction\":[{\"@type\":\"ReadAction\",\"target\":[\"https:\\\/\\\/asalsports.org\\\/product\\\/asal-soccer-academy-team\\\/\"]}]},{\"@type\":\"ImageObject\",\"inLanguage\":\"pt-PT\",\"@id\":\"https:\\\/\\\/asalsports.org\\\/product\\\/asal-soccer-academy-team\\\/#primaryimage\",\"url\":\"https:\\\/\\\/asalsports.org\\\/wp-content\\\/uploads\\\/2024\\\/01\\\/ASAL-ID-camp.jpg\",\"contentUrl\":\"https:\\\/\\\/asalsports.org\\\/wp-content\\\/uploads\\\/2024\\\/01\\\/ASAL-ID-camp.jpg\",\"width\":1080,\"height\":1080},{\"@type\":\"BreadcrumbList\",\"@id\":\"https:\\\/\\\/asalsports.org\\\/product\\\/asal-soccer-academy-team\\\/#breadcrumb\",\"itemListElement\":[{\"@type\":\"ListItem\",\"position\":1,\"name\":\"Home\",\"item\":\"https:\\\/\\\/asalsports.org\\\/\"},{\"@type\":\"ListItem\",\"position\":2,\"name\":\"Shop\",\"item\":\"https:\\\/\\\/asalsports.org\\\/about\\\/shop\\\/\"},{\"@type\":\"ListItem\",\"position\":3,\"name\":\"Academy &#038; Travel Team\"}]},{\"@type\":\"WebSite\",\"@id\":\"https:\\\/\\\/asalsports.org\\\/#website\",\"url\":\"https:\\\/\\\/asalsports.org\\\/\",\"name\":\"University Scholarships, International Tournaments & Pro soccer tryouts\",\"description\":\"NCAA, NAIA, NJCAA University placement service, pro soccer tryouts, International soccer tournaments and video services.\",\"publisher\":{\"@id\":\"https:\\\/\\\/asalsports.org\\\/#organization\"},\"alternateName\":\"ASAL Sports - Get Scholarships\",\"potentialAction\":[{\"@type\":\"SearchAction\",\"target\":{\"@type\":\"EntryPoint\",\"urlTemplate\":\"https:\\\/\\\/asalsports.org\\\/?s={search_term_string}\"},\"query-input\":{\"@type\":\"PropertyValueSpecification\",\"valueRequired\":true,\"valueName\":\"search_term_string\"}}],\"inLanguage\":\"pt-PT\"},{\"@type\":\"Organization\",\"@id\":\"https:\\\/\\\/asalsports.org\\\/#organization\",\"name\":\"Asal Sports\",\"url\":\"https:\\\/\\\/asalsports.org\\\/\",\"logo\":{\"@type\":\"ImageObject\",\"inLanguage\":\"pt-PT\",\"@id\":\"https:\\\/\\\/asalsports.org\\\/#\\\/schema\\\/logo\\\/image\\\/\",\"url\":\"https:\\\/\\\/asalsports.org\\\/wp-content\\\/uploads\\\/2024\\\/01\\\/ASAL-Logo.png\",\"contentUrl\":\"https:\\\/\\\/asalsports.org\\\/wp-content\\\/uploads\\\/2024\\\/01\\\/ASAL-Logo.png\",\"width\":2831,\"height\":1452,\"caption\":\"Asal Sports\"},\"image\":{\"@id\":\"https:\\\/\\\/asalsports.org\\\/#\\\/schema\\\/logo\\\/image\\\/\"},\"sameAs\":[\"https:\\\/\\\/www.facebook.com\\\/Asalsports\\\/\",\"https:\\\/\\\/x.com\\\/ASAL_USA_\",\"https:\\\/\\\/www.youtube.com\\\/channel\\\/UCd9xaVNDj2LlVHeTpBeBeOQ\",\"https:\\\/\\\/www.linkedin.com\\\/company\\\/american-student-athlete-logistics\",\"https:\\\/\\\/www.instagram.com\\\/asalsports\\\/\"]}]}<\/script>\n<meta property=\"og:availability\" content=\"instock\" \/>\n<meta property=\"product:availability\" content=\"instock\" \/>\n<meta property=\"product:condition\" content=\"new\" \/>\n<!-- \/ Yoast SEO Premium plugin. -->","yoast_head_json":{"title":"Academy & Travel Team - USA University placement, Pro soccer tryouts &amp; International Tournaments","robots":{"index":"index","follow":"follow","max-snippet":"max-snippet:-1","max-image-preview":"max-image-preview:large","max-video-preview":"max-video-preview:-1"},"canonical":"https:\/\/asalsports.org\/pt\/produto\/asal-soccer-academy-team\/","og_locale":"pt_PT","og_type":"article","og_title":"Academy & Travel Team","og_description":"Our Academy program is committed to providing opportunities for athletes to pursue university or professional sports. Athletes participate in daily training sessions to enhance their technical skills, tactical knowledge, and physical fitness under the guidance of experienced coaches, physiotherapists, and nutritionists. This unique event provides student-athletes access to professional tryouts, university sports programs, campus tours, admission assistance, and other valuable resources.","og_url":"https:\/\/asalsports.org\/pt\/produto\/asal-soccer-academy-team\/","og_site_name":"USA University placement, Pro soccer tryouts &amp; International Tournaments","article_publisher":"https:\/\/www.facebook.com\/Asalsports\/","article_modified_time":"2024-04-22T20:27:24+00:00","og_image":[{"width":1080,"height":1080,"url":"https:\/\/asalsports.org\/wp-content\/uploads\/2024\/01\/ASAL-ID-camp.jpg","type":"image\/jpeg"}],"twitter_card":"summary_large_image","twitter_site":"@ASAL_USA_","twitter_misc":{"Disponibilidade":"Em stock"},"schema":{"@context":"https:\/\/schema.org","@graph":[{"@type":"WebPage","@id":"https:\/\/asalsports.org\/product\/asal-soccer-academy-team\/","url":"https:\/\/asalsports.org\/product\/asal-soccer-academy-team\/","name":"Academy & Travel Team - USA University placement, Pro soccer tryouts &amp; International Tournaments","isPartOf":{"@id":"https:\/\/asalsports.org\/#website"},"primaryImageOfPage":{"@id":"https:\/\/asalsports.org\/product\/asal-soccer-academy-team\/#primaryimage"},"image":{"@id":"https:\/\/asalsports.org\/product\/asal-soccer-academy-team\/#primaryimage"},"thumbnailUrl":"https:\/\/asalsports.org\/wp-content\/uploads\/2024\/01\/ASAL-ID-camp.jpg","datePublished":"2023-12-27T00:19:07+00:00","dateModified":"2024-04-22T20:27:24+00:00","breadcrumb":{"@id":"https:\/\/asalsports.org\/product\/asal-soccer-academy-team\/#breadcrumb"},"inLanguage":"pt-PT","potentialAction":[{"@type":"ReadAction","target":["https:\/\/asalsports.org\/product\/asal-soccer-academy-team\/"]}]},{"@type":"ImageObject","inLanguage":"pt-PT","@id":"https:\/\/asalsports.org\/product\/asal-soccer-academy-team\/#primaryimage","url":"https:\/\/asalsports.org\/wp-content\/uploads\/2024\/01\/ASAL-ID-camp.jpg","contentUrl":"https:\/\/asalsports.org\/wp-content\/uploads\/2024\/01\/ASAL-ID-camp.jpg","width":1080,"height":1080},{"@type":"BreadcrumbList","@id":"https:\/\/asalsports.org\/product\/asal-soccer-academy-team\/#breadcrumb","itemListElement":[{"@type":"ListItem","position":1,"name":"Home","item":"https:\/\/asalsports.org\/"},{"@type":"ListItem","position":2,"name":"Shop","item":"https:\/\/asalsports.org\/about\/shop\/"},{"@type":"ListItem","position":3,"name":"Academy &#038; Travel Team"}]},{"@type":"WebSite","@id":"https:\/\/asalsports.org\/#website","url":"https:\/\/asalsports.org\/","name":"University Scholarships, International Tournaments & Pro soccer tryouts","description":"NCAA, NAIA, NJCAA University placement service, pro soccer tryouts, International soccer tournaments and video services.","publisher":{"@id":"https:\/\/asalsports.org\/#organization"},"alternateName":"ASAL Sports - Get Scholarships","potentialAction":[{"@type":"SearchAction","target":{"@type":"EntryPoint","urlTemplate":"https:\/\/asalsports.org\/?s={search_term_string}"},"query-input":{"@type":"PropertyValueSpecification","valueRequired":true,"valueName":"search_term_string"}}],"inLanguage":"pt-PT"},{"@type":"Organization","@id":"https:\/\/asalsports.org\/#organization","name":"Asal Sports","url":"https:\/\/asalsports.org\/","logo":{"@type":"ImageObject","inLanguage":"pt-PT","@id":"https:\/\/asalsports.org\/#\/schema\/logo\/image\/","url":"https:\/\/asalsports.org\/wp-content\/uploads\/2024\/01\/ASAL-Logo.png","contentUrl":"https:\/\/asalsports.org\/wp-content\/uploads\/2024\/01\/ASAL-Logo.png","width":2831,"height":1452,"caption":"Asal Sports"},"image":{"@id":"https:\/\/asalsports.org\/#\/schema\/logo\/image\/"},"sameAs":["https:\/\/www.facebook.com\/Asalsports\/","https:\/\/x.com\/ASAL_USA_","https:\/\/www.youtube.com\/channel\/UCd9xaVNDj2LlVHeTpBeBeOQ","https:\/\/www.linkedin.com\/company\/american-student-athlete-logistics","https:\/\/www.instagram.com\/asalsports\/"]}]},"og_availability":"instock","product_availability":"instock","product_condition":"new"},"_links":{"self":[{"href":"https:\/\/asalsports.org\/pt\/wp-json\/wp\/v2\/product\/5804","targetHints":{"allow":["GET"]}}],"collection":[{"href":"https:\/\/asalsports.org\/pt\/wp-json\/wp\/v2\/product"}],"about":[{"href":"https:\/\/asalsports.org\/pt\/wp-json\/wp\/v2\/types\/product"}],"replies":[{"embeddable":true,"href":"https:\/\/asalsports.org\/pt\/wp-json\/wp\/v2\/comments?post=5804"}],"wp:featuredmedia":[{"embeddable":true,"href":"https:\/\/asalsports.org\/pt\/wp-json\/wp\/v2\/media\/6954"}],"wp:attachment":[{"href":"https:\/\/asalsports.org\/pt\/wp-json\/wp\/v2\/media?parent=5804"}],"wp:term":[{"taxonomy":"product_brand","embeddable":true,"href":"https:\/\/asalsports.org\/pt\/wp-json\/wp\/v2\/product_brand?post=5804"},{"taxonomy":"product_cat","embeddable":true,"href":"https:\/\/asalsports.org\/pt\/wp-json\/wp\/v2\/product_cat?post=5804"},{"taxonomy":"product_tag","embeddable":true,"href":"https:\/\/asalsports.org\/pt\/wp-json\/wp\/v2\/product_tag?post=5804"}],"curies":[{"name":"wp","href":"https:\/\/api.w.org\/{rel}","templated":true}]}}